{"id":11733,"date":"2021-04-07T17:53:22","date_gmt":"2021-04-07T17:53:22","guid":{"rendered":"https:\/\/www.my-damas.com\/a-propos-de-nous\/"},"modified":"2023-10-27T19:12:41","modified_gmt":"2023-10-27T19:12:41","slug":"about-us","status":"publish","type":"page","link":"https:\/\/myroyalmarket.com\/fr\/about-us\/","title":{"rendered":"\u00c0 propos de nous"},"content":{"rendered":"<div class=\"wpb-content-wrapper\"><p>[vc_row][vc_column][vc_column_text]Qui sommes-nous?<br \/>\nmyroyalmarket.com est une boutique en ligne qui vend du miel royal de Malaisie, du parfum Oud des \u00c9mirats arabes unis, des appareils \u00e9lectroniques et de nombreux produits alimentaires. myroyalmarket.com a \u00e9t\u00e9 fond\u00e9e et cr\u00e9\u00e9e depuis 2019. Depuis lors, l&rsquo;entreprise se d\u00e9veloppe chaque jour. . Nous nous effor\u00e7ons d&rsquo;\u00eatre l&rsquo;un des meilleurs et des meilleurs myroyalmarket.com.<br \/>\nNotre soci\u00e9t\u00e9 est enregistr\u00e9e en Malaisie sous le nom: MY DAMAS SDN. BHD (1319559-k) et MY DAMAS LTD (14902596) au Royaume-Uni.\u00a0\u00bb<\/p>\n<p>Que vendons-nous?<br \/>\nNous offrons la meilleure qualit\u00e9 de miel royal, de parfum Oud et de nombreux produits sur le march\u00e9 en ligne que vous trouverez difficilement sur le march\u00e9&nbsp;!<\/p>\n<p>Pourquoi nous choisir?<br \/>\nContr\u00f4le de qualit\u00e9<br \/>\nNous vous assurons que notre objectif principal sera la qualit\u00e9 des produits. Nous nous assurerons que les clients obtiennent la meilleure qualit\u00e9 de notre part et nous servons les clients en tant que VIP<\/p>\n<p>Service client amical<br \/>\nNous ne servirons pas les clients avec l&rsquo;attitude du \u00ab&nbsp;parce que c&rsquo;est mon travail&nbsp;\u00bb. Nous veillerons \u00e0 ce que les clients se sentent \u00e0 l&rsquo;aise tout au long de leurs achats. S&rsquo;ils ont besoin de notre assistance lors de leurs achats, nous leur fournirons la meilleure assistance qu&rsquo;ils peuvent trouver en ligne.<\/p>\n<p>Comment nous contacter?<br \/>\nSi vous avez des doutes\/suggestions\/commentaires sur nous, nos produits ou notre site, n&rsquo;h\u00e9sitez pas \u00e0 nous contacter ! Nous pouvons \u00eatre contact\u00e9s via Support@myroyalmarket.com ou appelez-nous au +60176244220. Nous vous r\u00e9pondrons dans les 24 heures.[\/vc_column_text][\/vc_column][\/vc_row]<\/p>\n<\/div>","protected":false},"excerpt":{"rendered":"<p>[vc_row][vc_column][vc_column_text]Qui sommes-nous? myroyalmarket.com est une boutique en ligne qui vend du miel royal de Malaisie, du parfum Oud des \u00c9mirats<\/p>\n","protected":false},"author":8057,"featured_media":0,"parent":0,"menu_order":0,"comment_status":"closed","ping_status":"closed","template":"","meta":{"footnotes":""},"class_list":["post-11733","page","type-page","status-publish","hentry"],"_links":{"self":[{"href":"https:\/\/myroyalmarket.com\/fr\/wp-json\/wp\/v2\/pages\/11733","targetHints":{"allow":["GET"]}}],"collection":[{"href":"https:\/\/myroyalmarket.com\/fr\/wp-json\/wp\/v2\/pages"}],"about":[{"href":"https:\/\/myroyalmarket.com\/fr\/wp-json\/wp\/v2\/types\/page"}],"author":[{"embeddable":true,"href":"https:\/\/myroyalmarket.com\/fr\/wp-json\/wp\/v2\/users\/8057"}],"replies":[{"embeddable":true,"href":"https:\/\/myroyalmarket.com\/fr\/wp-json\/wp\/v2\/comments?post=11733"}],"version-history":[{"count":3,"href":"https:\/\/myroyalmarket.com\/fr\/wp-json\/wp\/v2\/pages\/11733\/revisions"}],"predecessor-version":[{"id":39869,"href":"https:\/\/myroyalmarket.com\/fr\/wp-json\/wp\/v2\/pages\/11733\/revisions\/39869"}],"wp:attachment":[{"href":"https:\/\/myroyalmarket.com\/fr\/wp-json\/wp\/v2\/media?parent=11733"}],"curies":[{"name":"wp","href":"https:\/\/api.w.org\/{rel}","templated":true}]}}