{"id":12092,"date":"2021-04-07T20:39:08","date_gmt":"2021-04-07T20:39:08","guid":{"rendered":"https:\/\/www.my-damas.com\/politique-de-confidentialite\/"},"modified":"2023-10-27T19:19:33","modified_gmt":"2023-10-27T19:19:33","slug":"privacy-policy","status":"publish","type":"page","link":"https:\/\/myroyalmarket.com\/fr\/privacy-policy\/","title":{"rendered":"POLITIQUE DE CONFIDENTIALIT\u00c9"},"content":{"rendered":"<div class=\"site-content col-sm-9\" role=\"main\">\n<article id=\"post-2661\" class=\"post-2661 page type-page status-publish hentry\">\n<div class=\"entry-content\">\n<p><strong>Informations collect\u00e9es<\/strong><br \/>\nNous recueillons uniquement les informations n\u00e9cessaires \u00e0 la proc\u00e9dure d&rsquo;inscription sur notre site Web ou lors du remplissage du formulaire d&rsquo;inscription sur le site. Les informations que nous avons recueillies nous sont <strong>volontairement<\/strong> soumises par les clients. Nous collectons les informations personnelles du client lors de l&rsquo;enregistrement du compte sur notre site.<\/p>\n<p><strong>D\u00e9tails d&rsquo;identification personnelle<\/strong><br \/>\nVos informations d&rsquo;identification personnelles sont utilis\u00e9es pour traiter votre commande de produits, personnaliser l&rsquo;utilisation interne de vos informations de profil avec les exigences l\u00e9gales, mettre \u00e0 jour votre statut d&rsquo;achats en ligne sur notre site, et \u00e9galement pour informer nos clients de nos derni\u00e8res nouvelles sur les mises \u00e0 jour\/modifications, promotions. , et les \u00e9v\u00e9nements.<\/p>\n<p><strong>Confidentialit\u00e9<\/strong><br \/>\nVos informations personnelles, telles que les d\u00e9tails de votre carte de cr\u00e9dit et vos num\u00e9ros de compte bancaire, sont gard\u00e9es <strong>secr\u00e8tes et confidentielles<\/strong> chez nous. Nous ne partagerons jamais aucune de vos donn\u00e9es personnelles avec des tiers. Nos sites appliquent des applications de s\u00e9curit\u00e9 appropri\u00e9es afin de prot\u00e9ger \u00e0 tout moment toutes les informations des clients.<\/p>\n<p><strong>Supprimer vos donn\u00e9es personnelles<\/strong><br \/>\nVous avez le droit de supprimer ou de demander que nous vous aidions \u00e0 supprimer les donn\u00e9es personnelles que nous avons collect\u00e9es \u00e0 votre sujet.<\/p>\n<p>Notre service peut vous donner la possibilit\u00e9 de supprimer certaines informations vous concernant \u00e0 partir du service.<\/p>\n<p>Vous pouvez mettre \u00e0 jour, modifier ou supprimer vos informations \u00e0 tout moment en vous connectant \u00e0 votre compte si vous en avez un et en visitant la section des param\u00e8tres du compte qui vous permet de g\u00e9rer vos informations personnelles. Vous pouvez \u00e9galement nous contacter pour demander l&rsquo;acc\u00e8s, la correction ou la suppression des informations personnelles que vous avez fournies.<\/p>\n<p>Veuillez noter, cependant, que nous pouvons avoir besoin de conserver certaines informations lorsque nous avons une obligation l\u00e9gale ou une base l\u00e9gale pour le faire.<\/p>\n<p><strong>Modifications de notre politique de confidentialit\u00e9<\/strong><\/p>\n<p><strong>My Royal Market<\/strong> a le droit d&rsquo;apporter des modifications\/mises \u00e0 jour au contenu de la <strong>politique de confidentialit\u00e9<\/strong> sans pr\u00e9avis aux clients. Gardez une trace de<strong> Politique de confidentialit\u00e9<\/strong> page sur notre site Web.<\/p>\n<p><strong>S\u00e9curit\u00e9<\/strong><br \/>\nLe site Web de notre entreprise applique des applications de s\u00e9curit\u00e9 appropri\u00e9es afin d&#8217;emp\u00eacher la fuite des informations d&rsquo;identification personnelles des clients par des tiers, la divulgation ill\u00e9gale et les pirates informatiques. Cependant, gardez \u00e0 l&rsquo;esprit que toute information transmise via Internet est<strong> NE PAS<\/strong> 100% garanti s\u00fbr et s\u00e9curis\u00e9.<\/p>\n<\/div>\n<\/article><\/div>\n<aside class=\"sidebar-container col-sm-3 sidebar-right area-sidebar-1\" role=\"complementary\">\n<div class=\"sidebar-inner basel-sidebar-scroll\">\n<div class=\"widget-area basel-sidebar-content\">\n<div id=\"basel-recent-posts-1\" class=\"sidebar-widget basel-recent-posts\"><\/div><\/div><\/div>\n<\/aside>\n","protected":false},"excerpt":{"rendered":"<p>Informations collect\u00e9es Nous recueillons uniquement les informations n\u00e9cessaires \u00e0 la proc\u00e9dure d&rsquo;inscription sur notre site Web ou lors du remplissage<\/p>\n","protected":false},"author":8057,"featured_media":0,"parent":0,"menu_order":0,"comment_status":"closed","ping_status":"closed","template":"","meta":{"footnotes":""},"class_list":["post-12092","page","type-page","status-publish","hentry"],"_links":{"self":[{"href":"https:\/\/myroyalmarket.com\/fr\/wp-json\/wp\/v2\/pages\/12092","targetHints":{"allow":["GET"]}}],"collection":[{"href":"https:\/\/myroyalmarket.com\/fr\/wp-json\/wp\/v2\/pages"}],"about":[{"href":"https:\/\/myroyalmarket.com\/fr\/wp-json\/wp\/v2\/types\/page"}],"author":[{"embeddable":true,"href":"https:\/\/myroyalmarket.com\/fr\/wp-json\/wp\/v2\/users\/8057"}],"replies":[{"embeddable":true,"href":"https:\/\/myroyalmarket.com\/fr\/wp-json\/wp\/v2\/comments?post=12092"}],"version-history":[{"count":1,"href":"https:\/\/myroyalmarket.com\/fr\/wp-json\/wp\/v2\/pages\/12092\/revisions"}],"predecessor-version":[{"id":39901,"href":"https:\/\/myroyalmarket.com\/fr\/wp-json\/wp\/v2\/pages\/12092\/revisions\/39901"}],"wp:attachment":[{"href":"https:\/\/myroyalmarket.com\/fr\/wp-json\/wp\/v2\/media?parent=12092"}],"curies":[{"name":"wp","href":"https:\/\/api.w.org\/{rel}","templated":true}]}}