{"id":12191,"date":"2021-04-08T08:38:04","date_gmt":"2021-04-08T08:38:04","guid":{"rendered":"https:\/\/www.my-damas.com\/termes-et-conditions\/"},"modified":"2023-10-27T19:21:56","modified_gmt":"2023-10-27T19:21:56","slug":"terms-and-conditions","status":"publish","type":"page","link":"https:\/\/myroyalmarket.com\/fr\/terms-and-conditions\/","title":{"rendered":"Termes et conditions"},"content":{"rendered":"<div class=\"site-content col-sm-9\" role=\"main\">\n<article id=\"post-4284\" class=\"post-4284 page type-page status-publish hentry\">\n<div class=\"entry-content\">\n<p>Bienvenue dans la boutique en ligne du site <strong>My Royal Market<\/strong> . Les termes et conditions \u00e9nonc\u00e9s ci-dessous s\u2019appliquent \u00e0 tous les visiteurs et utilisateurs du site Web <strong>My Royal Market<\/strong> . Vous \u00eates li\u00e9 par ces termes et conditions tant que vous \u00eates sur <strong>myroyalmarket.com<\/strong> .<\/p>\n<p><strong>G\u00e9n\u00e9ral<\/strong><br \/>\nLe contenu des conditions g\u00e9n\u00e9rales peut \u00eatre modifi\u00e9, d\u00e9plac\u00e9 ou supprim\u00e9 \u00e0 tout moment. Veuillez noter que le site Web <strong>My Royal Market<\/strong> a le droit de modifier le contenu des termes et conditions sans pr\u00e9avis. En cas de violation des r\u00e8gles et r\u00e9glementations de ces termes et conditions, le site Web <strong>My Royal Market<\/strong> prendra des mesures imm\u00e9diates contre le(s) contrevenant(s).<\/p>\n<p><strong>Contenu du site et droits d&rsquo;auteur<\/strong><br \/>\nSauf indication contraire, tous les \u00e9l\u00e9ments, y compris les images, illustrations, dessins, ic\u00f4nes, photographies, clips vid\u00e9o et documents \u00e9crits et autres qui apparaissent dans le cadre de ce site, en d&rsquo;autres termes, le \u00ab&nbsp;contenu du site&nbsp;\u00bb sont prot\u00e9g\u00e9s par des droits d&rsquo;auteur, des marques commerciales, des marques commerciales. robe et\/ou autres propri\u00e9t\u00e9s intellectuelles d\u00e9tenues, contr\u00f4l\u00e9es ou sous licence par le site Web <strong>My Royal Market<\/strong> .<\/p>\n<p><strong>Commentaires et \u00e9valuations<\/strong><br \/>\nTous les commentaires et retours sur <strong>myroyalmarket.com<\/strong> resteront la propri\u00e9t\u00e9 de <strong>My Damas<\/strong> .<\/p>\n<p>L&rsquo;utilisateur accepte qu&rsquo;aucun commentaire ne soit soumis \u00e0 <strong>myroyalmarket.com<\/strong> qui violerait les droits d&rsquo;un tiers, y compris les droits d&rsquo;auteur, les marques commerciales ou la confidentialit\u00e9 d&rsquo;autres droits personnels ou de propri\u00e9t\u00e9. En outre, l&rsquo;utilisateur doit accepter qu&rsquo;il n&rsquo;y aura pas de contenu de mat\u00e9riel illicite, abusif ou obsc\u00e8ne soumis sur le site. L&rsquo;utilisateur sera le seul responsable de tout contenu de commentaire effectu\u00e9.<\/p>\n<p><strong>Information produit<\/strong><br \/>\nNous ne pouvons pas garantir que tous les produits r\u00e9els seront exactement les m\u00eames que ceux affich\u00e9s sur le moniteur, car cela d\u00e9pend du moniteur de l&rsquo;utilisateur.<\/p>\n<\/div>\n<p><strong>Informations sur la livraison<\/strong><br \/>\nLe temps d&rsquo;exp\u00e9dition estim\u00e9 sur notre site Web est une approximation fournie par le service de messagerie.<br \/>\nVous recevrez un e-mail avec le num\u00e9ro de suivi dans les 24 heures ouvrables.<br \/>\nMy Royal Market n&rsquo;est pas responsable des retards du service de messagerie, des frais de douane ou des probl\u00e8mes douaniers s&rsquo;ils surviennent.<\/p>\n<div class=\"entry-content\">\n<p><strong>Accord douanier<\/strong><br \/>\nCertains de nos produits sont d\u00e9crits comme des m\u00e9dicaments et des compl\u00e9ments nutritionnels. Cela signifie que certains pays ont des r\u00e9serves sur ces types de produits. Nous ne sommes responsables d&rsquo;aucune d\u00e9cision prise par les douanes de votre pays, qu&rsquo;il s&rsquo;agisse de confiscation, de retours ou de taxes \u00e9lev\u00e9es.<\/p>\n<p><strong>Bulletin<\/strong><br \/>\nL&rsquo;utilisateur accepte que le site Web <strong>My Royal Market<\/strong> puisse envoyer une newsletter concernant les derni\u00e8res nouvelles\/produits\/promotions, etc., par courrier \u00e9lectronique \u00e0 l&rsquo;utilisateur.<\/p>\n<p><strong>Indemnit\u00e9<\/strong><br \/>\nL&rsquo;utilisateur s&rsquo;engage \u00e0 d\u00e9fendre, indemniser et d\u00e9gager le site Web <strong>My Royal Market<\/strong> de toute responsabilit\u00e9 contre toute r\u00e9clamation, dommage, co\u00fbt et d\u00e9pense, y compris les honoraires d&rsquo;avocat, d\u00e9coulant de ou li\u00e9s \u00e0 votre utilisation du site.<\/p>\n<p><strong>Lien vers d&rsquo;autres sites<\/strong><br \/>\nTout lien d&rsquo;acc\u00e8s \u00e0 des sites tiers se fait \u00e0 vos propres risques. <strong>myroyalmarket.com<\/strong> ne sera pas li\u00e9 ou impliqu\u00e9 avec un tel site Web si le contenu\/produit(s) de l&rsquo;utilisateur est endommag\u00e9 ou perdu ou a un lien avec le site tiers.<\/p>\n<p><strong>Informations d&rsquo;inexactitude<\/strong><br \/>\nDe temps \u00e0 autre, <strong>myroyalmarket.com<\/strong> peut contenir des informations contenant des erreurs typographiques, des inexactitudes et des omissions pouvant concerner la description du produit, son prix, sa disponibilit\u00e9 et le contenu de l&rsquo;article. Nous nous r\u00e9servons le droit de corriger toute erreur, inexactitude, changement ou modification des informations sans pr\u00e9avis aux clients. Si vous n&rsquo;\u00eates pas satisfait de votre (vos) produit (s) achet\u00e9 (s), veuillez nous le retourner avec la facture. Veuillez consulter la \u00ab<strong>&nbsp;Politique de retour et de remboursement<\/strong>&nbsp;\u00bb.<\/p>\n<p><strong>R\u00e9siliation<\/strong><br \/>\nCet accord n&rsquo;est en vigueur que si et jusqu&rsquo;\u00e0 ce que ce soit par le client ou par <strong>myroyalmarket.com<\/strong> . Le client peut r\u00e9silier cet accord \u00e0 tout moment. Cependant, <strong>myroyalmarket.com<\/strong> peut \u00e9galement r\u00e9silier le contrat avec le client sans pr\u00e9avis et se verra refuser l&rsquo;acc\u00e8s au client qui n&rsquo;est pas en mesure de respecter les termes et conditions ci-dessus.<\/p>\n<\/div>\n<\/article><\/div>\n<aside class=\"sidebar-container col-sm-3 sidebar-right area-sidebar-1\" role=\"complementary\">\n<div class=\"sidebar-inner basel-sidebar-scroll\">\n<div class=\"widget-area basel-sidebar-content\">\n<div id=\"basel-recent-posts-1\" class=\"sidebar-widget basel-recent-posts\"><\/div><\/div><\/div>\n<\/aside>\n","protected":false},"excerpt":{"rendered":"<p>Bienvenue dans la boutique en ligne du site My Royal Market . Les termes et conditions \u00e9nonc\u00e9s ci-dessous s\u2019appliquent \u00e0<\/p>\n","protected":false},"author":8057,"featured_media":0,"parent":0,"menu_order":0,"comment_status":"closed","ping_status":"closed","template":"","meta":{"footnotes":""},"class_list":["post-12191","page","type-page","status-publish","hentry"],"_links":{"self":[{"href":"https:\/\/myroyalmarket.com\/fr\/wp-json\/wp\/v2\/pages\/12191","targetHints":{"allow":["GET"]}}],"collection":[{"href":"https:\/\/myroyalmarket.com\/fr\/wp-json\/wp\/v2\/pages"}],"about":[{"href":"https:\/\/myroyalmarket.com\/fr\/wp-json\/wp\/v2\/types\/page"}],"author":[{"embeddable":true,"href":"https:\/\/myroyalmarket.com\/fr\/wp-json\/wp\/v2\/users\/8057"}],"replies":[{"embeddable":true,"href":"https:\/\/myroyalmarket.com\/fr\/wp-json\/wp\/v2\/comments?post=12191"}],"version-history":[{"count":1,"href":"https:\/\/myroyalmarket.com\/fr\/wp-json\/wp\/v2\/pages\/12191\/revisions"}],"predecessor-version":[{"id":39911,"href":"https:\/\/myroyalmarket.com\/fr\/wp-json\/wp\/v2\/pages\/12191\/revisions\/39911"}],"wp:attachment":[{"href":"https:\/\/myroyalmarket.com\/fr\/wp-json\/wp\/v2\/media?parent=12191"}],"curies":[{"name":"wp","href":"https:\/\/api.w.org\/{rel}","templated":true}]}}