{"id":14215,"date":"2021-04-27T10:46:12","date_gmt":"2021-04-27T10:46:12","guid":{"rendered":"https:\/\/www.my-damas.com\/return-refund-policy-2\/"},"modified":"2023-10-27T19:20:49","modified_gmt":"2023-10-27T19:20:49","slug":"return-refund-policy-2","status":"publish","type":"page","link":"https:\/\/myroyalmarket.com\/fr\/return-refund-policy-2\/","title":{"rendered":"Politique de retour et de remboursement"},"content":{"rendered":"<p><strong>Politique de livraison&nbsp;:<\/strong><\/p>\n<ol>\n<li>Nous fournissons des services de livraison dans le monde entier. Une fois l&rsquo;adresse de livraison renseign\u00e9e, vous serez inform\u00e9 des frais de livraison.<\/li>\n<li>Les frais d&rsquo;exp\u00e9dition seront indiqu\u00e9s sur le montant final de votre achat avant de proc\u00e9der \u00e0 la transaction compl\u00e8te.<\/li>\n<li>Votre commande sera livr\u00e9e via le transporteur le plus adapt\u00e9, en fonction de la taille et du poids.<\/li>\n<li>Le num\u00e9ro de suivi est disponible pour que vous receviez une confirmation d&rsquo;exp\u00e9dition par e-mail et un lien de suivi de votre colis afin que vous puissiez suivre son parcours jusqu&rsquo;\u00e0 votre porte.<\/li>\n<li>Nous ne sommes pas responsables du co\u00fbt des droits de douane ou des taxes de vente pour les commandes internationales.<\/li>\n<li>Une fois que votre commande aura d\u00e9pass\u00e9 vos droits de douane locaux, elle sera ensuite transmise \u00e0 un service postal interne selon les proc\u00e9dures de livraison standard.<\/li>\n<li>Le d\u00e9lai d&rsquo;exp\u00e9dition pour les villes de Malaisie prendrait 1 \u00e0 4 jours ouvrables, tandis que dans d&rsquo;autres pays, il prendrait entre 3 et 5 jours ouvrables si vous choisissez le service express. Si le service express \u00e9tait co\u00fbteux pour votre pays, vous pouviez choisir la livraison standard, qui prendrait entre 8 et 14 jours ouvrables.<\/li>\n<li>Veuillez noter que les livraisons ne seront pas effectu\u00e9es les jours f\u00e9ri\u00e9s dans votre pays. Dans ce cas, veuillez vous attendre \u00e0 ce que votre commande arrive le jour ouvrable suivant.<\/li>\n<li>Le d\u00e9lai de livraison estim\u00e9 vous sera fourni une fois votre commande pass\u00e9e. Les d\u00e9lais de livraison sont des estimations et commencent \u00e0 compter de la date d&rsquo;exp\u00e9dition plut\u00f4t que de la date de commande. Les d\u00e9lais de livraison sont \u00e0 titre indicatif uniquement et sont soumis \u00e0 l&rsquo;acceptation et \u00e0 l&rsquo;approbation de votre commande.<\/li>\n<li>La date de livraison peut varier en raison des pratiques d&rsquo;exp\u00e9dition du transporteur, du lieu de livraison, du mode de livraison et des articles command\u00e9s. Les produits peuvent \u00e9galement \u00eatre livr\u00e9s en envois s\u00e9par\u00e9s.<\/li>\n<\/ol>\n<p>Veuillez noter que nous ne livrons pas le samedi et le dimanche.<\/p>\n<p><strong>Politique de retour et de remboursement<\/strong><\/p>\n<p>Les marchandises \/ produits retourn\u00e9s seront v\u00e9rifi\u00e9s avec le re\u00e7u ensemble, et les marchandises doivent \u00eatre en bon \u00e9tat. L&#8217;emballage doit \u00e9galement \u00eatre dans son \u00e9tat d&rsquo;origine dans le conteneur d&rsquo;exp\u00e9dition d&rsquo;origine tel que re\u00e7u. Si les marchandises\/produits ont \u00e9t\u00e9 utilis\u00e9s ou <strong>endommag\u00e9s par le client<\/strong> , il n&rsquo;y aura aucun remboursement. <strong>My Royal Market<\/strong> ne sera pas non plus responsable si votre envoi est perdu lors du transit de retour. Une fois que nous avons v\u00e9rifi\u00e9 et confirm\u00e9 les marchandises\/produits, le client recevra son remboursement dans <b>les 2 jours ouvrables<\/b> suivant la confirmation.<\/p>\n","protected":false},"excerpt":{"rendered":"<p>Politique de livraison&nbsp;: Nous fournissons des services de livraison dans le monde entier. Une fois l&rsquo;adresse de livraison renseign\u00e9e, vous<\/p>\n","protected":false},"author":8057,"featured_media":0,"parent":0,"menu_order":0,"comment_status":"closed","ping_status":"closed","template":"","meta":{"footnotes":""},"class_list":["post-14215","page","type-page","status-publish","hentry"],"_links":{"self":[{"href":"https:\/\/myroyalmarket.com\/fr\/wp-json\/wp\/v2\/pages\/14215","targetHints":{"allow":["GET"]}}],"collection":[{"href":"https:\/\/myroyalmarket.com\/fr\/wp-json\/wp\/v2\/pages"}],"about":[{"href":"https:\/\/myroyalmarket.com\/fr\/wp-json\/wp\/v2\/types\/page"}],"author":[{"embeddable":true,"href":"https:\/\/myroyalmarket.com\/fr\/wp-json\/wp\/v2\/users\/8057"}],"replies":[{"embeddable":true,"href":"https:\/\/myroyalmarket.com\/fr\/wp-json\/wp\/v2\/comments?post=14215"}],"version-history":[{"count":1,"href":"https:\/\/myroyalmarket.com\/fr\/wp-json\/wp\/v2\/pages\/14215\/revisions"}],"predecessor-version":[{"id":39906,"href":"https:\/\/myroyalmarket.com\/fr\/wp-json\/wp\/v2\/pages\/14215\/revisions\/39906"}],"wp:attachment":[{"href":"https:\/\/myroyalmarket.com\/fr\/wp-json\/wp\/v2\/media?parent=14215"}],"curies":[{"name":"wp","href":"https:\/\/api.w.org\/{rel}","templated":true}]}}