{"id":12264,"date":"2021-03-28T08:23:05","date_gmt":"2021-04-08T17:20:20","guid":{"rendered":"https:\/\/www.my-damas.com\/product\/parfums-ard-al-zaafaran-parfum-malikah-oud-100-ml-pour-femme\/"},"modified":"2025-02-02T06:30:50","modified_gmt":"2025-02-02T06:30:50","slug":"ard-al-zaafaran-perfumes-malikah-oud-perfume-100ml-for-women","status":"publish","type":"product","link":"https:\/\/myroyalmarket.com\/fr\/produit\/ard-al-zaafaran-perfumes-malikah-oud-perfume-100ml-for-women\/","title":{"rendered":"Parfum Malikah Oud 100 ml pour femme par Ard Al Zaafaran Parfums"},"content":{"rendered":"<div class=\"wpb-content-wrapper\"><p>[vc_row][vc_column width=\u00a0\u00bb1\/6&Prime;][\/vc_column][vc_column width=\u00a0\u00bb2\/3&Prime;][vc_column_text]<\/p>\n<h2>Malikah Eau de Parfum par Ahlaam<\/h2>\n<p>L&rsquo;eau de parfum Malikah d&rsquo;Ahlaam est un parfum doux et acidul\u00e9 avec du Oudh cambodgien, des notes florales et fruit\u00e9es, du bois, du cuir et des ald\u00e9hydes.<\/p>\n<p>Le parfum Malikah est extr\u00eamement polyvalent et convient \u00e0 toutes les occasions.<\/p>\n<p>Accords principaux: Oudh, musc, bois\u00e9, patchouli, oriental[\/vc_column_text][vc_column_text]\u2022 Pour femme<\/p>\n<p>\u2022 Contient de l&rsquo;alcool d\u00e9natur\u00e9 (halal)<\/p>\n<p>\u2022 Quantit\u00e9: 100 ml<\/p>\n<div>\u2022 Flacon avec buse de pulv\u00e9risation<\/div>\n<div><\/div>\n<div>\u2022 Fabricant: Ahlaam (Ard Al Zaafaran)<\/div>\n<p>[\/vc_column_text][\/vc_column][vc_column width=\u00a0\u00bb1\/6&Prime;][\/vc_column][\/vc_row]<\/p>\n<\/div>","protected":false},"excerpt":{"rendered":"<ul>\n<li>Notes de t\u00eate: notes florales, notes fruit\u00e9es, ald\u00e9hydes<\/li>\n<li>Notes de c\u0153ur: Oudh, cuir<\/li>\n<li>Notes de fond: Oudh, musc, patchouli<\/li>\n<li>Longue dur\u00e9e jusqu&rsquo;\u00e0 6 heures<\/li>\n<li>Meilleur produit de vente<\/li>\n<li>Eau De Parfum (EDP)<\/li>\n<li>Capacit\u00e9: 100 ml<\/li>\n<li>Belle bouteille d\u00e9cor\u00e9e<\/li>\n<li>Produit original de l&rsquo;UEA<\/li>\n<\/ul>\n","protected":false},"featured_media":11146,"comment_status":"open","ping_status":"closed","template":"","meta":[],"product_brand":[],"product_cat":[237,235],"product_tag":[],"class_list":{"0":"post-12264","1":"product","2":"type-product","3":"status-publish","4":"has-post-thumbnail","6":"product_cat-oud-for-women-fr","7":"product_cat-oud-prfume-fr","8":"product_shipping_class-1-fr-2","10":"first","11":"outofstock","12":"sale","13":"shipping-taxable","14":"purchasable","15":"product-type-simple"},"supplier_id":null,"supplier_sku":"","barcode":null,"atum_controlled":true,"out_stock_date":"2025-02-02 06:30:53","out_stock_threshold":null,"inheritable":false,"inbound_stock":0,"stock_on_hold":0,"sold_today":0,"sales_last_days":0,"reserved_stock":0,"customer_returns":0,"warehouse_damage":0,"lost_in_post":0,"other_logs":0,"out_stock_days":456,"lost_sales":0,"has_location":false,"update_date":"2026-05-04T16:42:42","atum_locations":[],"atum_stock_status":"outofstock","restock_status":false,"low_stock_amount":"","sales_update_date":"2026-05-04T16:42:42","calc_backorders":null,"_links":{"self":[{"href":"https:\/\/myroyalmarket.com\/fr\/wp-json\/wp\/v2\/product\/12264","targetHints":{"allow":["GET"]}}],"collection":[{"href":"https:\/\/myroyalmarket.com\/fr\/wp-json\/wp\/v2\/product"}],"about":[{"href":"https:\/\/myroyalmarket.com\/fr\/wp-json\/wp\/v2\/types\/product"}],"replies":[{"embeddable":true,"href":"https:\/\/myroyalmarket.com\/fr\/wp-json\/wp\/v2\/comments?post=12264"}],"wp:featuredmedia":[{"embeddable":true,"href":"https:\/\/myroyalmarket.com\/fr\/wp-json\/wp\/v2\/media\/11146"}],"wp:attachment":[{"href":"https:\/\/myroyalmarket.com\/fr\/wp-json\/wp\/v2\/media?parent=12264"}],"wp:term":[{"taxonomy":"product_brand","embeddable":true,"href":"https:\/\/myroyalmarket.com\/fr\/wp-json\/wp\/v2\/product_brand?post=12264"},{"taxonomy":"product_cat","embeddable":true,"href":"https:\/\/myroyalmarket.com\/fr\/wp-json\/wp\/v2\/product_cat?post=12264"},{"taxonomy":"product_tag","embeddable":true,"href":"https:\/\/myroyalmarket.com\/fr\/wp-json\/wp\/v2\/product_tag?post=12264"}],"curies":[{"name":"wp","href":"https:\/\/api.w.org\/{rel}","templated":true}]}}