{"id":12407,"date":"2020-10-28T08:29:16","date_gmt":"2021-04-16T15:18:11","guid":{"rendered":"https:\/\/www.my-damas.com\/product\/royal-honey-vitamax-doubleshot-energy-honey-pour-elle-10x20-g\/"},"modified":"2025-12-03T16:05:06","modified_gmt":"2025-12-03T08:05:06","slug":"royal-honey-vitamax-doubleshot-maca-honey-energy-honey-for-her-10x20-g","status":"publish","type":"product","link":"https:\/\/myroyalmarket.com\/fr\/produit\/royal-honey-vitamax-doubleshot-maca-honey-energy-honey-for-her-10x20-g\/","title":{"rendered":"Royal Honey VITAMAX DOUBLESHOT ENERGY HONEY pour elle 10&#215;20 g"},"content":{"rendered":"<div class=\"wpb-content-wrapper\"><p>[vc_row][vc_column width=\u00a0\u00bb1\/6&Prime;][\/vc_column][vc_column width=\u00a0\u00bb2\/3&Prime;][vc_single_image image=\u00a0\u00bb39341&Prime; img_size=\u00a0\u00bbfull\u00a0\u00bb alignment=\u00a0\u00bbcenter\u00a0\u00bb][vc_column_text]<strong>UTILISATION RECOMMAND\u00c9E :<\/strong><br \/>\nPrendre un sachet (20 g) tous les 2 jours au besoin.<\/p>\n<p><strong>INSTRUCTIONS:<\/strong><br \/>\nM\u00e9langer 1 sachet avec 150 ml d&rsquo;eau \u00e0 temp\u00e9rature ambiante, bien m\u00e9langer et boire ou vider tout le sachet dans la bouche par un bec verseur pr\u00e9vu \u00e0 cet effet.<\/p>\n<p>INDICATION: Traditionnellement utilis\u00e9 pour am\u00e9liorer la sant\u00e9 et l&rsquo;\u00e9nergie des femmes.[\/vc_column_text][vc_single_image image=\u00a0\u00bb39323&Prime; img_size=\u00a0\u00bbfull\u00a0\u00bb alignment=\u00a0\u00bbcenter\u00a0\u00bb][\/vc_column][vc_column width=\u00a0\u00bb1\/6&Prime;][\/vc_column][\/vc_row]<\/p>\n<\/div>","protected":false},"excerpt":{"rendered":"<p><strong>INGR\u00c9DIENTS :<\/strong><\/p>\n<ul>\n<li>Miel pur<\/li>\n<li>Gel\u00e9e royale<\/li>\n<li>Labisia Pumila (Kacip Fatimah)<\/li>\n<li>Radix Panax Ginseng<\/li>\n<li>Lepidium Meyenii (Maca)<\/li>\n<\/ul>\n","protected":false},"featured_media":39329,"comment_status":"open","ping_status":"closed","template":"","meta":[],"product_brand":[],"product_cat":[248],"product_tag":[],"class_list":{"0":"post-12407","1":"product","2":"type-product","3":"status-publish","4":"has-post-thumbnail","6":"product_cat-royal-honey-fr","7":"product_shipping_class-1-fr-2","9":"first","10":"instock","11":"sale","12":"shipping-taxable","13":"purchasable","14":"product-type-simple"},"supplier_id":null,"supplier_sku":"","barcode":null,"atum_controlled":true,"out_stock_date":null,"out_stock_threshold":null,"inheritable":false,"inbound_stock":0,"stock_on_hold":8,"sold_today":0,"sales_last_days":0,"reserved_stock":0,"customer_returns":0,"warehouse_damage":0,"lost_in_post":0,"other_logs":0,"out_stock_days":0,"lost_sales":0,"has_location":false,"update_date":"2026-05-04T16:42:43","atum_locations":[],"atum_stock_status":"instock","restock_status":false,"low_stock_amount":5,"sales_update_date":"2026-05-04T16:42:43","calc_backorders":null,"_links":{"self":[{"href":"https:\/\/myroyalmarket.com\/fr\/wp-json\/wp\/v2\/product\/12407","targetHints":{"allow":["GET"]}}],"collection":[{"href":"https:\/\/myroyalmarket.com\/fr\/wp-json\/wp\/v2\/product"}],"about":[{"href":"https:\/\/myroyalmarket.com\/fr\/wp-json\/wp\/v2\/types\/product"}],"replies":[{"embeddable":true,"href":"https:\/\/myroyalmarket.com\/fr\/wp-json\/wp\/v2\/comments?post=12407"}],"wp:featuredmedia":[{"embeddable":true,"href":"https:\/\/myroyalmarket.com\/fr\/wp-json\/wp\/v2\/media\/39329"}],"wp:attachment":[{"href":"https:\/\/myroyalmarket.com\/fr\/wp-json\/wp\/v2\/media?parent=12407"}],"wp:term":[{"taxonomy":"product_brand","embeddable":true,"href":"https:\/\/myroyalmarket.com\/fr\/wp-json\/wp\/v2\/product_brand?post=12407"},{"taxonomy":"product_cat","embeddable":true,"href":"https:\/\/myroyalmarket.com\/fr\/wp-json\/wp\/v2\/product_cat?post=12407"},{"taxonomy":"product_tag","embeddable":true,"href":"https:\/\/myroyalmarket.com\/fr\/wp-json\/wp\/v2\/product_tag?post=12407"}],"curies":[{"name":"wp","href":"https:\/\/api.w.org\/{rel}","templated":true}]}}