{"id":12454,"date":"2020-10-28T08:29:16","date_gmt":"2021-04-16T16:38:27","guid":{"rendered":"https:\/\/www.my-damas.com\/product\/vitamax-doubleshot-maca-energy-coffee-for-her-10x20-g\/"},"modified":"2025-08-17T23:40:13","modified_gmt":"2025-08-17T15:40:13","slug":"vitamax-doubleshot-maca-energy-coffee-for-her-10x20-g","status":"publish","type":"product","link":"https:\/\/myroyalmarket.com\/fr\/produit\/vitamax-doubleshot-maca-energy-coffee-for-her-10x20-g\/","title":{"rendered":"VITAMAX DOUBLESHOT MACA Energy Coffee for her 10&#215;20 g"},"content":{"rendered":"<div class=\"wpb-content-wrapper\"><p>[vc_row][vc_column width=\u00a0\u00bb1\/6&Prime;][\/vc_column][vc_column width=\u00a0\u00bb2\/3&Prime;][vc_single_image image=\u00a0\u00bb39268&Prime; img_size=\u00a0\u00bbfull\u00a0\u00bb alignment=\u00a0\u00bbcenter\u00a0\u00bb][vc_column_text]<strong>DOSAGE RECOMMAND\u00c9 :<\/strong><br \/>\nPrendre un sachet (20 g) tous les 2 jours au besoin.<\/p>\n<p><strong>DIRECTIONS :<\/strong><br \/>\nVersez un sachet (20 g) de Vitamax Energy Coffee dans une tasse. Ajouter environ 120 ml \/ 4f1 oz d&rsquo;eau chaude, remuer avec une cuill\u00e8re. jouir<\/p>\n<p><strong>INDICATION:<\/strong><br \/>\nTraditionnellement utilis\u00e9 pour am\u00e9liorer la sant\u00e9 et l&rsquo;\u00e9nergie des femmes.[\/vc_column_text][vc_single_image image=\u00a0\u00bb39298&Prime; img_size=\u00a0\u00bbfull\u00a0\u00bb alignment=\u00a0\u00bbcenter\u00a0\u00bb][\/vc_column][vc_column width=\u00a0\u00bb1\/6&Prime;][\/vc_column][\/vc_row]<\/p>\n<\/div>","protected":false},"excerpt":{"rendered":"<p><strong>INGR\u00c9DIENTS :<\/strong><\/p>\n<ul>\n<li>Sucre<\/li>\n<li>Cr\u00e9mier sans produits laitiers<\/li>\n<li>Caf\u00e9 instantan\u00e9, Labisia Pumila (Kacip Fatimah)<\/li>\n<li>Radix Panax Ginseng<\/li>\n<li>Lepidium Meyenii (Maca)<\/li>\n<\/ul>\n","protected":false},"featured_media":39256,"comment_status":"open","ping_status":"closed","template":"","meta":[],"product_brand":[],"product_cat":[248],"product_tag":[],"class_list":{"0":"post-12454","1":"product","2":"type-product","3":"status-publish","4":"has-post-thumbnail","6":"product_cat-royal-honey-fr","7":"product_shipping_class-1-fr-2","9":"first","10":"instock","11":"sale","12":"shipping-taxable","13":"purchasable","14":"product-type-simple"},"supplier_id":null,"supplier_sku":"","barcode":null,"atum_controlled":true,"out_stock_date":null,"out_stock_threshold":null,"inheritable":false,"inbound_stock":0,"stock_on_hold":14,"sold_today":0,"sales_last_days":0,"reserved_stock":0,"customer_returns":0,"warehouse_damage":0,"lost_in_post":0,"other_logs":0,"out_stock_days":0,"lost_sales":0,"has_location":false,"update_date":"2026-05-14T10:23:04","atum_locations":[],"atum_stock_status":"instock","restock_status":false,"low_stock_amount":"","sales_update_date":"2026-05-14T10:23:04","calc_backorders":null,"_links":{"self":[{"href":"https:\/\/myroyalmarket.com\/fr\/wp-json\/wp\/v2\/product\/12454","targetHints":{"allow":["GET"]}}],"collection":[{"href":"https:\/\/myroyalmarket.com\/fr\/wp-json\/wp\/v2\/product"}],"about":[{"href":"https:\/\/myroyalmarket.com\/fr\/wp-json\/wp\/v2\/types\/product"}],"replies":[{"embeddable":true,"href":"https:\/\/myroyalmarket.com\/fr\/wp-json\/wp\/v2\/comments?post=12454"}],"wp:featuredmedia":[{"embeddable":true,"href":"https:\/\/myroyalmarket.com\/fr\/wp-json\/wp\/v2\/media\/39256"}],"wp:attachment":[{"href":"https:\/\/myroyalmarket.com\/fr\/wp-json\/wp\/v2\/media?parent=12454"}],"wp:term":[{"taxonomy":"product_brand","embeddable":true,"href":"https:\/\/myroyalmarket.com\/fr\/wp-json\/wp\/v2\/product_brand?post=12454"},{"taxonomy":"product_cat","embeddable":true,"href":"https:\/\/myroyalmarket.com\/fr\/wp-json\/wp\/v2\/product_cat?post=12454"},{"taxonomy":"product_tag","embeddable":true,"href":"https:\/\/myroyalmarket.com\/fr\/wp-json\/wp\/v2\/product_tag?post=12454"}],"curies":[{"name":"wp","href":"https:\/\/api.w.org\/{rel}","templated":true}]}}