{"id":14264,"date":"2020-10-28T08:29:15","date_gmt":"2021-05-03T18:32:41","guid":{"rendered":"https:\/\/www.my-damas.com\/product\/the-gladiator-miracle-honey-12-x-15-gram\/"},"modified":"2022-10-17T22:15:17","modified_gmt":"2022-10-17T22:15:17","slug":"the-gladiator-miracle-honey-12-x-15-gram","status":"publish","type":"product","link":"https:\/\/myroyalmarket.com\/fr\/produit\/the-gladiator-miracle-honey-12-x-15-gram\/","title":{"rendered":"Le miel miracle du gladiateur 12 x 15 grammes (The GLADIATOR Miracle Honey)"},"content":{"rendered":"<div class=\"wpb-content-wrapper\"><p>[vc_row][vc_column width=\u00a0\u00bb1\/6&Prime;][\/vc_column][vc_column width=\u00a0\u00bb2\/3&Prime;][vc_single_image image=\u00a0\u00bb8602&Prime; img_size=\u00a0\u00bbfull\u00a0\u00bb alignment=\u00a0\u00bbcenter\u00a0\u00bb][\/vc_column][vc_column width=\u00a0\u00bb1\/6&Prime;][\/vc_column][\/vc_row]<\/p>\n<\/div>","protected":false},"excerpt":{"rendered":"<ul>\n<li>Augmentation de la r\u00e9ponse sexuelle et de la qualit\u00e9 du sperme<\/li>\n<li>Donner de l&rsquo;\u00e9nergie au corps<\/li>\n<li>Am\u00e9liore la fertilit\u00e9<\/li>\n<li>Am\u00e9liore la circulation sanguine<\/li>\n<li>Retrouver l&rsquo;\u00e9nergie sexuelle, le d\u00e9sir, la libido<\/li>\n<li>Traiter les probl\u00e8mes d&rsquo;\u00e9rection<\/li>\n<li>G\u00e9rer l&rsquo;impuissance sexuelle<\/li>\n<li>Traiter l&rsquo;\u00e9jaculation pr\u00e9coce<\/li>\n<li>Soutient un syst\u00e8me immunitaire sain<\/li>\n<li>Construire un meilleur corps musculaire<\/li>\n<li>R\u00e9duit la fatigue<\/li>\n<li>B\u00e2ton de 15g dans une bo\u00eete de 12 b\u00e2tonnets<\/li>\n<\/ul>\n","protected":false},"featured_media":8594,"comment_status":"open","ping_status":"closed","template":"","meta":[],"product_brand":[],"product_cat":[248],"product_tag":[],"class_list":{"0":"post-14264","1":"product","2":"type-product","3":"status-publish","4":"has-post-thumbnail","6":"product_cat-royal-honey-fr","7":"product_shipping_class-1-fr-2","9":"first","10":"outofstock","11":"sale","12":"shipping-taxable","13":"purchasable","14":"product-type-simple"},"supplier_id":null,"supplier_sku":"","barcode":null,"atum_controlled":true,"out_stock_date":"2022-10-17 22:15:18","out_stock_threshold":null,"inheritable":false,"inbound_stock":0,"stock_on_hold":1,"sold_today":0,"sales_last_days":0,"reserved_stock":0,"customer_returns":0,"warehouse_damage":0,"lost_in_post":0,"other_logs":0,"out_stock_days":1295,"lost_sales":0,"has_location":false,"update_date":"2026-05-05T00:45:25","atum_locations":[],"atum_stock_status":"outofstock","restock_status":false,"low_stock_amount":"","sales_update_date":"2026-05-05T00:45:25","calc_backorders":null,"_links":{"self":[{"href":"https:\/\/myroyalmarket.com\/fr\/wp-json\/wp\/v2\/product\/14264","targetHints":{"allow":["GET"]}}],"collection":[{"href":"https:\/\/myroyalmarket.com\/fr\/wp-json\/wp\/v2\/product"}],"about":[{"href":"https:\/\/myroyalmarket.com\/fr\/wp-json\/wp\/v2\/types\/product"}],"replies":[{"embeddable":true,"href":"https:\/\/myroyalmarket.com\/fr\/wp-json\/wp\/v2\/comments?post=14264"}],"wp:featuredmedia":[{"embeddable":true,"href":"https:\/\/myroyalmarket.com\/fr\/wp-json\/wp\/v2\/media\/8594"}],"wp:attachment":[{"href":"https:\/\/myroyalmarket.com\/fr\/wp-json\/wp\/v2\/media?parent=14264"}],"wp:term":[{"taxonomy":"product_brand","embeddable":true,"href":"https:\/\/myroyalmarket.com\/fr\/wp-json\/wp\/v2\/product_brand?post=14264"},{"taxonomy":"product_cat","embeddable":true,"href":"https:\/\/myroyalmarket.com\/fr\/wp-json\/wp\/v2\/product_cat?post=14264"},{"taxonomy":"product_tag","embeddable":true,"href":"https:\/\/myroyalmarket.com\/fr\/wp-json\/wp\/v2\/product_tag?post=14264"}],"curies":[{"name":"wp","href":"https:\/\/api.w.org\/{rel}","templated":true}]}}