{"id":14270,"date":"2020-10-28T08:29:15","date_gmt":"2021-05-03T19:16:36","guid":{"rendered":"https:\/\/www.my-damas.com\/product\/go-up-cream\/"},"modified":"2022-01-25T13:16:42","modified_gmt":"2022-01-25T13:16:42","slug":"go-up-cream","status":"publish","type":"product","link":"https:\/\/myroyalmarket.com\/fr\/produit\/go-up-cream\/","title":{"rendered":"Cr\u00e8me Go Up (Go Up Cream)"},"content":{"rendered":"<div class=\"wpb-content-wrapper\"><p>[vc_row][vc_column width=\u00a0\u00bb1\/6&Prime;][\/vc_column][vc_column width=\u00a0\u00bb2\/3&Prime;][vc_column_text]Cr\u00e8me \u00e0 base d&rsquo;huiles naturelles. Aide \u00e0 prolonger la dur\u00e9e des rapports sexuels Il n&rsquo;a pas d&rsquo;effets secondaires V\u00e9rifiez la liste d&rsquo;utilisation \u00e0 l&rsquo;int\u00e9rieur de la bo\u00eete.<\/p>\n<p>GO UP Ce produit est l&rsquo;un des meilleurs et des plus puissants produits qui aide \u00e0 agrandir et \u00e0 augmenter la taille du p\u00e9nis De 2 \u00e0 5 cm de long et de 1 cm \u00e0 3 cm de magnitude.<\/p>\n<p>Khan Alasal Company (Liban) Apr\u00e8s des \u00e9tudes et des recherches au cours des ann\u00e9es, nous avons atteint une combinaison distinctive d&rsquo;huiles naturelles (GO UP)<br \/>\nL&rsquo;utilisateur gonfle et aide \u00e0 l&rsquo;\u00e9rection pendant les rapports sexuels sans aucun effet secondaire.<br \/>\nCe produit est maintenant sur les march\u00e9s improvis\u00e9 de 50 ml pour r\u00e9pondre au besoin des hommes de prolonger et d&rsquo;amplifier le membre et d&rsquo;aider \u00e0 l&rsquo;\u00e9rection dans une p\u00e9riode de rapport sexuel.<br \/>\nRecommande d&rsquo;utiliser la cr\u00e8me (PLUS DE TEMPS) pour prolonger la p\u00e9riode de retard des rapports sexuels sans aucun effet secondaire tout en maintenant leur plaisir et leur excitation.[\/vc_column_text][\/vc_column][vc_column width=\u00a0\u00bb1\/6&Prime;][\/vc_column][\/vc_row]<\/p>\n<\/div>","protected":false},"excerpt":{"rendered":"<ul>\n<li>Cr\u00e8me \u00e0 base d&rsquo;huiles naturelles.<\/li>\n<li>Augmente la taille du p\u00e9nis de 2 \u00e0 5 cm de long et de 1 cm \u00e0 3 cm de magnitude<\/li>\n<li>Aide \u00e0 prolonger la dur\u00e9e des rapports sexuels.<\/li>\n<li>Cela n&rsquo;a pas d&rsquo;effets secondaires.<\/li>\n<li>V\u00e9rifiez la liste d&rsquo;utilisation \u00e0 l&rsquo;int\u00e9rieur de la bo\u00eete.<\/li>\n<\/ul>\n","protected":false},"featured_media":8698,"comment_status":"open","ping_status":"closed","template":"","meta":[],"product_brand":[],"product_cat":[248],"product_tag":[],"class_list":{"0":"post-14270","1":"product","2":"type-product","3":"status-publish","4":"has-post-thumbnail","6":"product_cat-royal-honey-fr","7":"product_shipping_class-1-fr-2","9":"first","10":"outofstock","11":"sale","12":"shipping-taxable","13":"purchasable","14":"product-type-simple"},"supplier_id":null,"supplier_sku":"","barcode":null,"atum_controlled":true,"out_stock_date":null,"out_stock_threshold":null,"inheritable":false,"inbound_stock":0,"stock_on_hold":0,"sold_today":0,"sales_last_days":0,"reserved_stock":0,"customer_returns":0,"warehouse_damage":0,"lost_in_post":0,"other_logs":0,"out_stock_days":0,"lost_sales":0,"has_location":false,"update_date":"2026-05-05T00:45:27","atum_locations":[],"atum_stock_status":"outofstock","restock_status":false,"low_stock_amount":"","sales_update_date":"2026-05-05T00:45:27","calc_backorders":null,"_links":{"self":[{"href":"https:\/\/myroyalmarket.com\/fr\/wp-json\/wp\/v2\/product\/14270","targetHints":{"allow":["GET"]}}],"collection":[{"href":"https:\/\/myroyalmarket.com\/fr\/wp-json\/wp\/v2\/product"}],"about":[{"href":"https:\/\/myroyalmarket.com\/fr\/wp-json\/wp\/v2\/types\/product"}],"replies":[{"embeddable":true,"href":"https:\/\/myroyalmarket.com\/fr\/wp-json\/wp\/v2\/comments?post=14270"}],"wp:featuredmedia":[{"embeddable":true,"href":"https:\/\/myroyalmarket.com\/fr\/wp-json\/wp\/v2\/media\/8698"}],"wp:attachment":[{"href":"https:\/\/myroyalmarket.com\/fr\/wp-json\/wp\/v2\/media?parent=14270"}],"wp:term":[{"taxonomy":"product_brand","embeddable":true,"href":"https:\/\/myroyalmarket.com\/fr\/wp-json\/wp\/v2\/product_brand?post=14270"},{"taxonomy":"product_cat","embeddable":true,"href":"https:\/\/myroyalmarket.com\/fr\/wp-json\/wp\/v2\/product_cat?post=14270"},{"taxonomy":"product_tag","embeddable":true,"href":"https:\/\/myroyalmarket.com\/fr\/wp-json\/wp\/v2\/product_tag?post=14270"}],"curies":[{"name":"wp","href":"https:\/\/api.w.org\/{rel}","templated":true}]}}