{"id":14283,"date":"2020-10-28T08:29:12","date_gmt":"2021-05-04T15:12:42","guid":{"rendered":"https:\/\/www.my-damas.com\/product\/etumax-herbal-plus-4-capsules-stick-ali-power-plus-ameliorer-les-hommes-endurance-fournir-de-lenergie\/"},"modified":"2023-10-26T18:43:54","modified_gmt":"2023-10-26T18:43:54","slug":"etumax-herbal-plus-4-capsules-stick-ali-power-plus-ameliorer-les-hommes-endurance-fournir-de-lenergie","status":"publish","type":"product","link":"https:\/\/myroyalmarket.com\/fr\/produit\/etumax-herbal-plus-4-capsules-stick-ali-power-plus-ameliorer-les-hommes-endurance-fournir-de-lenergie\/","title":{"rendered":"Etumax Herbal Plus (4 g\u00e9lules) Tongkat Ali Power Plus"},"content":{"rendered":"<div class=\"wpb-content-wrapper\"><p>[vc_row][vc_column width=\u00a0\u00bb1\/6&Prime;][\/vc_column][vc_column width=\u00a0\u00bb2\/3&Prime;][\/vc_column][vc_column width=\u00a0\u00bb1\/6&Prime;][\/vc_column][\/vc_row]<\/p>\n<\/div>","protected":false},"excerpt":{"rendered":"<ul>\n<li>Aidez \u00e0 am\u00e9liorer l&rsquo;endurance des hommes, fournissez de l&rsquo;\u00e9nergie.<\/li>\n<li> Etumax Herbal Plus est un compl\u00e9ment alimentaire compos\u00e9<\/li>\n<li>Enti\u00e8rement de substances v\u00e9g\u00e9tales uniques produites en quantit\u00e9s sp\u00e9cifiques par la technologie moderne de bio-ing\u00e9nierie.<\/li>\n<li>Ce processus de production unique est appel\u00e9 p\u00e9n\u00e9tration \u00e0 haute teneur en polym\u00e8re par laquelle les ingr\u00e9dients actifs sont dissous et absorb\u00e9s par le corps en toute s\u00e9curit\u00e9 et facilement.<\/li>\n<\/ul>\n","protected":false},"featured_media":39586,"comment_status":"open","ping_status":"closed","template":"","meta":[],"product_brand":[],"product_cat":[248],"product_tag":[],"class_list":{"0":"post-14283","1":"product","2":"type-product","3":"status-publish","4":"has-post-thumbnail","6":"product_cat-royal-honey-fr","7":"product_shipping_class-1-fr-2","9":"first","10":"outofstock","11":"sale","12":"shipping-taxable","13":"purchasable","14":"product-type-simple"},"supplier_id":null,"supplier_sku":"","barcode":null,"atum_controlled":true,"out_stock_date":"2022-12-28 06:32:03","out_stock_threshold":null,"inheritable":false,"inbound_stock":0,"stock_on_hold":0,"sold_today":0,"sales_last_days":0,"reserved_stock":0,"customer_returns":0,"warehouse_damage":0,"lost_in_post":0,"other_logs":0,"out_stock_days":1223,"lost_sales":0,"has_location":false,"update_date":"2026-05-05T00:45:55","atum_locations":[],"atum_stock_status":"outofstock","restock_status":false,"low_stock_amount":"","sales_update_date":"2026-05-05T00:45:55","calc_backorders":null,"_links":{"self":[{"href":"https:\/\/myroyalmarket.com\/fr\/wp-json\/wp\/v2\/product\/14283","targetHints":{"allow":["GET"]}}],"collection":[{"href":"https:\/\/myroyalmarket.com\/fr\/wp-json\/wp\/v2\/product"}],"about":[{"href":"https:\/\/myroyalmarket.com\/fr\/wp-json\/wp\/v2\/types\/product"}],"replies":[{"embeddable":true,"href":"https:\/\/myroyalmarket.com\/fr\/wp-json\/wp\/v2\/comments?post=14283"}],"wp:featuredmedia":[{"embeddable":true,"href":"https:\/\/myroyalmarket.com\/fr\/wp-json\/wp\/v2\/media\/39586"}],"wp:attachment":[{"href":"https:\/\/myroyalmarket.com\/fr\/wp-json\/wp\/v2\/media?parent=14283"}],"wp:term":[{"taxonomy":"product_brand","embeddable":true,"href":"https:\/\/myroyalmarket.com\/fr\/wp-json\/wp\/v2\/product_brand?post=14283"},{"taxonomy":"product_cat","embeddable":true,"href":"https:\/\/myroyalmarket.com\/fr\/wp-json\/wp\/v2\/product_cat?post=14283"},{"taxonomy":"product_tag","embeddable":true,"href":"https:\/\/myroyalmarket.com\/fr\/wp-json\/wp\/v2\/product_tag?post=14283"}],"curies":[{"name":"wp","href":"https:\/\/api.w.org\/{rel}","templated":true}]}}