{"id":14345,"date":"2020-10-28T08:29:11","date_gmt":"2021-05-08T20:26:34","guid":{"rendered":"https:\/\/www.my-damas.com\/product\/organic-honey-royal-honey-24-sachets-x-10g\/"},"modified":"2026-03-23T02:39:30","modified_gmt":"2026-03-22T18:39:30","slug":"organic-honey-royal-honey-24-sachets-x-10g","status":"publish","type":"product","link":"https:\/\/myroyalmarket.com\/fr\/produit\/organic-honey-royal-honey-24-sachets-x-10g\/","title":{"rendered":"Miel Bio (Miel Royal) 24 Sachets x 10g Organic Honey"},"content":{"rendered":"<div class=\"wpb-content-wrapper\"><p>[vc_row][vc_column width=\u00a0\u00bb1\/6&Prime;][\/vc_column][vc_column width=\u00a0\u00bb2\/3&Prime;][vc_single_image image=\u00a0\u00bb39628&Prime; img_size=\u00a0\u00bbfull\u00a0\u00bb alignment=\u00a0\u00bbcenter\u00a0\u00bb][vc_single_image image=\u00a0\u00bb39634&Prime; img_size=\u00a0\u00bbfull\u00a0\u00bb alignment=\u00a0\u00bbcenter\u00a0\u00bb][vc_column_text]<strong>Comment utiliser:<\/strong><\/p>\n<p>Un sachet tous les 3 jours si n\u00e9cessaire.<\/p>\n<p><br data-cke-eol=\"1\">[\/vc_column_text][\/vc_column][vc_column width=\u00a0\u00bb1\/6&Prime;][\/vc_column][\/vc_row]<\/p>\n<\/div>","protected":false},"excerpt":{"rendered":"<ul>\n<li>augmenter le d\u00e9sir sexuel et en faire un v\u00e9ritable vital<\/li>\n<li>renforce les \u00e9rections chez les personnes \u00e2g\u00e9es sans se sentir faible<\/li>\n<li> favorise la confiance en soi gr\u00e2ce \u00e0 des performances sexuelles \u00e0 long terme<\/li>\n<li>augmente la s\u00e9cr\u00e9tion de fertilit\u00e9 hormonale \u00ab\u00a0Donne une sensation de puissance<\/li>\n<li> travailler sur la r\u00e9duction des probl\u00e8mes de prostate et des l\u00e9sions g\u00e9nitales chez l&rsquo;homme<\/li>\n<li> resserrer le corps et donner une sensation de vitalit\u00e9, de lucidit\u00e9 et activer la m\u00e9moire<\/li>\n<li>soutenir les acides amin\u00e9s et les min\u00e9raux n\u00e9cessaires au processus m\u00e9tabolique du corps<\/li>\n<\/ul>\n","protected":false},"featured_media":39592,"comment_status":"open","ping_status":"closed","template":"","meta":[],"product_brand":[],"product_cat":[248],"product_tag":[],"class_list":{"0":"post-14345","1":"product","2":"type-product","3":"status-publish","4":"has-post-thumbnail","6":"product_cat-royal-honey-fr","7":"product_shipping_class-1-fr-2","9":"first","10":"outofstock","11":"sale","12":"shipping-taxable","13":"purchasable","14":"product-type-variable","15":"has-default-attributes"},"supplier_id":null,"supplier_sku":"","barcode":null,"atum_controlled":true,"out_stock_date":"2024-12-31 09:17:03","out_stock_threshold":null,"inheritable":true,"inbound_stock":0,"stock_on_hold":61,"sold_today":0,"sales_last_days":0,"reserved_stock":0,"customer_returns":0,"warehouse_damage":0,"lost_in_post":0,"other_logs":0,"out_stock_days":332,"lost_sales":0,"has_location":false,"update_date":"2026-04-12T05:37:26","atum_locations":[],"atum_stock_status":"outofstock","restock_status":false,"low_stock_amount":"","sales_update_date":"2025-11-29T00:03:33","calc_backorders":null,"_links":{"self":[{"href":"https:\/\/myroyalmarket.com\/fr\/wp-json\/wp\/v2\/product\/14345","targetHints":{"allow":["GET"]}}],"collection":[{"href":"https:\/\/myroyalmarket.com\/fr\/wp-json\/wp\/v2\/product"}],"about":[{"href":"https:\/\/myroyalmarket.com\/fr\/wp-json\/wp\/v2\/types\/product"}],"replies":[{"embeddable":true,"href":"https:\/\/myroyalmarket.com\/fr\/wp-json\/wp\/v2\/comments?post=14345"}],"wp:featuredmedia":[{"embeddable":true,"href":"https:\/\/myroyalmarket.com\/fr\/wp-json\/wp\/v2\/media\/39592"}],"wp:attachment":[{"href":"https:\/\/myroyalmarket.com\/fr\/wp-json\/wp\/v2\/media?parent=14345"}],"wp:term":[{"taxonomy":"product_brand","embeddable":true,"href":"https:\/\/myroyalmarket.com\/fr\/wp-json\/wp\/v2\/product_brand?post=14345"},{"taxonomy":"product_cat","embeddable":true,"href":"https:\/\/myroyalmarket.com\/fr\/wp-json\/wp\/v2\/product_cat?post=14345"},{"taxonomy":"product_tag","embeddable":true,"href":"https:\/\/myroyalmarket.com\/fr\/wp-json\/wp\/v2\/product_tag?post=14345"}],"curies":[{"name":"wp","href":"https:\/\/api.w.org\/{rel}","templated":true}]}}