{"id":14351,"date":"2020-10-28T08:29:08","date_gmt":"2021-05-08T21:41:36","guid":{"rendered":"https:\/\/www.my-damas.com\/product\/original-bio-herbs-coffee-for-men-15g-x-6-sachets\/"},"modified":"2026-04-11T03:51:52","modified_gmt":"2026-04-10T19:51:52","slug":"original-bio-herbs-coffee-for-men-15g-x-6-sachets","status":"publish","type":"product","link":"https:\/\/myroyalmarket.com\/fr\/produit\/original-bio-herbs-coffee-for-men-15g-x-6-sachets\/","title":{"rendered":"CAF\u00c9 ORIGINAL Dr&rsquo;s Secret BIO AUX HERBES POUR HOMME et FEMME 15g x 6 Sachets"},"content":{"rendered":"<div class=\"wpb-content-wrapper\"><p>[vc_row][vc_column width=\u00a0\u00bb1\/6&Prime;][\/vc_column][vc_column width=\u00a0\u00bb2\/3&Prime;][vc_column_text]Caf\u00e9 aux herbes bio &#8211; pour homme<\/p>\n<p>Offrant un go\u00fbt doux et une saveur aromatique d\u00e9lectable, le caf\u00e9 Bio Herbs de DR&rsquo;s Secret est tout simplement le caf\u00e9 le plus b\u00e9n\u00e9fique qui soit. Rempli d&rsquo;ingr\u00e9dients qui favorisent la vitalit\u00e9 et am\u00e9liore l&rsquo;endurance, le caf\u00e9 Bio Herbs contient du caf\u00e9 de qualit\u00e9 sup\u00e9rieure pr\u00e9m\u00e9lang\u00e9 avec des herbes naturelles comme Tongkat Ali, Maca et Guarana qui vous donneront s\u00fbrement l&rsquo;avantage suppl\u00e9mentaire de vivre une vie saine et active.<\/p>\n<p><em>* A consommer avant les activit\u00e9s intenses pour une performance et une subsistance optimales<\/em>[\/vc_column_text][vc_single_image image=\u00a0\u00bb8902&Prime; img_size=\u00a0\u00bbfull\u00a0\u00bb alignment=\u00a0\u00bbcenter\u00a0\u00bb][vc_column_text]<\/p>\n<p style=\"margin: 0px; padding: 0px; font-size: 14px; font-family: Roboto, -apple-system, BlinkMacSystemFont, 'Helvetica Neue', Helvetica, sans-serif;\" data-spm-anchor-id=\"a2o4k.pdp.product_detail.i1.276031b93wVUSy\"><strong>Avantages<\/strong> :<\/p>\n<ol style=\"margin: 0px; padding-right: 0px; padding-left: 0px; font-family: Roboto, -apple-system, BlinkMacSystemFont, 'Helvetica Neue', Helvetica, sans-serif; font-size: 12px;\">\n<li style=\"margin: 0px; padding: 0px;\">Am\u00e9liore l&rsquo;endurance et la vitalit\u00e9<\/li>\n<li style=\"margin: 0px; padding: 0px;\">Fournit des performances optimales pendant une activit\u00e9 intense<\/li>\n<li style=\"margin: 0px; padding: 0px;\" data-spm-anchor-id=\"a2o4k.pdp.product_detail.i0.276031b93wVUSy\">Restaurer et maintenir des niveaux d&rsquo;\u00e9nergie optimaux lors de t\u00e2ches rigoureuses<\/li>\n<\/ol>\n<p>[\/vc_column_text][vc_single_image image=\u00a0\u00bb8910&Prime; img_size=\u00a0\u00bbfull\u00a0\u00bb alignment=\u00a0\u00bbcenter\u00a0\u00bb][vc_column_text]<strong>Ingr\u00e9dients<\/strong>:<br \/>\nCaf\u00e9, cr\u00e9mier non laitier, sucre, Radix Polygoni Multiflori Preparata, racine de caresse de l&rsquo;Himalaya, tubercule de racine de curcuma, herbe de Songaria Cynomorium.<\/p>\n<p data-spm-anchor-id=\"a2o4k.pdp.product_detail.i5.276031b93wVUSy\"><strong>Consommation recommand\u00e9e<\/strong> :<br \/>\nPrendre 1 sachet (15 g) au besoin. Ou 1 sachet tous les 2 jours. Videz le sachet dans 120 ml d&rsquo;eau chaude et m\u00e9langez bien. Peut le d\u00e9guster chaud ou glac\u00e9.<\/p>\n<p>[\/vc_column_text][\/vc_column][vc_column width=\u00a0\u00bb1\/6&Prime;][\/vc_column][\/vc_row]<\/p>\n<\/div>","protected":false},"excerpt":{"rendered":"<ul>\n<li>Am\u00e9liore l&rsquo;endurance et la vitalit\u00e9<\/li>\n<li>Fournit des performances optimales pendant une activit\u00e9 intense<\/li>\n<li>Restaurer et maintenir des niveaux d&rsquo;\u00e9nergie optimaux lors de t\u00e2ches rigoureuses<\/li>\n<\/ul>\n","protected":false},"featured_media":39641,"comment_status":"open","ping_status":"closed","template":"","meta":[],"product_brand":[],"product_cat":[248],"product_tag":[],"class_list":{"0":"post-14351","1":"product","2":"type-product","3":"status-publish","4":"has-post-thumbnail","6":"product_cat-royal-honey-fr","7":"product_shipping_class-1-fr-2","9":"first","10":"instock","11":"sale","12":"shipping-taxable","13":"purchasable","14":"product-type-variable"},"supplier_id":null,"supplier_sku":"","barcode":null,"atum_controlled":true,"out_stock_date":null,"out_stock_threshold":null,"inheritable":true,"inbound_stock":0,"stock_on_hold":461,"sold_today":0,"sales_last_days":6,"reserved_stock":0,"customer_returns":0,"warehouse_damage":0,"lost_in_post":0,"other_logs":0,"out_stock_days":0,"lost_sales":0,"has_location":false,"update_date":"2026-04-13T16:56:49","atum_locations":[],"atum_stock_status":"instock","restock_status":true,"low_stock_amount":10,"sales_update_date":"2026-01-15T08:00:22","calc_backorders":null,"_links":{"self":[{"href":"https:\/\/myroyalmarket.com\/fr\/wp-json\/wp\/v2\/product\/14351","targetHints":{"allow":["GET"]}}],"collection":[{"href":"https:\/\/myroyalmarket.com\/fr\/wp-json\/wp\/v2\/product"}],"about":[{"href":"https:\/\/myroyalmarket.com\/fr\/wp-json\/wp\/v2\/types\/product"}],"replies":[{"embeddable":true,"href":"https:\/\/myroyalmarket.com\/fr\/wp-json\/wp\/v2\/comments?post=14351"}],"wp:featuredmedia":[{"embeddable":true,"href":"https:\/\/myroyalmarket.com\/fr\/wp-json\/wp\/v2\/media\/39641"}],"wp:attachment":[{"href":"https:\/\/myroyalmarket.com\/fr\/wp-json\/wp\/v2\/media?parent=14351"}],"wp:term":[{"taxonomy":"product_brand","embeddable":true,"href":"https:\/\/myroyalmarket.com\/fr\/wp-json\/wp\/v2\/product_brand?post=14351"},{"taxonomy":"product_cat","embeddable":true,"href":"https:\/\/myroyalmarket.com\/fr\/wp-json\/wp\/v2\/product_cat?post=14351"},{"taxonomy":"product_tag","embeddable":true,"href":"https:\/\/myroyalmarket.com\/fr\/wp-json\/wp\/v2\/product_tag?post=14351"}],"curies":[{"name":"wp","href":"https:\/\/api.w.org\/{rel}","templated":true}]}}