{"id":14386,"date":"2020-10-28T08:29:06","date_gmt":"2021-05-14T17:32:26","guid":{"rendered":"https:\/\/www.my-damas.com\/product\/royal-honey-vitamax-doubleshot-maca-honey-energy-honey-for-him-10x20-g\/"},"modified":"2026-02-26T22:27:29","modified_gmt":"2026-02-26T14:27:29","slug":"royal-honey-vitamax-doubleshot-maca-honey-energy-honey-for-him-10x20-g","status":"publish","type":"product","link":"https:\/\/myroyalmarket.com\/fr\/produit\/royal-honey-vitamax-doubleshot-maca-honey-energy-honey-for-him-10x20-g\/","title":{"rendered":"Royal Honey VITAMAX DOUBLESHOT MACA HONEY miel \u00e9nerg\u00e9tique pour lui 10&#215;20 g"},"content":{"rendered":"<div class=\"wpb-content-wrapper\"><p>[vc_row][vc_column width=\u00a0\u00bb1\/6&Prime;][\/vc_column][vc_column width=\u00a0\u00bb2\/3&Prime;][vc_column_text]<span style=\"font-size: 18px;\"><span style=\"box-sizing: border-box; font-weight: 600; font-family: myfont;\">Ingr\u00e9dients<\/span><br style=\"box-sizing: border-box; font-family: myfont; margin-bottom: 0px; font-size: 14px;\"><span style=\"font-family: myfont;\">Miel royal de qualit\u00e9 A, extrait de maca de qualit\u00e9 sup\u00e9rieure<\/span><\/span>[\/vc_column_text][vc_single_image image=\u00a0\u00bb39666&Prime; img_size=\u00a0\u00bbfull\u00a0\u00bb alignment=\u00a0\u00bbcenter\u00a0\u00bb][vc_single_image image=\u00a0\u00bb39672&Prime; img_size=\u00a0\u00bbfull\u00a0\u00bb alignment=\u00a0\u00bbcenter\u00a0\u00bb][\/vc_column][vc_column width=\u00a0\u00bb1\/6&Prime;][\/vc_column][\/vc_row]<\/p>\n<\/div>","protected":false},"excerpt":{"rendered":"<ul>\n<li>Renforcez votre condition physique et vos capacit\u00e9s.<\/li>\n<li> Redonner de l&rsquo;\u00e9nergie.<\/li>\n<li> Durent plus longtemps, plus de sensations et de sensations pour votre corps.<\/li>\n<\/ul>\n","protected":false},"featured_media":39654,"comment_status":"open","ping_status":"closed","template":"","meta":[],"product_brand":[],"product_cat":[248],"product_tag":[],"class_list":{"0":"post-14386","1":"product","2":"type-product","3":"status-publish","4":"has-post-thumbnail","6":"product_cat-royal-honey-fr","7":"product_shipping_class-1-fr-2","9":"first","10":"instock","11":"sale","12":"shipping-taxable","13":"purchasable","14":"product-type-simple"},"supplier_id":null,"supplier_sku":"","barcode":null,"atum_controlled":true,"out_stock_date":null,"out_stock_threshold":null,"inheritable":false,"inbound_stock":0,"stock_on_hold":58,"sold_today":0,"sales_last_days":0,"reserved_stock":0,"customer_returns":0,"warehouse_damage":0,"lost_in_post":0,"other_logs":0,"out_stock_days":0,"lost_sales":0,"has_location":false,"update_date":"2026-03-09T20:29:32","atum_locations":[],"atum_stock_status":"instock","restock_status":false,"low_stock_amount":"","sales_update_date":"2026-03-09T20:29:32","calc_backorders":null,"_links":{"self":[{"href":"https:\/\/myroyalmarket.com\/fr\/wp-json\/wp\/v2\/product\/14386","targetHints":{"allow":["GET"]}}],"collection":[{"href":"https:\/\/myroyalmarket.com\/fr\/wp-json\/wp\/v2\/product"}],"about":[{"href":"https:\/\/myroyalmarket.com\/fr\/wp-json\/wp\/v2\/types\/product"}],"replies":[{"embeddable":true,"href":"https:\/\/myroyalmarket.com\/fr\/wp-json\/wp\/v2\/comments?post=14386"}],"wp:featuredmedia":[{"embeddable":true,"href":"https:\/\/myroyalmarket.com\/fr\/wp-json\/wp\/v2\/media\/39654"}],"wp:attachment":[{"href":"https:\/\/myroyalmarket.com\/fr\/wp-json\/wp\/v2\/media?parent=14386"}],"wp:term":[{"taxonomy":"product_brand","embeddable":true,"href":"https:\/\/myroyalmarket.com\/fr\/wp-json\/wp\/v2\/product_brand?post=14386"},{"taxonomy":"product_cat","embeddable":true,"href":"https:\/\/myroyalmarket.com\/fr\/wp-json\/wp\/v2\/product_cat?post=14386"},{"taxonomy":"product_tag","embeddable":true,"href":"https:\/\/myroyalmarket.com\/fr\/wp-json\/wp\/v2\/product_tag?post=14386"}],"curies":[{"name":"wp","href":"https:\/\/api.w.org\/{rel}","templated":true}]}}