{"id":14397,"date":"2020-10-28T08:29:03","date_gmt":"2021-05-14T18:34:33","guid":{"rendered":"https:\/\/www.my-damas.com\/product\/vip-vital-honey-with-caviar-tongkat-for-sexual-wellness-100-original-royal-honey\/"},"modified":"2026-03-09T00:52:50","modified_gmt":"2026-03-08T16:52:50","slug":"vip-vital-honey-with-caviar-tongkat-for-sexual-wellness-100-original-royal-honey","status":"publish","type":"product","link":"https:\/\/myroyalmarket.com\/fr\/produit\/vip-vital-honey-with-caviar-tongkat-for-sexual-wellness-100-original-royal-honey\/","title":{"rendered":"VIP Vital Honey Au Caviar &amp; Tongkat 100% Original (Miel Royal) 12x15g"},"content":{"rendered":"<div class=\"wpb-content-wrapper\"><p>[vc_row][vc_column width=\u00a0\u00bb1\/6&Prime;][\/vc_column][vc_column width=\u00a0\u00bb2\/3&Prime;][vc_single_image image=\u00a0\u00bb8958&Prime; img_size=\u00a0\u00bbfull\u00a0\u00bb alignment=\u00a0\u00bbcenter\u00a0\u00bb][vc_single_image image=\u00a0\u00bb8978&Prime; img_size=\u00a0\u00bbfull\u00a0\u00bb alignment=\u00a0\u00bbcenter\u00a0\u00bb][\/vc_column][vc_column width=\u00a0\u00bb1\/6&Prime;][\/vc_column][\/vc_row]<\/p>\n<\/div>","protected":false},"excerpt":{"rendered":"<ul>\n<li>Augmente le d\u00e9sir sexuel.<\/li>\n<li>Renforce l&rsquo;\u00e9rection sans se sentir fatigu\u00e9.<\/li>\n<li>Augmente la confiance en soi gr\u00e2ce \u00e0 une performance sexuelle stable.<\/li>\n<li>Augmente les niveaux de testost\u00e9rone.<\/li>\n<li>Diminue les probl\u00e8mes de prostate et les maladies dans le syst\u00e8me productif de l&rsquo;homme.<\/li>\n<li>Donne une sensation d&rsquo;activit\u00e9, de clart\u00e9 mentale et rafra\u00eechit la m\u00e9moire.<\/li>\n<li>Soutient les cellules du corps avec des acides amin\u00e9s et des min\u00e9raux, importants pour le m\u00e9tabolisme.<\/li>\n<li>Organise le m\u00e9tabolisme cellulaire gr\u00e2ce aux om\u00e9ga 3.<\/li>\n<li>Emp\u00eache l&rsquo;\u00e9jaculation pr\u00e9coce et maintient une performance sexuelle saine.<\/li>\n<li>Allonge la p\u00e9riode d&rsquo;action et am\u00e9liore l&rsquo;orgasme.<\/li>\n<li>Augmente le d\u00e9sir sexuel.<\/li>\n<li>Donne confiance en soi et d\u00e9sir d&rsquo;\u00eatre sexuellement actif.<\/li>\n<li>Maintient une base stable de performance sexuelle.<\/li>\n<li>Am\u00e9liore la circulation sanguine.<\/li>\n<\/ul>\n","protected":false},"featured_media":8966,"comment_status":"open","ping_status":"closed","template":"","meta":[],"product_brand":[],"product_cat":[248],"product_tag":[],"class_list":{"0":"post-14397","1":"product","2":"type-product","3":"status-publish","4":"has-post-thumbnail","6":"product_cat-royal-honey-fr","7":"product_shipping_class-1-fr-2","9":"first","10":"instock","11":"sale","12":"shipping-taxable","13":"purchasable","14":"product-type-simple"},"supplier_id":null,"supplier_sku":"","barcode":null,"atum_controlled":true,"out_stock_date":null,"out_stock_threshold":null,"inheritable":false,"inbound_stock":0,"stock_on_hold":60,"sold_today":0,"sales_last_days":7,"reserved_stock":0,"customer_returns":0,"warehouse_damage":0,"lost_in_post":0,"other_logs":0,"out_stock_days":0,"lost_sales":0,"has_location":false,"update_date":"2026-05-07T19:38:36","atum_locations":[],"atum_stock_status":"instock","restock_status":false,"low_stock_amount":"","sales_update_date":"2026-05-07T19:38:35","calc_backorders":null,"_links":{"self":[{"href":"https:\/\/myroyalmarket.com\/fr\/wp-json\/wp\/v2\/product\/14397","targetHints":{"allow":["GET"]}}],"collection":[{"href":"https:\/\/myroyalmarket.com\/fr\/wp-json\/wp\/v2\/product"}],"about":[{"href":"https:\/\/myroyalmarket.com\/fr\/wp-json\/wp\/v2\/types\/product"}],"replies":[{"embeddable":true,"href":"https:\/\/myroyalmarket.com\/fr\/wp-json\/wp\/v2\/comments?post=14397"}],"wp:featuredmedia":[{"embeddable":true,"href":"https:\/\/myroyalmarket.com\/fr\/wp-json\/wp\/v2\/media\/8966"}],"wp:attachment":[{"href":"https:\/\/myroyalmarket.com\/fr\/wp-json\/wp\/v2\/media?parent=14397"}],"wp:term":[{"taxonomy":"product_brand","embeddable":true,"href":"https:\/\/myroyalmarket.com\/fr\/wp-json\/wp\/v2\/product_brand?post=14397"},{"taxonomy":"product_cat","embeddable":true,"href":"https:\/\/myroyalmarket.com\/fr\/wp-json\/wp\/v2\/product_cat?post=14397"},{"taxonomy":"product_tag","embeddable":true,"href":"https:\/\/myroyalmarket.com\/fr\/wp-json\/wp\/v2\/product_tag?post=14397"}],"curies":[{"name":"wp","href":"https:\/\/api.w.org\/{rel}","templated":true}]}}