{"id":14450,"date":"2020-10-28T08:29:03","date_gmt":"2021-05-28T18:25:33","guid":{"rendered":"https:\/\/www.my-damas.com\/product\/crown-royal-honey-agm-a-better-married-life-original-product\/"},"modified":"2026-04-21T17:38:02","modified_gmt":"2026-04-21T09:38:02","slug":"crown-royal-honey-agm-a-better-married-life-original-product","status":"publish","type":"product","link":"https:\/\/myroyalmarket.com\/fr\/produit\/crown-royal-honey-agm-a-better-married-life-original-product\/","title":{"rendered":"Crown Royal Honey AGM, (Produit original) 12x10g"},"content":{"rendered":"<div class=\"wpb-content-wrapper\"><p>[vc_row][vc_column width=\u00a0\u00bb1\/6&Prime;][\/vc_column][vc_column width=\u00a0\u00bb2\/3&Prime;][\/vc_column][vc_column width=\u00a0\u00bb1\/6&Prime;][\/vc_column][\/vc_row]<\/p>\n<\/div>","protected":false},"excerpt":{"rendered":"<ul>\n<li> Soutient l&rsquo;excitation sexuelle, surtout \u00e0 un \u00e2ge avanc\u00e9<\/li>\n<li> Il est utile pour une mauvaise \u00e9rection et favorise la satisfaction sexuelle<\/li>\n<li>Rapports sexuels prolong\u00e9s et ralentit l&rsquo;\u00e9jaculation rapide<\/li>\n<li>Il est efficace pour une mauvaise \u00e9jaculation des spermatozo\u00efdes immatures<\/li>\n<li>Favorise la fertilit\u00e9 et am\u00e9liore la qualit\u00e9 et le nombre de spermatozo\u00efdes<\/li>\n<li>Emp\u00eache la fatigue, renforce le corps et am\u00e9liore la circulation sanguine<\/li>\n<li>Est riche en prot\u00e9ines, en acides amin\u00e9s et en vitamines<\/li>\n<li>Favorise la m\u00e9moire, ainsi qu&rsquo;une activit\u00e9 mentale et intellectuelle<\/li>\n<\/ul>\n","protected":false},"featured_media":39749,"comment_status":"open","ping_status":"closed","template":"","meta":[],"product_brand":[],"product_cat":[248],"product_tag":[],"class_list":{"0":"post-14450","1":"product","2":"type-product","3":"status-publish","4":"has-post-thumbnail","6":"product_cat-royal-honey-fr","7":"product_shipping_class-1-fr-2","9":"first","10":"instock","11":"sale","12":"shipping-taxable","13":"purchasable","14":"product-type-simple"},"supplier_id":null,"supplier_sku":"","barcode":null,"atum_controlled":true,"out_stock_date":null,"out_stock_threshold":null,"inheritable":false,"inbound_stock":0,"stock_on_hold":25,"sold_today":0,"sales_last_days":0,"reserved_stock":0,"customer_returns":0,"warehouse_damage":0,"lost_in_post":0,"other_logs":0,"out_stock_days":0,"lost_sales":0,"has_location":false,"update_date":"2026-05-04T19:17:30","atum_locations":[],"atum_stock_status":"instock","restock_status":false,"low_stock_amount":"","sales_update_date":"2026-05-04T19:17:30","calc_backorders":null,"_links":{"self":[{"href":"https:\/\/myroyalmarket.com\/fr\/wp-json\/wp\/v2\/product\/14450","targetHints":{"allow":["GET"]}}],"collection":[{"href":"https:\/\/myroyalmarket.com\/fr\/wp-json\/wp\/v2\/product"}],"about":[{"href":"https:\/\/myroyalmarket.com\/fr\/wp-json\/wp\/v2\/types\/product"}],"replies":[{"embeddable":true,"href":"https:\/\/myroyalmarket.com\/fr\/wp-json\/wp\/v2\/comments?post=14450"}],"wp:featuredmedia":[{"embeddable":true,"href":"https:\/\/myroyalmarket.com\/fr\/wp-json\/wp\/v2\/media\/39749"}],"wp:attachment":[{"href":"https:\/\/myroyalmarket.com\/fr\/wp-json\/wp\/v2\/media?parent=14450"}],"wp:term":[{"taxonomy":"product_brand","embeddable":true,"href":"https:\/\/myroyalmarket.com\/fr\/wp-json\/wp\/v2\/product_brand?post=14450"},{"taxonomy":"product_cat","embeddable":true,"href":"https:\/\/myroyalmarket.com\/fr\/wp-json\/wp\/v2\/product_cat?post=14450"},{"taxonomy":"product_tag","embeddable":true,"href":"https:\/\/myroyalmarket.com\/fr\/wp-json\/wp\/v2\/product_tag?post=14450"}],"curies":[{"name":"wp","href":"https:\/\/api.w.org\/{rel}","templated":true}]}}