{"id":14459,"date":"2020-10-28T08:28:55","date_gmt":"2021-05-28T19:13:24","guid":{"rendered":"https:\/\/www.my-damas.com\/product\/med-care-golden-royal-honey-vip-10g-x-24-sachets-wooden-box\/"},"modified":"2026-01-16T22:19:37","modified_gmt":"2026-01-16T14:19:37","slug":"med-care-golden-royal-honey-vip-10g-x-24-sachets-wooden-box","status":"publish","type":"product","link":"https:\/\/myroyalmarket.com\/fr\/produit\/med-care-golden-royal-honey-vip-10g-x-24-sachets-wooden-box\/","title":{"rendered":"Med Care Golden Royal Honey VIP 10g X 24 sachets, coffret bois"},"content":{"rendered":"<div class=\"wpb-content-wrapper\"><p>[vc_row][vc_column width=\u00a0\u00bb1\/6&Prime;][\/vc_column][vc_column width=\u00a0\u00bb2\/3&Prime;][vc_column_text]<strong>INGR\u00c9DIENTS:<\/strong><\/p>\n<p>Miel pur: 93%<br \/>\nRadix Eurycoma Longifolia: 5%<br \/>\nRadix Panax Ginseng: 1%<br \/>\nGel\u00e9e royale: 1%<\/p>\n<p><strong>DOSAGE<\/strong> :<br \/>\nConsommez 1 sachet de Golden Royal Honey par jour avant de dormir pour ressentir tous ses effets le lendemain matin et commencer la journ\u00e9e en pleine forme<\/p>\n<p>Le miel royal d&rsquo;or peut \u00e9galement \u00eatre consomm\u00e9 une heure avant toute activit\u00e9 physique ou rencontre pour un regain d&rsquo;\u00e9nergie suppl\u00e9mentaire.[\/vc_column_text][vc_single_image image=\u00a0\u00bb8986&Prime; img_size=\u00a0\u00bbfull\u00a0\u00bb][vc_column_text]<strong>MISE EN GARDE<\/strong> :<\/p>\n<p>Une fois le sachet ouvert, consommez imm\u00e9diatement. Ne pas stocker.<br \/>\nSi vous avez des allergies au pollen d&rsquo;abeille, au miel ou \u00e0 tout sous-produit de l&rsquo;abeille, veuillez ne pas en consommer.<br \/>\nAgitation et hyperactivit\u00e9 dues au fait d&rsquo;\u00eatre plus \u00e9nergique. Cela peut \u00e9galement \u00eatre un avantage car les gens ont besoin de plus d&rsquo;\u00e9nergie et d&rsquo;enthousiasme.<br \/>\nSTOCKAGE: Conserver dans un endroit sec \u00e0 temp\u00e9rature ambiante \u00e0 l&rsquo;abri de la lumi\u00e8re du soleil[\/vc_column_text][\/vc_column][vc_column width=\u00a0\u00bb1\/6&Prime;][\/vc_column][\/vc_row]<\/p>\n<\/div>","protected":false},"excerpt":{"rendered":"<ul>\n<li>Am\u00e9liore l&rsquo;immunit\u00e9.<\/li>\n<li>Pr\u00e9venez l&rsquo;arthrite et la scl\u00e9rose en plaques.<\/li>\n<li>Traitez l&rsquo;asthme.<\/li>\n<li>Ralentissez les signes du vieillissement.<\/li>\n<li>Stimule la pousse des cheveux.<\/li>\n<li>Am\u00e9liorez les performances sexuelles.<\/li>\n<li>R\u00e9duisez les sympt\u00f4mes de la m\u00e9nopause.<\/li>\n<li>Acc\u00e9l\u00e9rer la gu\u00e9rison et la consolidation des os fractur\u00e9s.<\/li>\n<li>R\u00e9duisez le cholest\u00e9rol.<\/li>\n<li>Soulage les maladies cardiovasculaires.<\/li>\n<li>Rem\u00e8de aux maladies du foie, au pancr\u00e9as, \u00e0 l&rsquo;insomnie, \u00e0 la fatigue, aux ulc\u00e8res et aux troubles digestifs et cutan\u00e9s.<\/li>\n<li>R\u00e9duit la fatigue et le surmenage, l&rsquo;asth\u00e9nie, les \u00e9tats d&rsquo;anxi\u00e9t\u00e9, l&rsquo;insomnie et l&rsquo;anorexie.<\/li>\n<li>Am\u00e9lioration de la synth\u00e8se de la testost\u00e9rone.<\/li>\n<li>Augmentez le niveau d&rsquo;\u00e9nergie.<\/li>\n<li>Augmentation de la r\u00e9ponse sexuelle et de la qualit\u00e9 du sperme.<\/li>\n<li>Augmenter le d\u00e9sir sexuel et le transformer en v\u00e9ritable vital<\/li>\n<li>Renforce les \u00e9rections chez les personnes \u00e2g\u00e9es sans se sentir faible<\/li>\n<li>Favorise la confiance en soi gr\u00e2ce \u00e0 la performance sexuelle pendant une longue p\u00e9riode<\/li>\n<li>Travailler sur la r\u00e9duction des probl\u00e8mes de prostate et des l\u00e9sions g\u00e9nitales chez l&rsquo;homme<\/li>\n<li>Resserre le corps et donne une sensation de vitalit\u00e9, de lucidit\u00e9 et active la m\u00e9moire<\/li>\n<li>Soutient les cellules du corps, les acides amin\u00e9s et les min\u00e9raux n\u00e9cessaires au processus de m\u00e9tabolisme<\/li>\n<li>R\u00e9gule le m\u00e9tabolisme des cellules gr\u00e2ce \u00e0 sa haute teneur en om\u00e9ga-3<\/li>\n<\/ul>\n","protected":false},"featured_media":8998,"comment_status":"open","ping_status":"closed","template":"","meta":[],"product_brand":[],"product_cat":[248],"product_tag":[],"class_list":{"0":"post-14459","1":"product","2":"type-product","3":"status-publish","4":"has-post-thumbnail","6":"product_cat-royal-honey-fr","7":"product_shipping_class-1-fr-2","9":"first","10":"instock","11":"sale","12":"shipping-taxable","13":"purchasable","14":"product-type-simple"},"supplier_id":null,"supplier_sku":"","barcode":null,"atum_controlled":true,"out_stock_date":null,"out_stock_threshold":null,"inheritable":false,"inbound_stock":0,"stock_on_hold":8,"sold_today":0,"sales_last_days":0,"reserved_stock":0,"customer_returns":0,"warehouse_damage":0,"lost_in_post":0,"other_logs":0,"out_stock_days":0,"lost_sales":0,"has_location":false,"update_date":"2026-05-05T00:46:02","atum_locations":[],"atum_stock_status":"instock","restock_status":false,"low_stock_amount":"","sales_update_date":"2026-05-05T00:46:02","calc_backorders":null,"_links":{"self":[{"href":"https:\/\/myroyalmarket.com\/fr\/wp-json\/wp\/v2\/product\/14459","targetHints":{"allow":["GET"]}}],"collection":[{"href":"https:\/\/myroyalmarket.com\/fr\/wp-json\/wp\/v2\/product"}],"about":[{"href":"https:\/\/myroyalmarket.com\/fr\/wp-json\/wp\/v2\/types\/product"}],"replies":[{"embeddable":true,"href":"https:\/\/myroyalmarket.com\/fr\/wp-json\/wp\/v2\/comments?post=14459"}],"wp:featuredmedia":[{"embeddable":true,"href":"https:\/\/myroyalmarket.com\/fr\/wp-json\/wp\/v2\/media\/8998"}],"wp:attachment":[{"href":"https:\/\/myroyalmarket.com\/fr\/wp-json\/wp\/v2\/media?parent=14459"}],"wp:term":[{"taxonomy":"product_brand","embeddable":true,"href":"https:\/\/myroyalmarket.com\/fr\/wp-json\/wp\/v2\/product_brand?post=14459"},{"taxonomy":"product_cat","embeddable":true,"href":"https:\/\/myroyalmarket.com\/fr\/wp-json\/wp\/v2\/product_cat?post=14459"},{"taxonomy":"product_tag","embeddable":true,"href":"https:\/\/myroyalmarket.com\/fr\/wp-json\/wp\/v2\/product_tag?post=14459"}],"curies":[{"name":"wp","href":"https:\/\/api.w.org\/{rel}","templated":true}]}}