{"id":14536,"date":"2020-10-28T08:28:38","date_gmt":"2021-06-03T07:08:36","guid":{"rendered":"https:\/\/www.my-damas.com\/product\/vip-royal-honey-for-women-1220-gram-for-her\/"},"modified":"2025-10-06T22:41:34","modified_gmt":"2025-10-06T14:41:34","slug":"vip-royal-honey-for-women-1220-gram-for-her","status":"publish","type":"product","link":"https:\/\/myroyalmarket.com\/fr\/produit\/vip-royal-honey-for-women-1220-gram-for-her\/","title":{"rendered":"Etumax VIP Royal Honey Pour femme 12*20 grammes (pour elle)"},"content":{"rendered":"<div class=\"wpb-content-wrapper\"><p>[vc_row][vc_column width=\u00a0\u00bb1\/6&Prime;][\/vc_column][vc_column width=\u00a0\u00bb2\/3&Prime;][vc_column_text]<strong>Ingr\u00e9dients<\/strong><\/p>\n<p>Chaque sachet contient :<br \/>\nExtrait de feuille de Kacip Fatimah 0,8g<br \/>\nGel\u00e9e Royale 0.6g<br \/>\nPollen d&rsquo;abeille 0.2g<br \/>\nPoudre de larve d&rsquo;abeille 1.0g<br \/>\nMiel pur 17,4g<\/p>\n<p><strong>Noter<\/strong> : L&rsquo;efficacit\u00e9 peut diff\u00e9rer d&rsquo;une personne \u00e0 l&rsquo;autre[\/vc_column_text][vc_single_image image=\u00a0\u00bb9102&Prime; img_size=\u00a0\u00bbfull\u00a0\u00bb alignment=\u00a0\u00bbcenter\u00a0\u00bb][vc_single_image image=\u00a0\u00bb9110&Prime; img_size=\u00a0\u00bbfull\u00a0\u00bb alignment=\u00a0\u00bbcenter\u00a0\u00bb][\/vc_column][vc_column width=\u00a0\u00bb1\/6&Prime;][\/vc_column][\/vc_row]<\/p>\n<\/div>","protected":false},"excerpt":{"rendered":"<ul>\n<li>Miel pur enrichi du c\u00e9l\u00e8bre Kacip Fatima<\/li>\n<li>Le Miel nutritif enrichi en biomol\u00e9cules vitales rapidement assimilables pr\u00e9sentes dans la Gel\u00e9e Royale et le Pollen d&rsquo;Abeille<\/li>\n<li>Pour un attrait sexuel f\u00e9minin fantastique avec des mesures remarquables<\/li>\n<li>Augmenter la vitalit\u00e9 et l&rsquo;accumulation de tissu<\/li>\n<li>Pour une poitrine plus ferme et un teint plus lisse<\/li>\n<li>\u00c9veille le d\u00e9sir f\u00e9minin et am\u00e9liore l&rsquo;orgasme<\/li>\n<li>R\u00e9gule le cycle menstruel<\/li>\n<li>Soulage les sympt\u00f4mes vasomoteurs et am\u00e9liore l&rsquo;activit\u00e9 sexuelle chez les femmes m\u00e9nopaus\u00e9es.<\/li>\n<\/ul>\n","protected":false},"featured_media":9098,"comment_status":"open","ping_status":"closed","template":"","meta":[],"product_brand":[],"product_cat":[248],"product_tag":[],"class_list":{"0":"post-14536","1":"product","2":"type-product","3":"status-publish","4":"has-post-thumbnail","6":"product_cat-royal-honey-fr","7":"product_shipping_class-1-fr-2","9":"first","10":"instock","11":"sale","12":"shipping-taxable","13":"purchasable","14":"product-type-simple"},"supplier_id":null,"supplier_sku":"","barcode":null,"atum_controlled":true,"out_stock_date":null,"out_stock_threshold":null,"inheritable":false,"inbound_stock":0,"stock_on_hold":12,"sold_today":0,"sales_last_days":0,"reserved_stock":0,"customer_returns":0,"warehouse_damage":0,"lost_in_post":0,"other_logs":0,"out_stock_days":0,"lost_sales":0,"has_location":false,"update_date":"2025-12-06T13:23:20","atum_locations":[],"atum_stock_status":"instock","restock_status":false,"low_stock_amount":"","sales_update_date":"2025-12-06T13:23:20","calc_backorders":null,"_links":{"self":[{"href":"https:\/\/myroyalmarket.com\/fr\/wp-json\/wp\/v2\/product\/14536","targetHints":{"allow":["GET"]}}],"collection":[{"href":"https:\/\/myroyalmarket.com\/fr\/wp-json\/wp\/v2\/product"}],"about":[{"href":"https:\/\/myroyalmarket.com\/fr\/wp-json\/wp\/v2\/types\/product"}],"replies":[{"embeddable":true,"href":"https:\/\/myroyalmarket.com\/fr\/wp-json\/wp\/v2\/comments?post=14536"}],"wp:featuredmedia":[{"embeddable":true,"href":"https:\/\/myroyalmarket.com\/fr\/wp-json\/wp\/v2\/media\/9098"}],"wp:attachment":[{"href":"https:\/\/myroyalmarket.com\/fr\/wp-json\/wp\/v2\/media?parent=14536"}],"wp:term":[{"taxonomy":"product_brand","embeddable":true,"href":"https:\/\/myroyalmarket.com\/fr\/wp-json\/wp\/v2\/product_brand?post=14536"},{"taxonomy":"product_cat","embeddable":true,"href":"https:\/\/myroyalmarket.com\/fr\/wp-json\/wp\/v2\/product_cat?post=14536"},{"taxonomy":"product_tag","embeddable":true,"href":"https:\/\/myroyalmarket.com\/fr\/wp-json\/wp\/v2\/product_tag?post=14536"}],"curies":[{"name":"wp","href":"https:\/\/api.w.org\/{rel}","templated":true}]}}