{"id":14541,"date":"2020-10-28T08:28:37","date_gmt":"2021-06-03T07:26:01","guid":{"rendered":"https:\/\/www.my-damas.com\/product\/qh-royal-honey-24-sachets\/"},"modified":"2021-07-21T16:51:30","modified_gmt":"2021-07-21T16:51:30","slug":"qh-royal-honey-24-sachets","status":"publish","type":"product","link":"https:\/\/myroyalmarket.com\/fr\/produit\/qh-royal-honey-24-sachets\/","title":{"rendered":"QH Royal Honey 24 Sachets"},"content":{"rendered":"<div class=\"wpb-content-wrapper\"><p>[vc_row][vc_column width=\u00a0\u00bb1\/6&Prime;][\/vc_column][vc_column width=\u00a0\u00bb2\/3&Prime;][vc_column_text]<strong>Commencez l&rsquo;exp\u00e9rience QH Royal Honey Original ici<\/strong><\/p>\n<p>Pourquoi QH Royal Honey Original est-il si extraordinaire ?<br \/>\nContrairement aux produits apicoles normaux, QH Royal Honey est un secret unique de la royaut\u00e9.<\/p>\n<p>C&rsquo;est pr\u00e9cieux, rare et pr\u00e9cieux. On pense que les derniers ingr\u00e9dients issus de la recherche et de la technologie sont capables de nourrir le corps \u00e0 l&rsquo;int\u00e9rieur et de le revitaliser \u00e9galement \u00e0 l&rsquo;ext\u00e9rieur.<\/p>\n<p>Il est rempli de t\u00e9moignages \u00e9blouissants sur le pouvoir de gu\u00e9rison de la source naturelle.<\/p>\n<p>Ses multiples saveurs florales et ses nombreux bienfaits pour la sant\u00e9. Sa polyvalence et la bont\u00e9 qu&rsquo;il peut apporter dans votre vie quotidienne sont WOW.<\/p>\n<p>En fait, c&rsquo;est bien mieux que ce que la plupart des gens per\u00e7oivent.[\/vc_column_text][vc_single_image image=\u00a0\u00bb9138&Prime; img_size=\u00a0\u00bbfull\u00a0\u00bb alignment=\u00a0\u00bbcenter\u00a0\u00bb][vc_column_text]<strong>D\u00e9couvrez l&rsquo;\u00e9norme avantage de QH Royal Honey Original<\/strong><\/p>\n<p><strong>C&rsquo;est le booster d&rsquo;\u00e9nergie de la nature<\/strong><br \/>\nUne excellente source naturelle de glucides qui fournissent force et \u00e9nergie \u00e0 notre corps, il est connu pour son efficacit\u00e9 \u00e0 augmenter instantan\u00e9ment les performances.<\/p>\n<p><strong>C&rsquo;est un excellent constructeur de syst\u00e8me immunitaire.<\/strong><br \/>\nSes propri\u00e9t\u00e9s antioxydantes et antibact\u00e9riennes peuvent aider \u00e0 am\u00e9liorer le syst\u00e8me digestif et vous aider \u00e0 rester en bonne sant\u00e9 et \u00e0 combattre les maladies.<\/p>\n<p>C&rsquo;est un rem\u00e8de naturel pour de nombreux maux.<\/p>\n<p><strong>L&rsquo;avantage le plus incroyable de QH Roayl Honey Original est ses effets biologiques.<\/strong><br \/>\nEurycoma Longifolia augmente la virilit\u00e9 masculine et les prouesses sexuelles pendant les activit\u00e9s sexuelles. Et il a \u00e9t\u00e9 constat\u00e9 que Eurycoma Longifolia augmente le nombre de spermatozo\u00efdes.<\/p>\n<p><strong>Commencez chaque nouvelle journ\u00e9e avec QH Royal Honey Original avec son incroyable tonique \u00e9nerg\u00e9tique.<\/strong><br \/>\nC&rsquo;est une \u00e9nergie naturelle pour votre corps.<\/p>\n<p>&nbsp;<\/p>\n<p>Qu&rsquo;y a-t-il dans la boite : Chaque bo\u00eete contient 24 sachets \/ 10 grammes chacun<\/p>\n<div class=\"card\">\n<div class=\"card-block\">\n<div class=\"form-body\"><\/div>\n<\/div>\n<\/div>\n<p>[\/vc_column_text][\/vc_column][vc_column width=\u00a0\u00bb1\/6&Prime;][\/vc_column][\/vc_row]<\/p>\n<\/div>","protected":false},"excerpt":{"rendered":"<ul>\n<li>Am\u00e9liore la fertilit\u00e9<\/li>\n<li>Am\u00e9liore la circulation sanguine<\/li>\n<li>Soutient un syst\u00e8me immunitaire sain<\/li>\n<li>Construire un meilleur corps muscl\u00e9<\/li>\n<li>Am\u00e9liore l&rsquo;absorption et le m\u00e9tabolisme des nutriments<\/li>\n<li>Traiter l&rsquo;asthme<\/li>\n<li>Pr\u00e9venir le vieillissement<\/li>\n<li>24 sachets<\/li>\n<\/ul>\n","protected":false},"featured_media":9134,"comment_status":"open","ping_status":"closed","template":"","meta":[],"product_brand":[],"product_cat":[248],"product_tag":[],"class_list":{"0":"post-14541","1":"product","2":"type-product","3":"status-publish","4":"has-post-thumbnail","6":"product_cat-royal-honey-fr","7":"product_shipping_class-1-fr-2","9":"first","10":"outofstock","11":"sale","12":"shipping-taxable","13":"purchasable","14":"product-type-simple"},"supplier_id":null,"supplier_sku":"","barcode":null,"atum_controlled":true,"out_stock_date":null,"out_stock_threshold":null,"inheritable":false,"inbound_stock":0,"stock_on_hold":0,"sold_today":0,"sales_last_days":0,"reserved_stock":0,"customer_returns":0,"warehouse_damage":0,"lost_in_post":0,"other_logs":0,"out_stock_days":0,"lost_sales":0,"has_location":false,"update_date":"2026-05-05T00:45:27","atum_locations":[],"atum_stock_status":"outofstock","restock_status":false,"low_stock_amount":"","sales_update_date":"2026-05-05T00:45:27","calc_backorders":null,"_links":{"self":[{"href":"https:\/\/myroyalmarket.com\/fr\/wp-json\/wp\/v2\/product\/14541","targetHints":{"allow":["GET"]}}],"collection":[{"href":"https:\/\/myroyalmarket.com\/fr\/wp-json\/wp\/v2\/product"}],"about":[{"href":"https:\/\/myroyalmarket.com\/fr\/wp-json\/wp\/v2\/types\/product"}],"replies":[{"embeddable":true,"href":"https:\/\/myroyalmarket.com\/fr\/wp-json\/wp\/v2\/comments?post=14541"}],"wp:featuredmedia":[{"embeddable":true,"href":"https:\/\/myroyalmarket.com\/fr\/wp-json\/wp\/v2\/media\/9134"}],"wp:attachment":[{"href":"https:\/\/myroyalmarket.com\/fr\/wp-json\/wp\/v2\/media?parent=14541"}],"wp:term":[{"taxonomy":"product_brand","embeddable":true,"href":"https:\/\/myroyalmarket.com\/fr\/wp-json\/wp\/v2\/product_brand?post=14541"},{"taxonomy":"product_cat","embeddable":true,"href":"https:\/\/myroyalmarket.com\/fr\/wp-json\/wp\/v2\/product_cat?post=14541"},{"taxonomy":"product_tag","embeddable":true,"href":"https:\/\/myroyalmarket.com\/fr\/wp-json\/wp\/v2\/product_tag?post=14541"}],"curies":[{"name":"wp","href":"https:\/\/api.w.org\/{rel}","templated":true}]}}