{"id":14908,"date":"2020-10-28T08:29:18","date_gmt":"2021-07-31T17:00:40","guid":{"rendered":"https:\/\/www.my-damas.com\/product\/g9-bioaqua-olive-hair-conditioner-repair-damaged-hair-care-deep-conditioner-400g\/"},"modified":"2022-01-17T15:11:57","modified_gmt":"2022-01-17T15:11:57","slug":"g9-bioaqua-olive-hair-conditioner-repair-damaged-hair-care-deep-conditioner-400g","status":"publish","type":"product","link":"https:\/\/myroyalmarket.com\/fr\/produit\/g9-bioaqua-olive-hair-conditioner-repair-damaged-hair-care-deep-conditioner-400g\/","title":{"rendered":"G9 BIOAQUA Olive Shampooing R\u00e9parateur Cheveux Ab\u00eem\u00e9s Revitalisant Profond 400g"},"content":{"rendered":"<div class=\"wpb-content-wrapper\"><p>[vc_row][vc_column width=\u00a0\u00bb1\/6&Prime;][\/vc_column][vc_column width=\u00a0\u00bb2\/3&Prime;][vc_column_text]<strong>Les ingr\u00e9dients principaux:<\/strong><br \/>\nExtrait d&rsquo;olive, laurier et acide citrique.[\/vc_column_text][vc_single_image image=\u00a0\u00bb8126&Prime; img_size=\u00a0\u00bbfull\u00a0\u00bb alignment=\u00a0\u00bbcenter\u00a0\u00bb][vc_single_image image=\u00a0\u00bb8150&Prime; img_size=\u00a0\u00bbfull\u00a0\u00bb alignment=\u00a0\u00bbcenter\u00a0\u00bb][vc_single_image image=\u00a0\u00bb8146&Prime; img_size=\u00a0\u00bbfull\u00a0\u00bb alignment=\u00a0\u00bbcenter\u00a0\u00bb][vc_single_image image=\u00a0\u00bb8138&Prime; img_size=\u00a0\u00bbfull\u00a0\u00bb alignment=\u00a0\u00bbcenter\u00a0\u00bb][\/vc_column][vc_column width=\u00a0\u00bb1\/6&Prime;][\/vc_column][\/vc_row]<\/p>\n<\/div>","protected":false},"excerpt":{"rendered":"<ul>\n<li>Naturel, PAS d&rsquo;huile de silicone.<\/li>\n<li>Am\u00e9liore les d\u00e9mangeaisons de la t\u00eate, l&rsquo;humidit\u00e9 et la nutrition, hydrate les cheveux.<\/li>\n<li>R\u00e9paration des dommages aux cheveux, \u00e9pais et moelleux, humide.<\/li>\n<li>Nettoyage en profondeur, pellicules<\/li>\n<li>Contr\u00f4le d&rsquo;huile salubre.<\/li>\n<li>Efficacit\u00e9 du revitalisant : nourrir les cheveux, rendre les cheveux secs frisottis doux et brillants.<\/li>\n<\/ul>\n","protected":false},"featured_media":8154,"comment_status":"open","ping_status":"closed","template":"","meta":[],"product_brand":[],"product_cat":[258],"product_tag":[],"class_list":{"0":"post-14908","1":"product","2":"type-product","3":"status-publish","4":"has-post-thumbnail","6":"product_cat-health-and-beauty-fr","7":"product_shipping_class-1-fr-2","9":"first","10":"instock","11":"sale","12":"shipping-taxable","13":"purchasable","14":"product-type-simple"},"supplier_id":null,"supplier_sku":"","barcode":null,"atum_controlled":true,"out_stock_date":null,"out_stock_threshold":null,"inheritable":false,"inbound_stock":0,"stock_on_hold":0,"sold_today":0,"sales_last_days":0,"reserved_stock":0,"customer_returns":0,"warehouse_damage":0,"lost_in_post":0,"other_logs":0,"out_stock_days":0,"lost_sales":0,"has_location":false,"update_date":"2026-03-20T14:30:34","atum_locations":[],"atum_stock_status":"instock","restock_status":false,"low_stock_amount":"","sales_update_date":"2026-03-20T14:30:34","calc_backorders":null,"_links":{"self":[{"href":"https:\/\/myroyalmarket.com\/fr\/wp-json\/wp\/v2\/product\/14908","targetHints":{"allow":["GET"]}}],"collection":[{"href":"https:\/\/myroyalmarket.com\/fr\/wp-json\/wp\/v2\/product"}],"about":[{"href":"https:\/\/myroyalmarket.com\/fr\/wp-json\/wp\/v2\/types\/product"}],"replies":[{"embeddable":true,"href":"https:\/\/myroyalmarket.com\/fr\/wp-json\/wp\/v2\/comments?post=14908"}],"wp:featuredmedia":[{"embeddable":true,"href":"https:\/\/myroyalmarket.com\/fr\/wp-json\/wp\/v2\/media\/8154"}],"wp:attachment":[{"href":"https:\/\/myroyalmarket.com\/fr\/wp-json\/wp\/v2\/media?parent=14908"}],"wp:term":[{"taxonomy":"product_brand","embeddable":true,"href":"https:\/\/myroyalmarket.com\/fr\/wp-json\/wp\/v2\/product_brand?post=14908"},{"taxonomy":"product_cat","embeddable":true,"href":"https:\/\/myroyalmarket.com\/fr\/wp-json\/wp\/v2\/product_cat?post=14908"},{"taxonomy":"product_tag","embeddable":true,"href":"https:\/\/myroyalmarket.com\/fr\/wp-json\/wp\/v2\/product_tag?post=14908"}],"curies":[{"name":"wp","href":"https:\/\/api.w.org\/{rel}","templated":true}]}}