{"id":14915,"date":"2020-10-28T08:29:18","date_gmt":"2021-07-31T17:10:25","guid":{"rendered":"https:\/\/www.my-damas.com\/product\/qiansoto-big-bust-100-breast-massage-oil-40ml-bio-serum-firming-increase-breast-size\/"},"modified":"2022-06-13T18:53:19","modified_gmt":"2022-06-13T18:53:19","slug":"qiansoto-big-bust-100-breast-massage-oil-40ml-bio-serum-firming-increase-breast-size","status":"publish","type":"product","link":"https:\/\/myroyalmarket.com\/fr\/produit\/qiansoto-big-bust-100-breast-massage-oil-40ml-bio-serum-firming-increase-breast-size\/","title":{"rendered":"QIANSOTO Big Bust 100% ++, huile de massage des seins 40ML, s\u00e9rum bio raffermissant augmenter la taille des seins"},"content":{"rendered":"<div class=\"wpb-content-wrapper\"><p>[vc_row][vc_column width=\u00a0\u00bb1\/6&Prime;][\/vc_column][vc_column width=\u00a0\u00bb2\/3&Prime;][vc_single_image image=\u00a0\u00bb8110&Prime; img_size=\u00a0\u00bbfull\u00a0\u00bb alignment=\u00a0\u00bbcenter\u00a0\u00bb css=\u00a0\u00bb.vc_custom_1603972275308{background-position: center !important;background-repeat: no-repeat !important;background-size: cover !important;}\u00a0\u00bb][vc_single_image image=\u00a0\u00bb8082&Prime; img_size=\u00a0\u00bbfull\u00a0\u00bb alignment=\u00a0\u00bbcenter\u00a0\u00bb css=\u00a0\u00bb.vc_custom_1603972287275{background-position: center !important;background-repeat: no-repeat !important;background-size: cover !important;}\u00a0\u00bb][vc_single_image image=\u00a0\u00bb8118&Prime; img_size=\u00a0\u00bbfull\u00a0\u00bb alignment=\u00a0\u00bbcenter\u00a0\u00bb css=\u00a0\u00bb.vc_custom_1603972331087{background-position: center !important;background-repeat: no-repeat !important;background-size: cover !important;}\u00a0\u00bb][vc_single_image image=\u00a0\u00bb8106&Prime; img_size=\u00a0\u00bbfull\u00a0\u00bb alignment=\u00a0\u00bbcenter\u00a0\u00bb css=\u00a0\u00bb.vc_custom_1603972339427{background-position: center !important;background-repeat: no-repeat !important;background-size: cover !important;}\u00a0\u00bb][vc_single_image image=\u00a0\u00bb8098&Prime; img_size=\u00a0\u00bbfull\u00a0\u00bb alignment=\u00a0\u00bbcenter\u00a0\u00bb css=\u00a0\u00bb.vc_custom_1603972347406{background-position: center !important;background-repeat: no-repeat !important;background-size: cover !important;}\u00a0\u00bb][\/vc_column][vc_column width=\u00a0\u00bb1\/6&Prime;][\/vc_column][\/vc_row]<\/p>\n<\/div>","protected":false},"excerpt":{"rendered":"<ul>\n<li>Cette cr\u00e8me d&rsquo;agrandissement du sein contient de l&rsquo;extrait de papaye, du collag\u00e8ne, de l&rsquo;huile d&rsquo;avocat, de l&rsquo;huile de s\u00e9same, de l&rsquo;huile d&rsquo;amande douce et de la vitamine E, qui aident \u00e0 acc\u00e9l\u00e9rer l&rsquo;activation des cellules de l&rsquo;ensemble du sein et \u00e0 \u00e9lever votre sein en peu de temps.<\/li>\n<li>Les ingr\u00e9dients pourraient efficacement r\u00e9sister au rel\u00e2chement des tissus, vous aider \u00e0 am\u00e9liorer et \u00e0 soulever la poitrine en m\u00eame temps et rendre votre corps encore plus attrayant.<\/li>\n<li>Il agrandit progressivement la poitrine, am\u00e9liore l&rsquo;\u00e9lasticit\u00e9 et la fermet\u00e9 et am\u00e9liore remarquablement le contour de la poitrine.<\/li>\n<li>Agrandir la poitrine et lui donner une forme ronde et pleine.<\/li>\n<li>Ajoute de la douceur et de la tendresse \u00e0 la poitrine et r\u00e9duit les vergetures.<\/li>\n<\/ul>\n","protected":false},"featured_media":8122,"comment_status":"open","ping_status":"closed","template":"","meta":[],"product_brand":[],"product_cat":[258],"product_tag":[],"class_list":{"0":"post-14915","1":"product","2":"type-product","3":"status-publish","4":"has-post-thumbnail","6":"product_cat-health-and-beauty-fr","7":"product_shipping_class-1-fr-2","9":"first","10":"instock","11":"sale","12":"shipping-taxable","13":"purchasable","14":"product-type-simple"},"supplier_id":null,"supplier_sku":"","barcode":null,"atum_controlled":true,"out_stock_date":null,"out_stock_threshold":null,"inheritable":false,"inbound_stock":0,"stock_on_hold":2,"sold_today":0,"sales_last_days":0,"reserved_stock":0,"customer_returns":0,"warehouse_damage":0,"lost_in_post":0,"other_logs":0,"out_stock_days":0,"lost_sales":0,"has_location":false,"update_date":"2026-03-20T14:30:34","atum_locations":[],"atum_stock_status":"instock","restock_status":false,"low_stock_amount":"","sales_update_date":"2026-03-20T14:30:34","calc_backorders":null,"_links":{"self":[{"href":"https:\/\/myroyalmarket.com\/fr\/wp-json\/wp\/v2\/product\/14915","targetHints":{"allow":["GET"]}}],"collection":[{"href":"https:\/\/myroyalmarket.com\/fr\/wp-json\/wp\/v2\/product"}],"about":[{"href":"https:\/\/myroyalmarket.com\/fr\/wp-json\/wp\/v2\/types\/product"}],"replies":[{"embeddable":true,"href":"https:\/\/myroyalmarket.com\/fr\/wp-json\/wp\/v2\/comments?post=14915"}],"wp:featuredmedia":[{"embeddable":true,"href":"https:\/\/myroyalmarket.com\/fr\/wp-json\/wp\/v2\/media\/8122"}],"wp:attachment":[{"href":"https:\/\/myroyalmarket.com\/fr\/wp-json\/wp\/v2\/media?parent=14915"}],"wp:term":[{"taxonomy":"product_brand","embeddable":true,"href":"https:\/\/myroyalmarket.com\/fr\/wp-json\/wp\/v2\/product_brand?post=14915"},{"taxonomy":"product_cat","embeddable":true,"href":"https:\/\/myroyalmarket.com\/fr\/wp-json\/wp\/v2\/product_cat?post=14915"},{"taxonomy":"product_tag","embeddable":true,"href":"https:\/\/myroyalmarket.com\/fr\/wp-json\/wp\/v2\/product_tag?post=14915"}],"curies":[{"name":"wp","href":"https:\/\/api.w.org\/{rel}","templated":true}]}}