{"id":14924,"date":"2020-10-28T08:29:18","date_gmt":"2021-07-31T17:19:11","guid":{"rendered":"https:\/\/www.my-damas.com\/product\/beard-mustache-growth-essential-oil-fast-enhance-facial-whiskers-30ml\/"},"modified":"2022-10-26T18:25:21","modified_gmt":"2022-10-26T18:25:21","slug":"beard-mustache-growth-essential-oil-fast-enhance-facial-whiskers-30ml","status":"publish","type":"product","link":"https:\/\/myroyalmarket.com\/fr\/produit\/beard-mustache-growth-essential-oil-fast-enhance-facial-whiskers-30ml\/","title":{"rendered":"Barbe Moustache Croissance Huile Essentielle Rapide Am\u00e9liorer Les Moustaches Du Visage 30ML"},"content":{"rendered":"<div class=\"wpb-content-wrapper\"><p>[vc_row][vc_column width=\u00a0\u00bb1\/6&Prime;][vc_column_text][\/vc_column_text][\/vc_column][vc_column width=\u00a0\u00bb2\/3&Prime;][vc_column_text]Formule de vitamine de soutien \u00e0 la croissance de la barbe dans le monde pour une croissance plus rapide et plus \u00e9paisse<br \/>\ncroissance des poils du visage La formule am\u00e9lior\u00e9e soutient les cheveux naturels<br \/>\ncroissance avec des r\u00e9sultats d&rsquo;action rapide dans un m\u00e9lange sp\u00e9cial HOMME unique en son genre Formule enti\u00e8rement naturelle et non hormonale[\/vc_column_text][vc_single_image image=\u00a0\u00bb8002&Prime; img_size=\u00a0\u00bbfull\u00a0\u00bb][vc_column_text]m\u00e9lange Formule non hormonale enti\u00e8rement naturelle<br \/>\nFabriqu\u00e9 en mat\u00e9riau naturel de bonne qualit\u00e9, s\u00fbr \u00e0 utiliser.<br \/>\nDe petite taille et portable, adapt\u00e9 pour voyager.<br \/>\nLaissez efficacement votre barbe pousser rapidement.<br \/>\nPeut dessiner les lignes de votre barbe \u00e0 votre guise.<br \/>\nParfait comme cadeau \u00e0 votre petit ami.<br \/>\nPour favoriser la croissance normale des cheveux, les follicules pileux am\u00e9liorent les sympt\u00f4mes de l&rsquo;incapacit\u00e9 \u00e0 rendre les cheveux denses et longs.<\/p>\n<p>Ingr\u00e9dient:<br \/>\nExtrait d&rsquo;ang\u00e9lique, palmier nain, huile d&rsquo;arbre \u00e0 th\u00e9, etc.<\/p>\n<p>[\/vc_column_text][vc_single_image image=\u00a0\u00bb8010&Prime; img_size=\u00a0\u00bbfull\u00a0\u00bb][\/vc_column][vc_column width=\u00a0\u00bb1\/6&Prime;][\/vc_column][\/vc_row][vc_row][vc_column width=\u00a0\u00bb1\/6&Prime;][vc_single_image image=\u00a0\u00bb8014&Prime; img_size=\u00a0\u00bbfull\u00a0\u00bb][\/vc_column][vc_column width=\u00a0\u00bb2\/3&Prime;][vc_single_image image=\u00a0\u00bb8014&Prime; img_size=\u00a0\u00bbfull\u00a0\u00bb][\/vc_column][vc_column width=\u00a0\u00bb1\/6&Prime;][\/vc_column][\/vc_row][vc_row][vc_column width=\u00a0\u00bb1\/6&Prime;][\/vc_column][vc_column width=\u00a0\u00bb2\/3&Prime;][vc_single_image image=\u00a0\u00bb8018&Prime; img_size=\u00a0\u00bbfull\u00a0\u00bb][\/vc_column][vc_column width=\u00a0\u00bb1\/6&Prime;][\/vc_column][\/vc_row][vc_row][vc_column width=\u00a0\u00bb1\/6&Prime;][\/vc_column][vc_column width=\u00a0\u00bb2\/3&Prime;][vc_single_image image=\u00a0\u00bb8022&Prime; img_size=\u00a0\u00bbfull\u00a0\u00bb][\/vc_column][vc_column width=\u00a0\u00bb1\/6&Prime;][\/vc_column][\/vc_row][vc_row][vc_column width=\u00a0\u00bb1\/6&Prime;][\/vc_column][vc_column width=\u00a0\u00bb2\/3&Prime;][vc_single_image image=\u00a0\u00bb8026&Prime; img_size=\u00a0\u00bbfull\u00a0\u00bb][\/vc_column][vc_column width=\u00a0\u00bb1\/6&Prime;][\/vc_column][\/vc_row][vc_row][vc_column width=\u00a0\u00bb1\/6&Prime;][\/vc_column][vc_column width=\u00a0\u00bb2\/3&Prime;][vc_single_image image=\u00a0\u00bb8030&Prime; img_size=\u00a0\u00bbfull\u00a0\u00bb][\/vc_column][vc_column width=\u00a0\u00bb1\/6&Prime;][\/vc_column][\/vc_row][vc_row][vc_column width=\u00a0\u00bb1\/6&Prime;][\/vc_column][vc_column width=\u00a0\u00bb2\/3&Prime;][vc_single_image image=\u00a0\u00bb8034&Prime; img_size=\u00a0\u00bbfull\u00a0\u00bb][\/vc_column][vc_column width=\u00a0\u00bb1\/6&Prime;][\/vc_column][\/vc_row][vc_row][vc_column width=\u00a0\u00bb1\/6&Prime;][\/vc_column][vc_column width=\u00a0\u00bb2\/3&Prime;][vc_single_image image=\u00a0\u00bb8038&Prime; img_size=\u00a0\u00bbfull\u00a0\u00bb][\/vc_column][vc_column width=\u00a0\u00bb1\/6&Prime;][\/vc_column][\/vc_row][vc_row][vc_column width=\u00a0\u00bb1\/6&Prime;][\/vc_column][vc_column width=\u00a0\u00bb2\/3&Prime;][vc_single_image image=\u00a0\u00bb8042&Prime; img_size=\u00a0\u00bbfull\u00a0\u00bb][\/vc_column][vc_column width=\u00a0\u00bb1\/6&Prime;][\/vc_column][\/vc_row][vc_row][vc_column width=\u00a0\u00bb1\/6&Prime;][\/vc_column][vc_column width=\u00a0\u00bb2\/3&Prime;][vc_single_image image=\u00a0\u00bb8046&Prime; img_size=\u00a0\u00bbfull\u00a0\u00bb][\/vc_column][vc_column width=\u00a0\u00bb1\/6&Prime;][\/vc_column][\/vc_row][vc_row][vc_column width=\u00a0\u00bb1\/6&Prime;][\/vc_column][vc_column width=\u00a0\u00bb2\/3&Prime;][vc_single_image image=\u00a0\u00bb8050&Prime; img_size=\u00a0\u00bbfull\u00a0\u00bb][\/vc_column][vc_column width=\u00a0\u00bb1\/6&Prime;][\/vc_column][\/vc_row]<\/p>\n<\/div>","protected":false},"excerpt":{"rendered":"<ul>\n<li>Haute qualit\u00e9.<\/li>\n<li>Apaise la peau s\u00e8che.<\/li>\n<li>Fournit une brillance l\u00e9g\u00e8re et de l&rsquo;humidit\u00e9.<\/li>\n<li>Emp\u00eache les d\u00e9mangeaisons et la desquamation dues \u00e0 la repousse des cheveux.<\/li>\n<li>Fonctionnant \u00e0 la fois comme adoucissant et revitalisant, cette excellente huile \u00e0 barbe offre une profonde<\/li>\n<li>hydratant, gu\u00e9rissant votre barbe cassante, faible et rugueuse.<\/li>\n<li>M\u00eame apr\u00e8s la premi\u00e8re utilisation, votre barbe sera plus maniable et beaucoup plus douce.<\/li>\n<li>Une excellente id\u00e9e cadeau pour tout homme barbu !<\/li>\n<li>Nutriments naturels purs.<\/li>\n<\/ul>\n","protected":false},"featured_media":8054,"comment_status":"open","ping_status":"closed","template":"","meta":[],"product_brand":[],"product_cat":[258],"product_tag":[],"class_list":{"0":"post-14924","1":"product","2":"type-product","3":"status-publish","4":"has-post-thumbnail","6":"product_cat-health-and-beauty-fr","7":"product_shipping_class-1-fr-2","9":"first","10":"instock","11":"sale","12":"shipping-taxable","13":"purchasable","14":"product-type-simple"},"supplier_id":null,"supplier_sku":"","barcode":null,"atum_controlled":true,"out_stock_date":null,"out_stock_threshold":null,"inheritable":false,"inbound_stock":0,"stock_on_hold":1,"sold_today":0,"sales_last_days":0,"reserved_stock":0,"customer_returns":0,"warehouse_damage":0,"lost_in_post":0,"other_logs":0,"out_stock_days":0,"lost_sales":0,"has_location":false,"update_date":"2026-05-04T16:42:42","atum_locations":[],"atum_stock_status":"instock","restock_status":false,"low_stock_amount":"","sales_update_date":"2026-05-04T16:42:42","calc_backorders":null,"_links":{"self":[{"href":"https:\/\/myroyalmarket.com\/fr\/wp-json\/wp\/v2\/product\/14924","targetHints":{"allow":["GET"]}}],"collection":[{"href":"https:\/\/myroyalmarket.com\/fr\/wp-json\/wp\/v2\/product"}],"about":[{"href":"https:\/\/myroyalmarket.com\/fr\/wp-json\/wp\/v2\/types\/product"}],"replies":[{"embeddable":true,"href":"https:\/\/myroyalmarket.com\/fr\/wp-json\/wp\/v2\/comments?post=14924"}],"wp:featuredmedia":[{"embeddable":true,"href":"https:\/\/myroyalmarket.com\/fr\/wp-json\/wp\/v2\/media\/8054"}],"wp:attachment":[{"href":"https:\/\/myroyalmarket.com\/fr\/wp-json\/wp\/v2\/media?parent=14924"}],"wp:term":[{"taxonomy":"product_brand","embeddable":true,"href":"https:\/\/myroyalmarket.com\/fr\/wp-json\/wp\/v2\/product_brand?post=14924"},{"taxonomy":"product_cat","embeddable":true,"href":"https:\/\/myroyalmarket.com\/fr\/wp-json\/wp\/v2\/product_cat?post=14924"},{"taxonomy":"product_tag","embeddable":true,"href":"https:\/\/myroyalmarket.com\/fr\/wp-json\/wp\/v2\/product_tag?post=14924"}],"curies":[{"name":"wp","href":"https:\/\/api.w.org\/{rel}","templated":true}]}}