{"id":14957,"date":"2020-10-28T08:29:15","date_gmt":"2021-08-03T19:00:33","guid":{"rendered":"https:\/\/www.my-damas.com\/product\/100-natural-teeth-whitening-activated-organic-charcoal-30g\/"},"modified":"2024-11-19T00:10:59","modified_gmt":"2024-11-19T00:10:59","slug":"100-natural-teeth-whitening-activated-organic-charcoal-30g","status":"publish","type":"product","link":"https:\/\/myroyalmarket.com\/fr\/produit\/100-natural-teeth-whitening-activated-organic-charcoal-30g\/","title":{"rendered":"100% Naturel, Blanchiment Des Dents, Charbon Bio Activ\u00e9 30g"},"content":{"rendered":"<div class=\"wpb-content-wrapper\"><p>[vc_row][vc_column width=\u00a0\u00bb1\/6&Prime;][\/vc_column][vc_column width=\u00a0\u00bb2\/3&Prime;][vc_single_image image=\u00a0\u00bb8206&Prime; img_size=\u00a0\u00bbfull\u00a0\u00bb alignment=\u00a0\u00bbcenter\u00a0\u00bb][vc_single_image image=\u00a0\u00bb8218&Prime; img_size=\u00a0\u00bbfull\u00a0\u00bb alignment=\u00a0\u00bbcenter\u00a0\u00bb][\/vc_column][vc_column width=\u00a0\u00bb1\/6&Prime;][\/vc_column][\/vc_row]<\/p>\n<\/div>","protected":false},"excerpt":{"rendered":"<ul>\n<li>\u00c9limine naturellement les taches de surface caus\u00e9es par le tabagisme, la consommation de th\u00e9, de caf\u00e9 et de vin.<\/li>\n<li>Gardez une haleine fra\u00eeche et blanchissez votre sourire.<\/li>\n<li>Gardez votre gencive plus saine.<\/li>\n<li>L&rsquo;utilisation \u00e0 long terme de ce produit aidera \u00e0 \u00e9loigner les probl\u00e8mes parodontaux.<\/li>\n<li>100% naturel et v\u00e9g\u00e9talien<\/li>\n<li>Ne contient pas d&rsquo;additifs synth\u00e9tiques, de conservateurs, d&rsquo;agents moussants, de fluorure, de colorants ou d&rsquo;ar\u00f4mes artificiels, ni de bicarbonate de soude ou de sel abrasif.<\/li>\n<li data-spm-anchor-id=\"a2o4k.pdp.product_detail.i0.1e01374dNwr0hj\">Utilis\u00e9 avec le dentifrice mousse sera un meilleur r\u00e9sultat, un nouveau choix de blanchiment des dents.<\/li>\n<\/ul>\n","protected":false},"featured_media":8214,"comment_status":"open","ping_status":"closed","template":"","meta":[],"product_brand":[],"product_cat":[258],"product_tag":[],"class_list":{"0":"post-14957","1":"product","2":"type-product","3":"status-publish","4":"has-post-thumbnail","6":"product_cat-health-and-beauty-fr","7":"product_shipping_class-1-fr-2","9":"first","10":"instock","11":"sale","12":"shipping-taxable","13":"purchasable","14":"product-type-simple"},"supplier_id":null,"supplier_sku":"","barcode":null,"atum_controlled":true,"out_stock_date":null,"out_stock_threshold":null,"inheritable":false,"inbound_stock":0,"stock_on_hold":3,"sold_today":0,"sales_last_days":0,"reserved_stock":0,"customer_returns":0,"warehouse_damage":0,"lost_in_post":0,"other_logs":0,"out_stock_days":0,"lost_sales":0,"has_location":false,"update_date":"2026-05-05T00:45:08","atum_locations":[],"atum_stock_status":"instock","restock_status":false,"low_stock_amount":"","sales_update_date":"2026-05-05T00:45:08","calc_backorders":null,"_links":{"self":[{"href":"https:\/\/myroyalmarket.com\/fr\/wp-json\/wp\/v2\/product\/14957","targetHints":{"allow":["GET"]}}],"collection":[{"href":"https:\/\/myroyalmarket.com\/fr\/wp-json\/wp\/v2\/product"}],"about":[{"href":"https:\/\/myroyalmarket.com\/fr\/wp-json\/wp\/v2\/types\/product"}],"replies":[{"embeddable":true,"href":"https:\/\/myroyalmarket.com\/fr\/wp-json\/wp\/v2\/comments?post=14957"}],"wp:featuredmedia":[{"embeddable":true,"href":"https:\/\/myroyalmarket.com\/fr\/wp-json\/wp\/v2\/media\/8214"}],"wp:attachment":[{"href":"https:\/\/myroyalmarket.com\/fr\/wp-json\/wp\/v2\/media?parent=14957"}],"wp:term":[{"taxonomy":"product_brand","embeddable":true,"href":"https:\/\/myroyalmarket.com\/fr\/wp-json\/wp\/v2\/product_brand?post=14957"},{"taxonomy":"product_cat","embeddable":true,"href":"https:\/\/myroyalmarket.com\/fr\/wp-json\/wp\/v2\/product_cat?post=14957"},{"taxonomy":"product_tag","embeddable":true,"href":"https:\/\/myroyalmarket.com\/fr\/wp-json\/wp\/v2\/product_tag?post=14957"}],"curies":[{"name":"wp","href":"https:\/\/api.w.org\/{rel}","templated":true}]}}