{"id":14993,"date":"2020-10-28T08:29:11","date_gmt":"2021-08-04T16:53:25","guid":{"rendered":"https:\/\/www.my-damas.com\/product\/lattafa-perfumes-velvet-oud-100ml-for-women-and-men\/"},"modified":"2026-04-12T01:24:32","modified_gmt":"2026-04-11T17:24:32","slug":"lattafa-perfumes-velvet-oud-100ml-for-women-and-men","status":"publish","type":"product","link":"https:\/\/myroyalmarket.com\/fr\/produit\/lattafa-perfumes-velvet-oud-100ml-for-women-and-men\/","title":{"rendered":"Lattafa Parfums Velvet Oud 100ML Pour Femme et Homme"},"content":{"rendered":"<h2>PARFUM VELVET OUD EAU DE PARFUM PAR LATTAFA PARFUMS<\/h2>\n<p>Parfum Velvet Oud Eau de Parfum de Lattafa Perfumes est un parfum velout\u00e9 d&rsquo;encens, d&rsquo;Oudh noble, d&rsquo;ambre dor\u00e9 et de musc sensuel.<\/p>\n<p>Un parfum oriental \u00e9l\u00e9gant et chaleureux avec une ligne de parfum lin\u00e9aire, adapt\u00e9 \u00e0 toutes les occasions.<\/p>\n<p>Accords principaux : balsamique, ambr\u00e9, fum\u00e9, Oudh, musqu\u00e9<\/p>\n","protected":false},"excerpt":{"rendered":"<ul>\n<li>Durable<\/li>\n<li>encens, musc, Oudh, ambre<\/li>\n<li>Meilleur produit de vente<\/li>\n<li>Recommandation pour: femmes et hommes<\/li>\n<li>Capacit\u00e9: 100 ml<\/li>\n<li>Belle bouteille d\u00e9cor\u00e9e<\/li>\n<li>Produit original de l&rsquo;UEA<\/li>\n<\/ul>\n","protected":false},"featured_media":9294,"comment_status":"open","ping_status":"closed","template":"","meta":[],"product_brand":[],"product_cat":[237,235,278,273],"product_tag":[],"class_list":{"0":"post-14993","1":"product","2":"type-product","3":"status-publish","4":"has-post-thumbnail","6":"product_cat-oud-for-women-fr","7":"product_cat-oud-prfume-fr","8":"product_cat-oud-for-men-fr","9":"product_cat-oud-unisex-fr","10":"product_shipping_class-1-fr-2","12":"first","13":"instock","14":"sale","15":"shipping-taxable","16":"purchasable","17":"product-type-simple"},"supplier_id":null,"supplier_sku":"","barcode":null,"atum_controlled":true,"out_stock_date":null,"out_stock_threshold":null,"inheritable":false,"inbound_stock":0,"stock_on_hold":2,"sold_today":0,"sales_last_days":0,"reserved_stock":0,"customer_returns":0,"warehouse_damage":0,"lost_in_post":0,"other_logs":0,"out_stock_days":0,"lost_sales":0,"has_location":false,"update_date":"2026-05-05T00:45:57","atum_locations":[],"atum_stock_status":"instock","restock_status":false,"low_stock_amount":"","sales_update_date":"2026-05-05T00:45:57","calc_backorders":null,"_links":{"self":[{"href":"https:\/\/myroyalmarket.com\/fr\/wp-json\/wp\/v2\/product\/14993","targetHints":{"allow":["GET"]}}],"collection":[{"href":"https:\/\/myroyalmarket.com\/fr\/wp-json\/wp\/v2\/product"}],"about":[{"href":"https:\/\/myroyalmarket.com\/fr\/wp-json\/wp\/v2\/types\/product"}],"replies":[{"embeddable":true,"href":"https:\/\/myroyalmarket.com\/fr\/wp-json\/wp\/v2\/comments?post=14993"}],"wp:featuredmedia":[{"embeddable":true,"href":"https:\/\/myroyalmarket.com\/fr\/wp-json\/wp\/v2\/media\/9294"}],"wp:attachment":[{"href":"https:\/\/myroyalmarket.com\/fr\/wp-json\/wp\/v2\/media?parent=14993"}],"wp:term":[{"taxonomy":"product_brand","embeddable":true,"href":"https:\/\/myroyalmarket.com\/fr\/wp-json\/wp\/v2\/product_brand?post=14993"},{"taxonomy":"product_cat","embeddable":true,"href":"https:\/\/myroyalmarket.com\/fr\/wp-json\/wp\/v2\/product_cat?post=14993"},{"taxonomy":"product_tag","embeddable":true,"href":"https:\/\/myroyalmarket.com\/fr\/wp-json\/wp\/v2\/product_tag?post=14993"}],"curies":[{"name":"wp","href":"https:\/\/api.w.org\/{rel}","templated":true}]}}