{"id":15046,"date":"2020-10-28T08:29:11","date_gmt":"2021-08-06T19:43:19","guid":{"rendered":"https:\/\/www.my-damas.com\/product\/dxn-zhi-mocha\/"},"modified":"2025-08-31T21:06:05","modified_gmt":"2025-08-31T13:06:05","slug":"dxn-zhi-mocha","status":"publish","type":"product","link":"https:\/\/myroyalmarket.com\/fr\/produit\/dxn-zhi-mocha\/","title":{"rendered":"DXN ZHI MOKA"},"content":{"rendered":"<p>Vous \u00eates un amateur de caf\u00e9 et vous aimez aussi le go\u00fbt du chocolat ? Alors DXN Zhi Mocha est fait pour vous ! Il est m\u00e9lang\u00e9 avec de la poudre de caf\u00e9 instantan\u00e9 \u00e0 base de grains de caf\u00e9 s\u00e9lectionn\u00e9s, d&rsquo;extrait de Ganoderma et de poudre de cacao. Qu&rsquo;il soit chaud ou froid, Zhi Mocha a un go\u00fbt cr\u00e9meux, sucr\u00e9 et unique avec un arri\u00e8re-go\u00fbt l\u00e9g\u00e8rement amer.<\/p>\n","protected":false},"excerpt":{"rendered":"<p>Vous \u00eates un amateur de caf\u00e9 et vous aimez aussi le go\u00fbt du chocolat ? Alors DXN Zhi Mocha est<\/p>\n","protected":false},"featured_media":9218,"comment_status":"open","ping_status":"closed","template":"","meta":[],"product_brand":[],"product_cat":[253],"product_tag":[],"class_list":{"0":"post-15046","1":"product","2":"type-product","3":"status-publish","4":"has-post-thumbnail","6":"product_cat-dxn-products-fr","7":"product_shipping_class-1-fr-2","9":"first","10":"instock","11":"shipping-taxable","12":"purchasable","13":"product-type-simple"},"supplier_id":null,"supplier_sku":"","barcode":null,"atum_controlled":true,"out_stock_date":null,"out_stock_threshold":null,"inheritable":false,"inbound_stock":0,"stock_on_hold":0,"sold_today":0,"sales_last_days":0,"reserved_stock":0,"customer_returns":0,"warehouse_damage":0,"lost_in_post":0,"other_logs":0,"out_stock_days":0,"lost_sales":0,"has_location":false,"update_date":"2026-05-05T00:45:10","atum_locations":[],"atum_stock_status":"instock","restock_status":false,"low_stock_amount":"","sales_update_date":"2026-05-05T00:45:10","calc_backorders":null,"_links":{"self":[{"href":"https:\/\/myroyalmarket.com\/fr\/wp-json\/wp\/v2\/product\/15046","targetHints":{"allow":["GET"]}}],"collection":[{"href":"https:\/\/myroyalmarket.com\/fr\/wp-json\/wp\/v2\/product"}],"about":[{"href":"https:\/\/myroyalmarket.com\/fr\/wp-json\/wp\/v2\/types\/product"}],"replies":[{"embeddable":true,"href":"https:\/\/myroyalmarket.com\/fr\/wp-json\/wp\/v2\/comments?post=15046"}],"wp:featuredmedia":[{"embeddable":true,"href":"https:\/\/myroyalmarket.com\/fr\/wp-json\/wp\/v2\/media\/9218"}],"wp:attachment":[{"href":"https:\/\/myroyalmarket.com\/fr\/wp-json\/wp\/v2\/media?parent=15046"}],"wp:term":[{"taxonomy":"product_brand","embeddable":true,"href":"https:\/\/myroyalmarket.com\/fr\/wp-json\/wp\/v2\/product_brand?post=15046"},{"taxonomy":"product_cat","embeddable":true,"href":"https:\/\/myroyalmarket.com\/fr\/wp-json\/wp\/v2\/product_cat?post=15046"},{"taxonomy":"product_tag","embeddable":true,"href":"https:\/\/myroyalmarket.com\/fr\/wp-json\/wp\/v2\/product_tag?post=15046"}],"curies":[{"name":"wp","href":"https:\/\/api.w.org\/{rel}","templated":true}]}}