{"id":15260,"date":"2020-10-28T08:29:11","date_gmt":"2021-08-31T17:13:44","guid":{"rendered":"https:\/\/www.my-damas.com\/product\/dxn-blanc-cafe-zhino\/"},"modified":"2025-08-31T21:05:45","modified_gmt":"2025-08-31T13:05:45","slug":"dxn-white-coffee-zhino","status":"publish","type":"product","link":"https:\/\/myroyalmarket.com\/fr\/produit\/dxn-white-coffee-zhino\/","title":{"rendered":"ZHINO CAF\u00c9 BLANC DXN"},"content":{"rendered":"<div class=\"wpb-content-wrapper\"><p>[vc_row][vc_column width=\u00a0\u00bb1\/6&Prime;][\/vc_column][vc_column width=\u00a0\u00bb2\/3&Prime;][vc_column_text]Je suis un bloc de texte. Cliquez sur le bouton Modifier pour modifier ce texte. Lorem ipsum dolor sit amet, consectetur adipiscing elit. Ut elit tellus, luctus nec ullamcorper mattis, pulvinar dapibus leo.<\/p>\n<p>Pour satisfaire les envies des amateurs de cappuccino, DXN propose d\u00e9sormais un nouveau produit qui se pr\u00e9pare facilement et rapidement. Il vous suffit d&rsquo;ajouter un sachet de DXN White Coffee Zhino dans une tasse d&rsquo;eau chaude, de le m\u00e9langer et vous \u00eates ensuite libre d&rsquo;en profiter avec votre famille \u00e0 la maison ou avec des amis au bureau sans avoir \u00e0 attendre longtemps \u00e0 un caf\u00e9. Il est recouvert d&rsquo;une l\u00e9g\u00e8re couche de mousse cr\u00e9meuse et formul\u00e9 avec de l&rsquo;extrait de Ganoderma.<\/p>\n<p>La meilleure chose \u00e0 propos de boire une tasse de DXN White Coffee Zhino est d&rsquo;avoir le go\u00fbt dense et cr\u00e9meux mais l\u00e9ger et a\u00e9r\u00e9 et la sensation dans la bouche en m\u00eame temps. L&rsquo;ar\u00f4me invitant de ce cappuccino instantan\u00e9 \u00e9voque indirectement un sentiment de joie apr\u00e8s l&rsquo;avoir bu. Ne manquez pas l&rsquo;occasion de l&rsquo;essayer car vous d\u00e9couvrirez un go\u00fbt d\u00e9licieux qui rappellera le cappuccino original d&rsquo;Italie.[\/vc_column_text][\/vc_column][vc_column width=\u00a0\u00bb1\/6&Prime;][\/vc_column][\/vc_row]<\/p>\n<\/div>","protected":false},"excerpt":{"rendered":"<p>[vc_row][vc_column width=\u00a0\u00bb1\/6&Prime;][\/vc_column][vc_column width=\u00a0\u00bb2\/3&Prime;][vc_column_text]Je suis un bloc de texte. Cliquez sur le bouton Modifier pour modifier ce texte. Lorem ipsum dolor<\/p>\n","protected":false},"featured_media":9278,"comment_status":"open","ping_status":"closed","template":"","meta":[],"product_brand":[],"product_cat":[253],"product_tag":[],"class_list":{"0":"post-15260","1":"product","2":"type-product","3":"status-publish","4":"has-post-thumbnail","6":"product_cat-dxn-products-fr","7":"product_shipping_class-1-fr-2","9":"first","10":"instock","11":"shipping-taxable","12":"purchasable","13":"product-type-simple"},"supplier_id":null,"supplier_sku":"","barcode":null,"atum_controlled":true,"out_stock_date":null,"out_stock_threshold":null,"inheritable":false,"inbound_stock":0,"stock_on_hold":0,"sold_today":0,"sales_last_days":0,"reserved_stock":0,"customer_returns":0,"warehouse_damage":0,"lost_in_post":0,"other_logs":0,"out_stock_days":0,"lost_sales":0,"has_location":false,"update_date":"2026-05-05T00:45:11","atum_locations":[],"atum_stock_status":"instock","restock_status":false,"low_stock_amount":"","sales_update_date":"2026-05-05T00:45:11","calc_backorders":null,"_links":{"self":[{"href":"https:\/\/myroyalmarket.com\/fr\/wp-json\/wp\/v2\/product\/15260","targetHints":{"allow":["GET"]}}],"collection":[{"href":"https:\/\/myroyalmarket.com\/fr\/wp-json\/wp\/v2\/product"}],"about":[{"href":"https:\/\/myroyalmarket.com\/fr\/wp-json\/wp\/v2\/types\/product"}],"replies":[{"embeddable":true,"href":"https:\/\/myroyalmarket.com\/fr\/wp-json\/wp\/v2\/comments?post=15260"}],"wp:featuredmedia":[{"embeddable":true,"href":"https:\/\/myroyalmarket.com\/fr\/wp-json\/wp\/v2\/media\/9278"}],"wp:attachment":[{"href":"https:\/\/myroyalmarket.com\/fr\/wp-json\/wp\/v2\/media?parent=15260"}],"wp:term":[{"taxonomy":"product_brand","embeddable":true,"href":"https:\/\/myroyalmarket.com\/fr\/wp-json\/wp\/v2\/product_brand?post=15260"},{"taxonomy":"product_cat","embeddable":true,"href":"https:\/\/myroyalmarket.com\/fr\/wp-json\/wp\/v2\/product_cat?post=15260"},{"taxonomy":"product_tag","embeddable":true,"href":"https:\/\/myroyalmarket.com\/fr\/wp-json\/wp\/v2\/product_tag?post=15260"}],"curies":[{"name":"wp","href":"https:\/\/api.w.org\/{rel}","templated":true}]}}