{"id":15267,"date":"2020-10-28T08:29:11","date_gmt":"2021-08-31T17:15:50","guid":{"rendered":"https:\/\/www.my-damas.com\/product\/dxn-creme-cafe\/"},"modified":"2025-08-31T21:05:40","modified_gmt":"2025-08-31T13:05:40","slug":"dxn-cream-coffee","status":"publish","type":"product","link":"https:\/\/myroyalmarket.com\/fr\/produit\/dxn-cream-coffee\/","title":{"rendered":"CAF\u00c9 \u00c0 LA CR\u00c8ME DXN"},"content":{"rendered":"<div class=\"wpb-content-wrapper\"><p>[vc_row][vc_column width=\u00a0\u00bb1\/6&Prime;][\/vc_column][vc_column width=\u00a0\u00bb2\/3&Prime;][vc_column_text]Le caf\u00e9 cr\u00e8me DXN est un m\u00e9lange harmonieux de poudre de caf\u00e9 instantan\u00e9 de qualit\u00e9 fine, d&rsquo;extrait de Ganoderma et de cr\u00e8me non laiti\u00e8re. Riche en ar\u00f4me, texture douce et soyeuse et le go\u00fbt auquel vous ne pouvez pas r\u00e9sister.<\/p>\n<p>Sans sucre ajout\u00e9, recommand\u00e9 pour ceux qui souhaitent r\u00e9duire leur apport quotidien en sucre. Chaque gorg\u00e9e sera agr\u00e9able.[\/vc_column_text][\/vc_column][vc_column width=\u00a0\u00bb1\/6&Prime;][\/vc_column][\/vc_row]<\/p>\n<\/div>","protected":false},"excerpt":{"rendered":"<p>[vc_row][vc_column width=\u00a0\u00bb1\/6&Prime;][\/vc_column][vc_column width=\u00a0\u00bb2\/3&Prime;][vc_column_text]Le caf\u00e9 cr\u00e8me DXN est un m\u00e9lange harmonieux de poudre de caf\u00e9 instantan\u00e9 de qualit\u00e9 fine, d&rsquo;extrait de<\/p>\n","protected":false},"featured_media":9270,"comment_status":"open","ping_status":"closed","template":"","meta":[],"product_brand":[],"product_cat":[253],"product_tag":[],"class_list":{"0":"post-15267","1":"product","2":"type-product","3":"status-publish","4":"has-post-thumbnail","6":"product_cat-dxn-products-fr","7":"product_shipping_class-1-fr-2","9":"first","10":"instock","11":"shipping-taxable","12":"purchasable","13":"product-type-simple"},"supplier_id":null,"supplier_sku":"","barcode":null,"atum_controlled":true,"out_stock_date":null,"out_stock_threshold":null,"inheritable":false,"inbound_stock":0,"stock_on_hold":0,"sold_today":0,"sales_last_days":0,"reserved_stock":0,"customer_returns":0,"warehouse_damage":0,"lost_in_post":0,"other_logs":0,"out_stock_days":0,"lost_sales":0,"has_location":false,"update_date":"2026-05-05T00:45:11","atum_locations":[],"atum_stock_status":"instock","restock_status":false,"low_stock_amount":"","sales_update_date":"2026-05-05T00:45:11","calc_backorders":null,"_links":{"self":[{"href":"https:\/\/myroyalmarket.com\/fr\/wp-json\/wp\/v2\/product\/15267","targetHints":{"allow":["GET"]}}],"collection":[{"href":"https:\/\/myroyalmarket.com\/fr\/wp-json\/wp\/v2\/product"}],"about":[{"href":"https:\/\/myroyalmarket.com\/fr\/wp-json\/wp\/v2\/types\/product"}],"replies":[{"embeddable":true,"href":"https:\/\/myroyalmarket.com\/fr\/wp-json\/wp\/v2\/comments?post=15267"}],"wp:featuredmedia":[{"embeddable":true,"href":"https:\/\/myroyalmarket.com\/fr\/wp-json\/wp\/v2\/media\/9270"}],"wp:attachment":[{"href":"https:\/\/myroyalmarket.com\/fr\/wp-json\/wp\/v2\/media?parent=15267"}],"wp:term":[{"taxonomy":"product_brand","embeddable":true,"href":"https:\/\/myroyalmarket.com\/fr\/wp-json\/wp\/v2\/product_brand?post=15267"},{"taxonomy":"product_cat","embeddable":true,"href":"https:\/\/myroyalmarket.com\/fr\/wp-json\/wp\/v2\/product_cat?post=15267"},{"taxonomy":"product_tag","embeddable":true,"href":"https:\/\/myroyalmarket.com\/fr\/wp-json\/wp\/v2\/product_tag?post=15267"}],"curies":[{"name":"wp","href":"https:\/\/api.w.org\/{rel}","templated":true}]}}