{"id":15273,"date":"2020-10-28T08:29:11","date_gmt":"2021-08-31T17:17:26","guid":{"rendered":"https:\/\/www.my-damas.com\/product\/dxn-lingzhi-cafe-3-en-1-lite\/"},"modified":"2025-08-31T21:05:33","modified_gmt":"2025-08-31T13:05:33","slug":"dxn-lingzhi-coffee-3-in-1-lite","status":"publish","type":"product","link":"https:\/\/myroyalmarket.com\/fr\/produit\/dxn-lingzhi-coffee-3-in-1-lite\/","title":{"rendered":"DXN LINGZHI CAF\u00c9 3 EN 1 LITE"},"content":{"rendered":"<div class=\"wpb-content-wrapper\"><p>[vc_row][vc_column width=\u00a0\u00bb1\/6&Prime;][\/vc_column][vc_column width=\u00a0\u00bb2\/3&Prime;][vc_column_text]Tout le monde aime \u00e0 quel point il est facile de pr\u00e9parer du caf\u00e9 instantan\u00e9. Si vous pr\u00e9f\u00e9rez un go\u00fbt un peu plus cr\u00e9meux \u00e0 votre caf\u00e9, optez pour notre Lingzhi Coffee 3 in 1 Lite. C&rsquo;est une autre nouvelle variante de la s\u00e9rie DXN Lingzhi Coffee qui offre un caf\u00e9 onctueux et cors\u00e9 avec un ar\u00f4me irr\u00e9sistible. Ajoutez simplement un sachet de Lingzhi Coffee 3 in 1 Lite dans 150 ml d&rsquo;eau chaude et remuez pour profiter d&rsquo;une nouvelle exp\u00e9rience de caf\u00e9 sensationnelle avec DXN.[\/vc_column_text][\/vc_column][vc_column width=\u00a0\u00bb1\/6&Prime;][\/vc_column][\/vc_row]<\/p>\n<\/div>","protected":false},"excerpt":{"rendered":"<p>[vc_row][vc_column width=\u00a0\u00bb1\/6&Prime;][\/vc_column][vc_column width=\u00a0\u00bb2\/3&Prime;][vc_column_text]Tout le monde aime \u00e0 quel point il est facile de pr\u00e9parer du caf\u00e9 instantan\u00e9. Si vous pr\u00e9f\u00e9rez<\/p>\n","protected":false},"featured_media":9262,"comment_status":"open","ping_status":"closed","template":"","meta":[],"product_brand":[],"product_cat":[253],"product_tag":[],"class_list":{"0":"post-15273","1":"product","2":"type-product","3":"status-publish","4":"has-post-thumbnail","6":"product_cat-dxn-products-fr","7":"product_shipping_class-1-fr-2","9":"first","10":"instock","11":"shipping-taxable","12":"purchasable","13":"product-type-simple"},"supplier_id":null,"supplier_sku":"","barcode":null,"atum_controlled":true,"out_stock_date":null,"out_stock_threshold":null,"inheritable":false,"inbound_stock":0,"stock_on_hold":0,"sold_today":0,"sales_last_days":0,"reserved_stock":0,"customer_returns":0,"warehouse_damage":0,"lost_in_post":0,"other_logs":0,"out_stock_days":0,"lost_sales":0,"has_location":false,"update_date":"2026-05-05T00:45:11","atum_locations":[],"atum_stock_status":"instock","restock_status":false,"low_stock_amount":"","sales_update_date":"2026-05-05T00:45:11","calc_backorders":null,"_links":{"self":[{"href":"https:\/\/myroyalmarket.com\/fr\/wp-json\/wp\/v2\/product\/15273","targetHints":{"allow":["GET"]}}],"collection":[{"href":"https:\/\/myroyalmarket.com\/fr\/wp-json\/wp\/v2\/product"}],"about":[{"href":"https:\/\/myroyalmarket.com\/fr\/wp-json\/wp\/v2\/types\/product"}],"replies":[{"embeddable":true,"href":"https:\/\/myroyalmarket.com\/fr\/wp-json\/wp\/v2\/comments?post=15273"}],"wp:featuredmedia":[{"embeddable":true,"href":"https:\/\/myroyalmarket.com\/fr\/wp-json\/wp\/v2\/media\/9262"}],"wp:attachment":[{"href":"https:\/\/myroyalmarket.com\/fr\/wp-json\/wp\/v2\/media?parent=15273"}],"wp:term":[{"taxonomy":"product_brand","embeddable":true,"href":"https:\/\/myroyalmarket.com\/fr\/wp-json\/wp\/v2\/product_brand?post=15273"},{"taxonomy":"product_cat","embeddable":true,"href":"https:\/\/myroyalmarket.com\/fr\/wp-json\/wp\/v2\/product_cat?post=15273"},{"taxonomy":"product_tag","embeddable":true,"href":"https:\/\/myroyalmarket.com\/fr\/wp-json\/wp\/v2\/product_tag?post=15273"}],"curies":[{"name":"wp","href":"https:\/\/api.w.org\/{rel}","templated":true}]}}