{"id":15277,"date":"2020-10-28T08:29:11","date_gmt":"2021-08-31T17:18:59","guid":{"rendered":"https:\/\/www.my-damas.com\/product\/dxn-zhi-cafe-classique\/"},"modified":"2025-08-31T21:05:26","modified_gmt":"2025-08-31T13:05:26","slug":"dxn-zhi-cafe-classic","status":"publish","type":"product","link":"https:\/\/myroyalmarket.com\/fr\/produit\/dxn-zhi-cafe-classic\/","title":{"rendered":"DXN ZHI CAF\u00c9 CLASSIQUE"},"content":{"rendered":"<div class=\"wpb-content-wrapper\"><p>[vc_row][vc_column width=\u00a0\u00bb1\/6&Prime;][\/vc_column][vc_column width=\u00a0\u00bb2\/3&Prime;][vc_column_text]Le caf\u00e9 a jou\u00e9 un r\u00f4le important dans de nombreuses soci\u00e9t\u00e9s \u00e0 travers le monde. Une tasse de caf\u00e9 le matin peut faire des merveilles pour votre entra\u00eenement matinal. Cependant, si vous buvez du caf\u00e9 depuis longtemps et que vous souhaitez profiter d&rsquo;un go\u00fbt de caf\u00e9 diff\u00e9rent, vous pouvez passer au caf\u00e9 torr\u00e9fi\u00e9.<\/p>\n<p>DXN vous propose Zhi Cafe Classic, qui est compos\u00e9 d&rsquo;un m\u00e9lange d&rsquo;extrait de Ganoderma et de grains de caf\u00e9 enti\u00e8rement torr\u00e9fi\u00e9s. Il vous donne un go\u00fbt doux et doux avec un ar\u00f4me agr\u00e9able et profond satisfaisant qui est excellent pour une excellente premi\u00e8re tasse chaque matin. Vous serez absolument \u00e9merveill\u00e9 par l&rsquo;ar\u00f4me et la saveur de ce caf\u00e9 fra\u00eechement torr\u00e9fi\u00e9.<\/p>\n<p>Zhi Cafe Classic serait votre choix parfait si vous aimez un go\u00fbt de caf\u00e9 doux et onctueux.[\/vc_column_text][\/vc_column][vc_column width=\u00a0\u00bb1\/6&Prime;][\/vc_column][\/vc_row]<\/p>\n<\/div>","protected":false},"excerpt":{"rendered":"<p>[vc_row][vc_column width=\u00a0\u00bb1\/6&Prime;][\/vc_column][vc_column width=\u00a0\u00bb2\/3&Prime;][vc_column_text]Le caf\u00e9 a jou\u00e9 un r\u00f4le important dans de nombreuses soci\u00e9t\u00e9s \u00e0 travers le monde. Une tasse de<\/p>\n","protected":false},"featured_media":9506,"comment_status":"open","ping_status":"closed","template":"","meta":[],"product_brand":[],"product_cat":[253],"product_tag":[],"class_list":{"0":"post-15277","1":"product","2":"type-product","3":"status-publish","4":"has-post-thumbnail","6":"product_cat-dxn-products-fr","7":"product_shipping_class-1-fr-2","9":"first","10":"instock","11":"shipping-taxable","12":"purchasable","13":"product-type-simple"},"supplier_id":null,"supplier_sku":"","barcode":null,"atum_controlled":true,"out_stock_date":null,"out_stock_threshold":null,"inheritable":false,"inbound_stock":0,"stock_on_hold":0,"sold_today":0,"sales_last_days":0,"reserved_stock":0,"customer_returns":0,"warehouse_damage":0,"lost_in_post":0,"other_logs":0,"out_stock_days":0,"lost_sales":0,"has_location":false,"update_date":"2026-05-05T00:45:54","atum_locations":[],"atum_stock_status":"instock","restock_status":false,"low_stock_amount":"","sales_update_date":"2026-05-05T00:45:54","calc_backorders":null,"_links":{"self":[{"href":"https:\/\/myroyalmarket.com\/fr\/wp-json\/wp\/v2\/product\/15277","targetHints":{"allow":["GET"]}}],"collection":[{"href":"https:\/\/myroyalmarket.com\/fr\/wp-json\/wp\/v2\/product"}],"about":[{"href":"https:\/\/myroyalmarket.com\/fr\/wp-json\/wp\/v2\/types\/product"}],"replies":[{"embeddable":true,"href":"https:\/\/myroyalmarket.com\/fr\/wp-json\/wp\/v2\/comments?post=15277"}],"wp:featuredmedia":[{"embeddable":true,"href":"https:\/\/myroyalmarket.com\/fr\/wp-json\/wp\/v2\/media\/9506"}],"wp:attachment":[{"href":"https:\/\/myroyalmarket.com\/fr\/wp-json\/wp\/v2\/media?parent=15277"}],"wp:term":[{"taxonomy":"product_brand","embeddable":true,"href":"https:\/\/myroyalmarket.com\/fr\/wp-json\/wp\/v2\/product_brand?post=15277"},{"taxonomy":"product_cat","embeddable":true,"href":"https:\/\/myroyalmarket.com\/fr\/wp-json\/wp\/v2\/product_cat?post=15277"},{"taxonomy":"product_tag","embeddable":true,"href":"https:\/\/myroyalmarket.com\/fr\/wp-json\/wp\/v2\/product_tag?post=15277"}],"curies":[{"name":"wp","href":"https:\/\/api.w.org\/{rel}","templated":true}]}}