{"id":15323,"date":"2020-10-28T08:28:59","date_gmt":"2021-09-10T16:56:55","guid":{"rendered":"https:\/\/www.my-damas.com\/product\/shams-al-emarat-khususi-oud-parfum-10-ml-for-men-and-women-oil-roll\/"},"modified":"2022-03-13T14:58:21","modified_gmt":"2022-03-13T14:58:21","slug":"shams-al-emarat-khususi-oud-perfume-10-ml-for-men-and-women-oil-roll","status":"publish","type":"product","link":"https:\/\/myroyalmarket.com\/fr\/produit\/shams-al-emarat-khususi-oud-perfume-10-ml-for-men-and-women-oil-roll\/","title":{"rendered":"Shams Al Emarat Khususi Oud Parfum 10 ml pour homme et femme, rouleau d&rsquo;huile"},"content":{"rendered":"<div class=\"wpb-content-wrapper\"><p>[vc_row][vc_column width=\u00a0\u00bb1\/6&Prime;][\/vc_column][vc_column width=\u00a0\u00bb2\/3&Prime;][vc_column_text]<\/p>\n<p style=\"text-align: center;\"><strong>Shams Al Emarat Khususi<\/strong><br \/>\nEau de Parfum<\/p>\n<p>Shams Al Emarat Khususi est un musc blanc fruit\u00e9 d\u00e9licat avec de la vanille, de la rose, de l&rsquo;ambre et du bois de santal.<\/p>\n<p>Remarque: Ce sont des parfums halal contenant (Alcohol Denat). Ces parfums ont tous \u00e9t\u00e9 import\u00e9s des \u00c9mirats arabes unis et ont une bonne odeur ainsi qu&rsquo;une belle apparence, ce qui en fait des cadeaux parfaits.<\/p>\n<p>Il est pr\u00e9sent\u00e9 dans un emballage tr\u00e8s fin, plat et de forme rectangulaire qui peut tenir dans une poche de veste ou parfaitement dans votre sac \u00e0 main et offre un excellent rapport qualit\u00e9-prix. Cela en fait un cadeau id\u00e9al et hautement recommand\u00e9. Un parfum polyvalent qui est parfait pour tous les \u00e9v\u00e9nements.<\/p>\n<p><strong>Contenu de l&#8217;emballage<\/strong> : 1 flacon d&rsquo;huile de parfum 10 ml[\/vc_column_text][\/vc_column][vc_column width=\u00a0\u00bb1\/6&Prime;][\/vc_column][\/vc_row]<\/p>\n<\/div>","protected":false},"excerpt":{"rendered":"<div class=\"col-md-6 form-group\">\n<div id=\"highlight_content\">\n<div class=\"highlight_preview\">\n<div id=\"product_highlight\" class=\"product_highlight\">\n<ul>\n<li>Durable<\/li>\n<li>Meilleur produit de vente<\/li>\n<li>Eau De Parfum (EDP)<\/li>\n<li>Capacit\u00e9 : 10 ml<\/li>\n<li>Beau vaporisateur de poche<\/li>\n<li>Produit original de l&rsquo;UEA<\/li>\n<\/ul><\/div>\n<\/p><\/div>\n<\/p><\/div>\n<\/p><\/div>\n","protected":false},"featured_media":9326,"comment_status":"open","ping_status":"closed","template":"","meta":[],"product_brand":[],"product_cat":[268],"product_tag":[],"class_list":{"0":"post-15323","1":"product","2":"type-product","3":"status-publish","4":"has-post-thumbnail","6":"product_cat-oil-oud-perfume-fr","7":"product_shipping_class-1-fr-2","9":"first","10":"instock","11":"sale","12":"shipping-taxable","13":"purchasable","14":"product-type-simple"},"supplier_id":null,"supplier_sku":"","barcode":null,"atum_controlled":true,"out_stock_date":null,"out_stock_threshold":null,"inheritable":false,"inbound_stock":0,"stock_on_hold":0,"sold_today":0,"sales_last_days":0,"reserved_stock":0,"customer_returns":0,"warehouse_damage":0,"lost_in_post":0,"other_logs":0,"out_stock_days":0,"lost_sales":0,"has_location":false,"update_date":"2026-05-05T00:45:46","atum_locations":[],"atum_stock_status":"instock","restock_status":false,"low_stock_amount":"","sales_update_date":"2026-05-05T00:45:46","calc_backorders":null,"_links":{"self":[{"href":"https:\/\/myroyalmarket.com\/fr\/wp-json\/wp\/v2\/product\/15323","targetHints":{"allow":["GET"]}}],"collection":[{"href":"https:\/\/myroyalmarket.com\/fr\/wp-json\/wp\/v2\/product"}],"about":[{"href":"https:\/\/myroyalmarket.com\/fr\/wp-json\/wp\/v2\/types\/product"}],"replies":[{"embeddable":true,"href":"https:\/\/myroyalmarket.com\/fr\/wp-json\/wp\/v2\/comments?post=15323"}],"wp:featuredmedia":[{"embeddable":true,"href":"https:\/\/myroyalmarket.com\/fr\/wp-json\/wp\/v2\/media\/9326"}],"wp:attachment":[{"href":"https:\/\/myroyalmarket.com\/fr\/wp-json\/wp\/v2\/media?parent=15323"}],"wp:term":[{"taxonomy":"product_brand","embeddable":true,"href":"https:\/\/myroyalmarket.com\/fr\/wp-json\/wp\/v2\/product_brand?post=15323"},{"taxonomy":"product_cat","embeddable":true,"href":"https:\/\/myroyalmarket.com\/fr\/wp-json\/wp\/v2\/product_cat?post=15323"},{"taxonomy":"product_tag","embeddable":true,"href":"https:\/\/myroyalmarket.com\/fr\/wp-json\/wp\/v2\/product_tag?post=15323"}],"curies":[{"name":"wp","href":"https:\/\/api.w.org\/{rel}","templated":true}]}}