{"id":15348,"date":"2020-10-28T08:28:59","date_gmt":"2021-09-10T17:04:46","guid":{"rendered":"https:\/\/www.my-damas.com\/product\/qamarain-oil-parfum-oud-10ml-for-men\/"},"modified":"2022-11-23T18:36:53","modified_gmt":"2022-11-23T18:36:53","slug":"qamarain-oil-perfume-oud-10ml-for-men","status":"publish","type":"product","link":"https:\/\/myroyalmarket.com\/fr\/produit\/qamarain-oil-perfume-oud-10ml-for-men\/","title":{"rendered":"Parfum Huile Qamarain (Oud) 10ML Pour Homme"},"content":{"rendered":"<div class=\"wpb-content-wrapper\"><p>[vc_row][vc_column width=\u00a0\u00bb1\/6&Prime;][\/vc_column][vc_column width=\u00a0\u00bb2\/3&Prime;][vc_column_text]<\/p>\n<p style=\"text-align: center;\">ARD AL ZAAFARAN PARFUMS HUILE DE PARFUM CONCENTR\u00c9E QAMARAIN 10ML &#8211; PARFUM SANS ALCOOL<\/p>\n<p>Huile de parfum Qamarain par Ard Al Zaafaran &#8211; Un parfum frais-\u00e9pic\u00e9 aux accents floraux.<\/p>\n<p>La note de t\u00eate commence fra\u00eeche et directe avec de la bergamote fra\u00eeche, du gingembre, de la mandarine et du poivre \u00e9pic\u00e9.<\/p>\n<p>La note de coeur est florale avec des violettes et de la vodka.<\/p>\n<p>Le v\u00e9tiver et le c\u00e8dre forment la base, diffusant d&rsquo;agr\u00e9ables notes bois\u00e9es.<\/p>\n<p>Un beau parfum pour hommes, qui a un look l\u00e9g\u00e8rement doux et frais, mais rayonne toujours d&rsquo;une masculinit\u00e9 \u00e9l\u00e9gante. Excellent pour toute occasion.<\/p>\n<p><strong>Contenu de l&#8217;emballage<\/strong> : 1 flacon d&rsquo;huile de parfum 10 ml<\/p>\n<p>[\/vc_column_text][\/vc_column][vc_column width=\u00a0\u00bb1\/6&Prime;][\/vc_column][\/vc_row]<\/p>\n<\/div>","protected":false},"excerpt":{"rendered":"<ul>\n<li>Durable<\/li>\n<li>Meilleur produit de vente<\/li>\n<li>Eau De Parfum (EDP)<\/li>\n<li>Capacit\u00e9 : 10 ml<\/li>\n<li>Belle bouteille d\u00e9cor\u00e9e<\/li>\n<li>Produit original de l&rsquo;UEA<\/li>\n<\/ul>\n","protected":false},"featured_media":9350,"comment_status":"open","ping_status":"closed","template":"","meta":[],"product_brand":[],"product_cat":[268],"product_tag":[],"class_list":{"0":"post-15348","1":"product","2":"type-product","3":"status-publish","4":"has-post-thumbnail","6":"product_cat-oil-oud-perfume-fr","7":"product_shipping_class-1-fr-2","9":"first","10":"outofstock","11":"sale","12":"shipping-taxable","13":"purchasable","14":"product-type-simple"},"supplier_id":null,"supplier_sku":"","barcode":null,"atum_controlled":true,"out_stock_date":"2022-11-23 18:36:53","out_stock_threshold":null,"inheritable":false,"inbound_stock":0,"stock_on_hold":0,"sold_today":0,"sales_last_days":0,"reserved_stock":0,"customer_returns":0,"warehouse_damage":0,"lost_in_post":0,"other_logs":0,"out_stock_days":1258,"lost_sales":0,"has_location":false,"update_date":"2026-05-05T00:45:43","atum_locations":[],"atum_stock_status":"outofstock","restock_status":false,"low_stock_amount":"","sales_update_date":"2026-05-05T00:45:43","calc_backorders":null,"_links":{"self":[{"href":"https:\/\/myroyalmarket.com\/fr\/wp-json\/wp\/v2\/product\/15348","targetHints":{"allow":["GET"]}}],"collection":[{"href":"https:\/\/myroyalmarket.com\/fr\/wp-json\/wp\/v2\/product"}],"about":[{"href":"https:\/\/myroyalmarket.com\/fr\/wp-json\/wp\/v2\/types\/product"}],"replies":[{"embeddable":true,"href":"https:\/\/myroyalmarket.com\/fr\/wp-json\/wp\/v2\/comments?post=15348"}],"wp:featuredmedia":[{"embeddable":true,"href":"https:\/\/myroyalmarket.com\/fr\/wp-json\/wp\/v2\/media\/9350"}],"wp:attachment":[{"href":"https:\/\/myroyalmarket.com\/fr\/wp-json\/wp\/v2\/media?parent=15348"}],"wp:term":[{"taxonomy":"product_brand","embeddable":true,"href":"https:\/\/myroyalmarket.com\/fr\/wp-json\/wp\/v2\/product_brand?post=15348"},{"taxonomy":"product_cat","embeddable":true,"href":"https:\/\/myroyalmarket.com\/fr\/wp-json\/wp\/v2\/product_cat?post=15348"},{"taxonomy":"product_tag","embeddable":true,"href":"https:\/\/myroyalmarket.com\/fr\/wp-json\/wp\/v2\/product_tag?post=15348"}],"curies":[{"name":"wp","href":"https:\/\/api.w.org\/{rel}","templated":true}]}}