{"id":15359,"date":"2020-10-28T08:28:59","date_gmt":"2021-09-10T17:08:47","guid":{"rendered":"https:\/\/www.my-damas.com\/product\/oud-orchid-parfum-10ml-pour-homme-et-femme-huile-rouleau\/"},"modified":"2022-03-13T15:00:22","modified_gmt":"2022-03-13T15:00:22","slug":"oud-orchid-perfume-10ml-for-men-and-women-oil-roll","status":"publish","type":"product","link":"https:\/\/myroyalmarket.com\/fr\/produit\/oud-orchid-perfume-10ml-for-men-and-women-oil-roll\/","title":{"rendered":"Parfum Oud Orchid 10ml pour homme et femme, rouleau d&rsquo;huile"},"content":{"rendered":"<div class=\"wpb-content-wrapper\"><p>[vc_row][vc_column width=\u00a0\u00bb1\/6&Prime;][\/vc_column][vc_column width=\u00a0\u00bb2\/3&Prime;][vc_column_text]<\/p>\n<p style=\"text-align: center;\"><strong>ARD AL ZAAFARAN PARFUMS HUILE DE PARFUM CONCENTR\u00c9E OUD ORCHID 10ML &#8211; PARFUM SANS ALCOOL<\/strong><\/p>\n<p>L&rsquo;huile de parfum Oud Orchid d&rsquo;Ard Al Zaafaran est un parfum oriental-bois\u00e9 pour homme et femme.<\/p>\n<p>Le parfum a une note de t\u00eate fleurie-\u00e9pic\u00e9e l\u00e9g\u00e8rement fra\u00eeche avec du daim et des clous de girofle.<\/p>\n<p>La note de c\u0153ur est florale avec du jasmin et des orchid\u00e9es. Les tons de chocolat noir compl\u00e8tent merveilleusement les notes fleuries et r\u00e9pandent la sensualit\u00e9.<\/p>\n<p>La base est tr\u00e8s chaleureuse, bois\u00e9e et pleine de oud, de santal, de vanille, de musc blanc et de patchouli.[\/vc_column_text][\/vc_column][vc_column width=\u00a0\u00bb1\/6&Prime;][\/vc_column][\/vc_row]<\/p>\n<\/div>","protected":false},"excerpt":{"rendered":"<ul>\n<li>Oud, Rose, Patchouli<\/li>\n<li>Cannelle, Ambre, Oud, Bois de C\u00e8dre<\/li>\n<li>bois de santal, musc blanc, oud, mousse de ch\u00eane<\/li>\n<li>Durable<\/li>\n<li>Meilleur produit de vente<\/li>\n<li>Eau de Parfum (EDP)<\/li>\n<li>Capacit\u00e9 : 10 ml<\/li>\n<li>Belle bouteille d\u00e9cor\u00e9e<\/li>\n<li>Produit original de l&rsquo;UEA<\/li>\n<\/ul>\n","protected":false},"featured_media":9370,"comment_status":"open","ping_status":"closed","template":"","meta":[],"product_brand":[],"product_cat":[268],"product_tag":[],"class_list":{"0":"post-15359","1":"product","2":"type-product","3":"status-publish","4":"has-post-thumbnail","6":"product_cat-oil-oud-perfume-fr","7":"product_shipping_class-1-fr-2","9":"first","10":"outofstock","11":"sale","12":"shipping-taxable","13":"purchasable","14":"product-type-simple"},"supplier_id":null,"supplier_sku":"","barcode":null,"atum_controlled":true,"out_stock_date":"2022-03-13 15:00:22","out_stock_threshold":null,"inheritable":false,"inbound_stock":0,"stock_on_hold":0,"sold_today":0,"sales_last_days":0,"reserved_stock":0,"customer_returns":0,"warehouse_damage":0,"lost_in_post":0,"other_logs":0,"out_stock_days":1513,"lost_sales":0,"has_location":false,"update_date":"2026-05-05T00:45:43","atum_locations":[],"atum_stock_status":"outofstock","restock_status":false,"low_stock_amount":"","sales_update_date":"2026-05-05T00:45:43","calc_backorders":null,"_links":{"self":[{"href":"https:\/\/myroyalmarket.com\/fr\/wp-json\/wp\/v2\/product\/15359","targetHints":{"allow":["GET"]}}],"collection":[{"href":"https:\/\/myroyalmarket.com\/fr\/wp-json\/wp\/v2\/product"}],"about":[{"href":"https:\/\/myroyalmarket.com\/fr\/wp-json\/wp\/v2\/types\/product"}],"replies":[{"embeddable":true,"href":"https:\/\/myroyalmarket.com\/fr\/wp-json\/wp\/v2\/comments?post=15359"}],"wp:featuredmedia":[{"embeddable":true,"href":"https:\/\/myroyalmarket.com\/fr\/wp-json\/wp\/v2\/media\/9370"}],"wp:attachment":[{"href":"https:\/\/myroyalmarket.com\/fr\/wp-json\/wp\/v2\/media?parent=15359"}],"wp:term":[{"taxonomy":"product_brand","embeddable":true,"href":"https:\/\/myroyalmarket.com\/fr\/wp-json\/wp\/v2\/product_brand?post=15359"},{"taxonomy":"product_cat","embeddable":true,"href":"https:\/\/myroyalmarket.com\/fr\/wp-json\/wp\/v2\/product_cat?post=15359"},{"taxonomy":"product_tag","embeddable":true,"href":"https:\/\/myroyalmarket.com\/fr\/wp-json\/wp\/v2\/product_tag?post=15359"}],"curies":[{"name":"wp","href":"https:\/\/api.w.org\/{rel}","templated":true}]}}