{"id":15364,"date":"2020-10-28T08:28:59","date_gmt":"2021-09-10T17:10:32","guid":{"rendered":"https:\/\/www.my-damas.com\/product\/oud-abyad-parfum-10-ml-pour-homme-et-femme-huile-rouleau\/"},"modified":"2022-07-04T16:31:15","modified_gmt":"2022-07-04T16:31:15","slug":"oud-abyad-perfume-10-ml-for-men-and-women-oil-roll","status":"publish","type":"product","link":"https:\/\/myroyalmarket.com\/fr\/produit\/oud-abyad-perfume-10-ml-for-men-and-women-oil-roll\/","title":{"rendered":"Parfum Oud Abyad 10 ML Pour Homme et Femme, Rouleau d&rsquo;Huile"},"content":{"rendered":"<div class=\"wpb-content-wrapper\"><p>[vc_row][vc_column width=\u00a0\u00bb1\/6&Prime;][\/vc_column][vc_column width=\u00a0\u00bb2\/3&Prime;][vc_column_text]<\/p>\n<div style=\"text-align: center\"><strong>Oud Abyad<\/strong><\/div>\n<div><\/div>\n<div>C&rsquo;est l&rsquo;ar\u00f4me le plus d\u00e9licat et le plus subtil que l&rsquo;on puisse attendre du oud. L&rsquo;ouverture s\u00e8che poudr\u00e9e et l\u00e9g\u00e8rement m\u00e9dicinale du oud m\u00e8ne \u00e0 un c\u0153ur floral doux et \u00e9pic\u00e9 chaud. La note de confort comprend de l&rsquo;encens, du santal, de l&rsquo;ambre et de la vanille douce qui donne sa chaleur cr\u00e9meuse \u00e0 la composition, sans pour autant bannir la complexit\u00e9 raffin\u00e9e du oud. Les notes principales sont la rose de Damas, le safran, le bois d&rsquo;agar.<\/div>\n<div><\/div>\n<div>Meilleur parfum Oud du march\u00e9 avec une belle bouteille et des pierres scintillantes \u00e0 l&rsquo;int\u00e9rieur. Pour hommes et femmes. Produit \u00e0 \u00e9volution rapide.Meilleure qualit\u00e9 \u00e0 un prix abordable<\/div>\n<div><\/div>\n<div>Remarque: Ce sont des parfums halal contenant (Alcohol Denat). Ces parfums ont tous \u00e9t\u00e9 import\u00e9s d&rsquo;Extr\u00eame-Orient et ont une bonne odeur ainsi qu&rsquo;une belle apparence, ce qui en fait des cadeaux parfaits.<\/div>\n<div><\/div>\n<div>Taille: 10 ml<\/div>\n<div>Fabricant : Ard Al Zafraan<\/div>\n<div><\/div>\n<div>Il se pr\u00e9sente dans un emballage tr\u00e8s fin, plat et de forme rectangulaire qui peut se glisser dans une poche de veste ou se glisser parfaitement dans votre sac \u00e0 main et offre un excellent rapport qualit\u00e9-prix. Cela en fait un cadeau id\u00e9al et hautement recommand\u00e9. Un parfum polyvalent qui est parfait pour tous les \u00e9v\u00e9nements.<\/div>\n<div><\/div>\n<div><\/div>\n<div><\/div>\n<p><br data-cke-eol=\"1\">[\/vc_column_text][\/vc_column][vc_column width=\u00a0\u00bb1\/6&Prime;][\/vc_column][\/vc_row]<\/p>\n<\/div>","protected":false},"excerpt":{"rendered":"<ul>\n<li>Durable<\/li>\n<li>Meilleur produit de vente<\/li>\n<li>Eau De Parfum (EDP)<\/li>\n<li>Capacit\u00e9 : 10 ml<\/li>\n<li>Beau vaporisateur de poche<\/li>\n<li>Produit original de l&rsquo;UEA<\/li>\n<\/ul>\n","protected":false},"featured_media":9374,"comment_status":"open","ping_status":"closed","template":"","meta":[],"product_brand":[],"product_cat":[268],"product_tag":[],"class_list":{"0":"post-15364","1":"product","2":"type-product","3":"status-publish","4":"has-post-thumbnail","6":"product_cat-oil-oud-perfume-fr","7":"product_shipping_class-1-fr-2","9":"first","10":"instock","11":"sale","12":"shipping-taxable","13":"purchasable","14":"product-type-simple"},"supplier_id":null,"supplier_sku":"","barcode":null,"atum_controlled":true,"out_stock_date":null,"out_stock_threshold":null,"inheritable":false,"inbound_stock":0,"stock_on_hold":0,"sold_today":0,"sales_last_days":0,"reserved_stock":0,"customer_returns":0,"warehouse_damage":0,"lost_in_post":0,"other_logs":0,"out_stock_days":0,"lost_sales":0,"has_location":false,"update_date":"2026-05-04T16:42:53","atum_locations":[],"atum_stock_status":"instock","restock_status":false,"low_stock_amount":"","sales_update_date":"2026-05-04T16:42:53","calc_backorders":null,"_links":{"self":[{"href":"https:\/\/myroyalmarket.com\/fr\/wp-json\/wp\/v2\/product\/15364","targetHints":{"allow":["GET"]}}],"collection":[{"href":"https:\/\/myroyalmarket.com\/fr\/wp-json\/wp\/v2\/product"}],"about":[{"href":"https:\/\/myroyalmarket.com\/fr\/wp-json\/wp\/v2\/types\/product"}],"replies":[{"embeddable":true,"href":"https:\/\/myroyalmarket.com\/fr\/wp-json\/wp\/v2\/comments?post=15364"}],"wp:featuredmedia":[{"embeddable":true,"href":"https:\/\/myroyalmarket.com\/fr\/wp-json\/wp\/v2\/media\/9374"}],"wp:attachment":[{"href":"https:\/\/myroyalmarket.com\/fr\/wp-json\/wp\/v2\/media?parent=15364"}],"wp:term":[{"taxonomy":"product_brand","embeddable":true,"href":"https:\/\/myroyalmarket.com\/fr\/wp-json\/wp\/v2\/product_brand?post=15364"},{"taxonomy":"product_cat","embeddable":true,"href":"https:\/\/myroyalmarket.com\/fr\/wp-json\/wp\/v2\/product_cat?post=15364"},{"taxonomy":"product_tag","embeddable":true,"href":"https:\/\/myroyalmarket.com\/fr\/wp-json\/wp\/v2\/product_tag?post=15364"}],"curies":[{"name":"wp","href":"https:\/\/api.w.org\/{rel}","templated":true}]}}