{"id":15374,"date":"2020-10-28T08:28:59","date_gmt":"2021-09-10T17:15:14","guid":{"rendered":"https:\/\/www.my-damas.com\/product\/khallab-oud-parfum-10ml-pour-homme-et-femme-huile-rouleau\/"},"modified":"2022-03-13T15:00:21","modified_gmt":"2022-03-13T15:00:21","slug":"khallab-oud-perfume-10ml-for-men-and-women-oil-roll","status":"publish","type":"product","link":"https:\/\/myroyalmarket.com\/fr\/produit\/khallab-oud-perfume-10ml-for-men-and-women-oil-roll\/","title":{"rendered":"Khallab Oud Parfum 10ml pour Homme et Femme, Rouleau d&rsquo;Huile"},"content":{"rendered":"<div class=\"wpb-content-wrapper\"><p>[vc_row][vc_column width=\u00a0\u00bb1\/6&Prime;][\/vc_column][vc_column width=\u00a0\u00bb2\/3&Prime;][vc_column_text]<\/p>\n<h2 style=\"text-align: center;\">KHALLAB SILVER EAU DE PARFUM 10ML huile<\/h2>\n<p>Le parfum Khallab Silver s&rsquo;ouvre en note de t\u00eate fra\u00eeche et florale avec des agrumes, des citrons et des feuilles de th\u00e9.<\/p>\n<p>Une note de c\u0153ur \u00e9pic\u00e9e suit avec des senteurs d&rsquo;\u00e9pices, d&rsquo;encens et de v\u00e9tiver.<\/p>\n<p>Le bois de c\u00e8dre, le v\u00e9tiver et le musc forment la finition dans la base.<\/p>\n<p>Un parfum agr\u00e9ablement frais et \u00e9l\u00e9gant qui convient \u00e0 toutes les occasions.[\/vc_column_text][\/vc_column][vc_column width=\u00a0\u00bb1\/6&Prime;][\/vc_column][\/vc_row]<\/p>\n<\/div>","protected":false},"excerpt":{"rendered":"<ul>\n<li>Oud, Rose, Patchouli<\/li>\n<li>Cannelle, Ambre, Oud, Bois de C\u00e8dre<\/li>\n<li>bois de santal, musc blanc, oud, mousse de ch\u00eane<\/li>\n<li>Durable<\/li>\n<li>Meilleur produit de vente<\/li>\n<li>Eau de Parfum (EDP)<\/li>\n<li>Capacit\u00e9 : 10 ml<\/li>\n<li>Belle bouteille d\u00e9cor\u00e9e<\/li>\n<li>Produit original de l&rsquo;UEA<\/li>\n<\/ul>\n","protected":false},"featured_media":9386,"comment_status":"open","ping_status":"closed","template":"","meta":[],"product_brand":[],"product_cat":[268],"product_tag":[],"class_list":{"0":"post-15374","1":"product","2":"type-product","3":"status-publish","4":"has-post-thumbnail","6":"product_cat-oil-oud-perfume-fr","7":"product_shipping_class-1-fr-2","9":"first","10":"outofstock","11":"sale","12":"shipping-taxable","13":"purchasable","14":"product-type-simple"},"supplier_id":null,"supplier_sku":"","barcode":null,"atum_controlled":true,"out_stock_date":"2022-03-13 15:00:21","out_stock_threshold":null,"inheritable":false,"inbound_stock":0,"stock_on_hold":0,"sold_today":0,"sales_last_days":0,"reserved_stock":0,"customer_returns":0,"warehouse_damage":0,"lost_in_post":0,"other_logs":0,"out_stock_days":1513,"lost_sales":0,"has_location":false,"update_date":"2026-05-05T00:45:41","atum_locations":[],"atum_stock_status":"outofstock","restock_status":false,"low_stock_amount":"","sales_update_date":"2026-05-05T00:45:41","calc_backorders":null,"_links":{"self":[{"href":"https:\/\/myroyalmarket.com\/fr\/wp-json\/wp\/v2\/product\/15374","targetHints":{"allow":["GET"]}}],"collection":[{"href":"https:\/\/myroyalmarket.com\/fr\/wp-json\/wp\/v2\/product"}],"about":[{"href":"https:\/\/myroyalmarket.com\/fr\/wp-json\/wp\/v2\/types\/product"}],"replies":[{"embeddable":true,"href":"https:\/\/myroyalmarket.com\/fr\/wp-json\/wp\/v2\/comments?post=15374"}],"wp:featuredmedia":[{"embeddable":true,"href":"https:\/\/myroyalmarket.com\/fr\/wp-json\/wp\/v2\/media\/9386"}],"wp:attachment":[{"href":"https:\/\/myroyalmarket.com\/fr\/wp-json\/wp\/v2\/media?parent=15374"}],"wp:term":[{"taxonomy":"product_brand","embeddable":true,"href":"https:\/\/myroyalmarket.com\/fr\/wp-json\/wp\/v2\/product_brand?post=15374"},{"taxonomy":"product_cat","embeddable":true,"href":"https:\/\/myroyalmarket.com\/fr\/wp-json\/wp\/v2\/product_cat?post=15374"},{"taxonomy":"product_tag","embeddable":true,"href":"https:\/\/myroyalmarket.com\/fr\/wp-json\/wp\/v2\/product_tag?post=15374"}],"curies":[{"name":"wp","href":"https:\/\/api.w.org\/{rel}","templated":true}]}}