{"id":15384,"date":"2020-10-28T08:28:59","date_gmt":"2021-09-10T17:18:42","guid":{"rendered":"https:\/\/www.my-damas.com\/product\/dar-al-shabaab-oud-parfums-10-ml-for-men-oil-roll\/"},"modified":"2025-03-14T00:17:08","modified_gmt":"2025-03-13T16:17:08","slug":"dar-al-shabaab-oud-perfumes-10-ml-for-men-oil-roll","status":"publish","type":"product","link":"https:\/\/myroyalmarket.com\/fr\/produit\/dar-al-shabaab-oud-perfumes-10-ml-for-men-oil-roll\/","title":{"rendered":"Dar Al Shabaab Oud Parfums 10 ML Pour Homme, Rouleau D&rsquo;huile"},"content":{"rendered":"<div class=\"wpb-content-wrapper\"><p>[vc_row][vc_column width=\u00a0\u00bb1\/6&Prime;][\/vc_column][vc_column width=\u00a0\u00bb2\/3&Prime;][vc_column_text]<\/p>\n<p style=\"text-align: center\"><strong>Dar Al Shabab<\/strong><br \/>\nArd Al Zaafaran<\/p>\n<p>Dar Al Shabab Spray 100ml Ard Al Zaafaran, Histoire du safran Le safran fait partie des plantes les plus appr\u00e9ci\u00e9es au monde et est connu en Iran depuis de nombreux si\u00e8cles. Les Perses, en plus d&rsquo;exporter le safran dans de nombreuses r\u00e9gions du monde antique, ont pr\u00e9sent\u00e9 ses propri\u00e9t\u00e9s aux Grecs. Les Russes. Romains, Chinois et autres nations. Compte tenu de son climat, l&rsquo;Iran est encore aujourd&rsquo;hui l&rsquo;un des pays les plus appropri\u00e9s pour OTOW le safran.<\/p>\n<p>Il se pr\u00e9sente dans un emballage tr\u00e8s fin, plat et de forme rectangulaire qui peut se glisser dans une poche de veste ou se glisser parfaitement dans votre sac \u00e0 main et offre un excellent rapport qualit\u00e9-prix. Cela en fait un cadeau id\u00e9al et hautement recommand\u00e9. Un parfum polyvalent qui est parfait pour tous les \u00e9v\u00e9nements.[\/vc_column_text][vc_single_image image=\u00a0\u00bb9398&Prime; img_size=\u00a0\u00bbfull\u00a0\u00bb alignment=\u00a0\u00bbcenter\u00a0\u00bb][\/vc_column][vc_column width=\u00a0\u00bb1\/6&Prime;][\/vc_column][\/vc_row]<\/p>\n<\/div>","protected":false},"excerpt":{"rendered":"<ul>\n<li>P\u00eache, ananas, pommes, safran, bergamote<\/li>\n<li>Roses, muguet, jasmin<\/li>\n<li>Bois de santal, ambre gris, cypriol, c\u00e8dre, vanille, patchouli, musc blanc<\/li>\n<li>Fabricant : Ard Al Zafraan<\/li>\n<li>Taille: 10ml<\/li>\n<\/ul>\n","protected":false},"featured_media":9402,"comment_status":"open","ping_status":"closed","template":"","meta":[],"product_brand":[],"product_cat":[268],"product_tag":[],"class_list":{"0":"post-15384","1":"product","2":"type-product","3":"status-publish","4":"has-post-thumbnail","6":"product_cat-oil-oud-perfume-fr","7":"product_shipping_class-1-fr-2","9":"first","10":"instock","11":"sale","12":"shipping-taxable","13":"purchasable","14":"product-type-simple"},"supplier_id":null,"supplier_sku":"","barcode":null,"atum_controlled":true,"out_stock_date":null,"out_stock_threshold":null,"inheritable":false,"inbound_stock":0,"stock_on_hold":0,"sold_today":0,"sales_last_days":0,"reserved_stock":0,"customer_returns":0,"warehouse_damage":0,"lost_in_post":0,"other_logs":0,"out_stock_days":0,"lost_sales":0,"has_location":false,"update_date":"2026-05-05T00:45:48","atum_locations":[],"atum_stock_status":"instock","restock_status":false,"low_stock_amount":"","sales_update_date":"2026-05-05T00:45:48","calc_backorders":null,"_links":{"self":[{"href":"https:\/\/myroyalmarket.com\/fr\/wp-json\/wp\/v2\/product\/15384","targetHints":{"allow":["GET"]}}],"collection":[{"href":"https:\/\/myroyalmarket.com\/fr\/wp-json\/wp\/v2\/product"}],"about":[{"href":"https:\/\/myroyalmarket.com\/fr\/wp-json\/wp\/v2\/types\/product"}],"replies":[{"embeddable":true,"href":"https:\/\/myroyalmarket.com\/fr\/wp-json\/wp\/v2\/comments?post=15384"}],"wp:featuredmedia":[{"embeddable":true,"href":"https:\/\/myroyalmarket.com\/fr\/wp-json\/wp\/v2\/media\/9402"}],"wp:attachment":[{"href":"https:\/\/myroyalmarket.com\/fr\/wp-json\/wp\/v2\/media?parent=15384"}],"wp:term":[{"taxonomy":"product_brand","embeddable":true,"href":"https:\/\/myroyalmarket.com\/fr\/wp-json\/wp\/v2\/product_brand?post=15384"},{"taxonomy":"product_cat","embeddable":true,"href":"https:\/\/myroyalmarket.com\/fr\/wp-json\/wp\/v2\/product_cat?post=15384"},{"taxonomy":"product_tag","embeddable":true,"href":"https:\/\/myroyalmarket.com\/fr\/wp-json\/wp\/v2\/product_tag?post=15384"}],"curies":[{"name":"wp","href":"https:\/\/api.w.org\/{rel}","templated":true}]}}