{"id":15393,"date":"2020-10-28T08:28:59","date_gmt":"2021-09-11T11:51:17","guid":{"rendered":"https:\/\/www.my-damas.com\/product\/dar-al-hae-oud-parfum-10-ml-for-women-oil-roll\/"},"modified":"2022-03-13T15:00:20","modified_gmt":"2022-03-13T15:00:20","slug":"dar-al-hae-oud-perfume-10-ml-for-women-oil-roll","status":"publish","type":"product","link":"https:\/\/myroyalmarket.com\/fr\/produit\/dar-al-hae-oud-perfume-10-ml-for-women-oil-roll\/","title":{"rendered":"Dar Al Hae Oud Parfum 10 ML Pour Femme, Rouleau D&rsquo;huile"},"content":{"rendered":"<div class=\"wpb-content-wrapper\"><p>[vc_row][vc_column width=\u00a0\u00bb1\/6&Prime;][\/vc_column][vc_column width=\u00a0\u00bb2\/3&Prime;][vc_column_text]<\/p>\n<h1 class=\"ng-binding ng-scope\" style=\"text-align: center;\">ARD AL ZAAFARAN PARFUMS HUILE DE PARFUM CONCENTR\u00c9E DAR AL HAE 10ML<\/h1>\n<p>L&rsquo;huile de parfum Dar Al Hae d&rsquo;Ard Al Zaafaran est un parfum oriental chaud et profond pour les femmes.<\/p>\n<p>La note de t\u00eate du parfum s&rsquo;ouvre l\u00e9g\u00e8rement fra\u00eeche avec du citron vert et du patchouli terreux.<\/p>\n<p>En note de c\u0153ur, on retrouve le bois de santal et la vanille, qui se compl\u00e8tent harmonieusement et apportent une touche orientale.<\/p>\n<p>La base forme du musc avec de l&rsquo;ambre.<\/p>\n<p>Un parfum tr\u00e8s charmeur aux touches orientales, dont la chaleur et la douceur diffusent une agr\u00e9able harmonie.<\/p>\n<p>Accords principaux : chaud, oriental, bois\u00e9, terreux<\/p>\n<p><br data-cke-eol=\"1\">[\/vc_column_text][\/vc_column][vc_column width=\u00a0\u00bb1\/6&Prime;][\/vc_column][\/vc_row]<\/p>\n<\/div>","protected":false},"excerpt":{"rendered":"<ul>\n<li>Famille de parfums : Oriental<\/li>\n<li>Type de parfum : Halal Attar \/ Eau de Parfum<\/li>\n<li>Fabrication : Ard Al Zaafaran<\/li>\n<li>Sexe: Femme<\/li>\n<li>Pays de fabrication: EAU<\/li>\n<li>Taille: 10ml<\/li>\n<\/ul>\n","protected":false},"featured_media":9410,"comment_status":"open","ping_status":"closed","template":"","meta":[],"product_brand":[],"product_cat":[268],"product_tag":[],"class_list":{"0":"post-15393","1":"product","2":"type-product","3":"status-publish","4":"has-post-thumbnail","6":"product_cat-oil-oud-perfume-fr","7":"product_shipping_class-1-fr-2","9":"first","10":"outofstock","11":"sale","12":"shipping-taxable","13":"purchasable","14":"product-type-simple"},"supplier_id":null,"supplier_sku":"","barcode":null,"atum_controlled":true,"out_stock_date":"2022-03-13 15:00:20","out_stock_threshold":null,"inheritable":false,"inbound_stock":0,"stock_on_hold":0,"sold_today":0,"sales_last_days":0,"reserved_stock":0,"customer_returns":0,"warehouse_damage":0,"lost_in_post":0,"other_logs":0,"out_stock_days":1513,"lost_sales":0,"has_location":false,"update_date":"2026-05-05T00:45:41","atum_locations":[],"atum_stock_status":"outofstock","restock_status":false,"low_stock_amount":"","sales_update_date":"2026-05-05T00:45:41","calc_backorders":null,"_links":{"self":[{"href":"https:\/\/myroyalmarket.com\/fr\/wp-json\/wp\/v2\/product\/15393","targetHints":{"allow":["GET"]}}],"collection":[{"href":"https:\/\/myroyalmarket.com\/fr\/wp-json\/wp\/v2\/product"}],"about":[{"href":"https:\/\/myroyalmarket.com\/fr\/wp-json\/wp\/v2\/types\/product"}],"replies":[{"embeddable":true,"href":"https:\/\/myroyalmarket.com\/fr\/wp-json\/wp\/v2\/comments?post=15393"}],"wp:featuredmedia":[{"embeddable":true,"href":"https:\/\/myroyalmarket.com\/fr\/wp-json\/wp\/v2\/media\/9410"}],"wp:attachment":[{"href":"https:\/\/myroyalmarket.com\/fr\/wp-json\/wp\/v2\/media?parent=15393"}],"wp:term":[{"taxonomy":"product_brand","embeddable":true,"href":"https:\/\/myroyalmarket.com\/fr\/wp-json\/wp\/v2\/product_brand?post=15393"},{"taxonomy":"product_cat","embeddable":true,"href":"https:\/\/myroyalmarket.com\/fr\/wp-json\/wp\/v2\/product_cat?post=15393"},{"taxonomy":"product_tag","embeddable":true,"href":"https:\/\/myroyalmarket.com\/fr\/wp-json\/wp\/v2\/product_tag?post=15393"}],"curies":[{"name":"wp","href":"https:\/\/api.w.org\/{rel}","templated":true}]}}