{"id":15401,"date":"2020-10-28T08:28:58","date_gmt":"2021-09-11T11:56:39","guid":{"rendered":"https:\/\/www.my-damas.com\/product\/akhbar-al-ushaq-oud-perfume-10-ml-for-women-oil-roll\/"},"modified":"2023-10-23T08:49:44","modified_gmt":"2023-10-23T08:49:44","slug":"akhbar-al-ushaq-oud-perfume-10-ml-for-women-oil-roll","status":"publish","type":"product","link":"https:\/\/myroyalmarket.com\/fr\/produit\/akhbar-al-ushaq-oud-perfume-10-ml-for-women-oil-roll\/","title":{"rendered":"Akhbar Al Ushaq Oud Parfum 10 ML Pour Femme, Huile Rouleau"},"content":{"rendered":"<div class=\"wpb-content-wrapper\"><p>[vc_row][vc_column width=\u00a0\u00bb1\/6&Prime;][\/vc_column][vc_column width=\u00a0\u00bb2\/3&Prime;][vc_column_text]<\/p>\n<h1 class=\"ng-binding ng-scope\" style=\"text-align: center;\">Ard Al Zaafaran Akhbar Al Ushaq 10ml<\/h1>\n<p>Akhbar Al Ushaq par Ard Al Zaafaran &#8211; Un parfum f\u00e9minin aux senteurs fruit\u00e9es et florales, de vanille chaude et de noix de coco. Akhbar Al Ushaq commence un fruit\u00e9 juteux avec des fraises, des framboises, des raisins et des pommes. Les notes de c\u0153ur sensuelles de notes bois\u00e9es de noix de coco et de vanille sont flatteuses et chaleureuses. Les roses, les lys et le Freesin forment la base fleurie.<\/p>\n<p>Un beau parfum oriental, qui inspire par sa vitalit\u00e9 au d\u00e9part et sa progression vers une harmonie chaleureuse et douce dans la base et qui convient bien \u00e0 la vie de tous les jours.[\/vc_column_text][\/vc_column][vc_column width=\u00a0\u00bb1\/6&Prime;][\/vc_column][\/vc_row]<\/p>\n<\/div>","protected":false},"excerpt":{"rendered":"<ul>\n<li>Famille de parfums : Oriental<\/li>\n<li>Type de parfum : Halal Attar \/ Eau de Parfum<\/li>\n<li>Fabrication : Ard Al Zaafaran<\/li>\n<li>Sexe: Femme<\/li>\n<li>Pays de fabrication: EAU<\/li>\n<li>Taille: 10ml<\/li>\n<\/ul>\n","protected":false},"featured_media":9434,"comment_status":"open","ping_status":"closed","template":"","meta":[],"product_brand":[],"product_cat":[268],"product_tag":[],"class_list":{"0":"post-15401","1":"product","2":"type-product","3":"status-publish","4":"has-post-thumbnail","6":"product_cat-oil-oud-perfume-fr","7":"product_shipping_class-1-fr-2","9":"first","10":"instock","11":"sale","12":"shipping-taxable","13":"purchasable","14":"product-type-simple"},"supplier_id":null,"supplier_sku":"","barcode":null,"atum_controlled":true,"out_stock_date":null,"out_stock_threshold":null,"inheritable":false,"inbound_stock":0,"stock_on_hold":0,"sold_today":0,"sales_last_days":0,"reserved_stock":0,"customer_returns":0,"warehouse_damage":0,"lost_in_post":0,"other_logs":0,"out_stock_days":0,"lost_sales":0,"has_location":false,"update_date":"2026-05-05T00:45:46","atum_locations":[],"atum_stock_status":"instock","restock_status":false,"low_stock_amount":"","sales_update_date":"2026-05-05T00:45:46","calc_backorders":null,"_links":{"self":[{"href":"https:\/\/myroyalmarket.com\/fr\/wp-json\/wp\/v2\/product\/15401","targetHints":{"allow":["GET"]}}],"collection":[{"href":"https:\/\/myroyalmarket.com\/fr\/wp-json\/wp\/v2\/product"}],"about":[{"href":"https:\/\/myroyalmarket.com\/fr\/wp-json\/wp\/v2\/types\/product"}],"replies":[{"embeddable":true,"href":"https:\/\/myroyalmarket.com\/fr\/wp-json\/wp\/v2\/comments?post=15401"}],"wp:featuredmedia":[{"embeddable":true,"href":"https:\/\/myroyalmarket.com\/fr\/wp-json\/wp\/v2\/media\/9434"}],"wp:attachment":[{"href":"https:\/\/myroyalmarket.com\/fr\/wp-json\/wp\/v2\/media?parent=15401"}],"wp:term":[{"taxonomy":"product_brand","embeddable":true,"href":"https:\/\/myroyalmarket.com\/fr\/wp-json\/wp\/v2\/product_brand?post=15401"},{"taxonomy":"product_cat","embeddable":true,"href":"https:\/\/myroyalmarket.com\/fr\/wp-json\/wp\/v2\/product_cat?post=15401"},{"taxonomy":"product_tag","embeddable":true,"href":"https:\/\/myroyalmarket.com\/fr\/wp-json\/wp\/v2\/product_tag?post=15401"}],"curies":[{"name":"wp","href":"https:\/\/api.w.org\/{rel}","templated":true}]}}