{"id":15413,"date":"2020-10-28T08:28:56","date_gmt":"2021-09-11T12:02:00","guid":{"rendered":"https:\/\/www.my-damas.com\/product\/oudi-perfume-oil-roll-10ml-for-men-and-women-oil-perfume\/"},"modified":"2023-02-21T18:30:11","modified_gmt":"2023-02-21T18:30:11","slug":"oudi-perfume-oil-roll-10ml-for-men-and-women-oil-perfume","status":"publish","type":"product","link":"https:\/\/myroyalmarket.com\/fr\/produit\/oudi-perfume-oil-roll-10ml-for-men-and-women-oil-perfume\/","title":{"rendered":"oudi Parfum Oil Roll 10ml pour Homme et Femme Huile de parfum"},"content":{"rendered":"<div class=\"wpb-content-wrapper\"><p>[vc_row][vc_column width=\u00a0\u00bb1\/6&Prime;][\/vc_column][vc_column width=\u00a0\u00bb2\/3&Prime;][vc_column_text]<\/p>\n<p style=\"text-align: center\"><strong>Parfum oudi<\/strong><br \/>\nEau de Parfum<\/p>\n<p>Oudi par Ard Al Zafraan Oudi est compos\u00e9 d&rsquo;extraits de oud et de fleurs de premi\u00e8re qualit\u00e9. Toutes vos notes pr\u00e9f\u00e9r\u00e9es contenues dans une seule bouteille; le bois de santal exhale son parfum bois\u00e9 sucr\u00e9 richement saupoudr\u00e9 de cannelle ; le c\u00e8dre augmente la douceur \u00e9l\u00e9gante de ce parfum classique. Le parfum est pr\u00e9sent\u00e9 dans un flacon magnifiquement \u00e9l\u00e9gant avec une belle bo\u00eete ext\u00e9rieure.<\/p>\n<p>Ard Al Zaafaran est un fabricant bien connu de nombreux parfums et bas\u00e9 \u00e0 Duba\u00ef. Il s&rsquo;agit d&rsquo;une marque relativement nouvelle au Royaume-Uni, mais dont la demande augmente en raison de la large gamme de parfums orientaux pour hommes et femmes.[\/vc_column_text][\/vc_column][vc_column width=\u00a0\u00bb1\/6&Prime;][\/vc_column][\/vc_row]<\/p>\n<\/div>","protected":false},"excerpt":{"rendered":"<ul>\n<li>Oud, Rose, Patchouli<\/li>\n<li>Cannelle, Ambre, Oud, Bois de C\u00e8dre<\/li>\n<li>bois de santal, musc blanc, oud, mousse de ch\u00eane<\/li>\n<li>Durable<\/li>\n<li>Meilleur produit de vente<\/li>\n<li>Eau de Parfum (EDP)<\/li>\n<li>Capacit\u00e9 : 10 ml<\/li>\n<li>Belle bouteille d\u00e9cor\u00e9e<\/li>\n<li>Produit original de l&rsquo;UEA<\/li>\n<\/ul>\n","protected":false},"featured_media":9450,"comment_status":"open","ping_status":"closed","template":"","meta":[],"product_brand":[],"product_cat":[268],"product_tag":[],"class_list":{"0":"post-15413","1":"product","2":"type-product","3":"status-publish","4":"has-post-thumbnail","6":"product_cat-oil-oud-perfume-fr","7":"product_shipping_class-1-fr-2","9":"first","10":"instock","11":"sale","12":"shipping-taxable","13":"purchasable","14":"product-type-simple"},"supplier_id":null,"supplier_sku":"","barcode":null,"atum_controlled":true,"out_stock_date":null,"out_stock_threshold":null,"inheritable":false,"inbound_stock":0,"stock_on_hold":0,"sold_today":0,"sales_last_days":0,"reserved_stock":0,"customer_returns":0,"warehouse_damage":0,"lost_in_post":0,"other_logs":0,"out_stock_days":0,"lost_sales":0,"has_location":false,"update_date":"2026-05-05T00:45:48","atum_locations":[],"atum_stock_status":"instock","restock_status":false,"low_stock_amount":"","sales_update_date":"2026-05-05T00:45:48","calc_backorders":null,"_links":{"self":[{"href":"https:\/\/myroyalmarket.com\/fr\/wp-json\/wp\/v2\/product\/15413","targetHints":{"allow":["GET"]}}],"collection":[{"href":"https:\/\/myroyalmarket.com\/fr\/wp-json\/wp\/v2\/product"}],"about":[{"href":"https:\/\/myroyalmarket.com\/fr\/wp-json\/wp\/v2\/types\/product"}],"replies":[{"embeddable":true,"href":"https:\/\/myroyalmarket.com\/fr\/wp-json\/wp\/v2\/comments?post=15413"}],"wp:featuredmedia":[{"embeddable":true,"href":"https:\/\/myroyalmarket.com\/fr\/wp-json\/wp\/v2\/media\/9450"}],"wp:attachment":[{"href":"https:\/\/myroyalmarket.com\/fr\/wp-json\/wp\/v2\/media?parent=15413"}],"wp:term":[{"taxonomy":"product_brand","embeddable":true,"href":"https:\/\/myroyalmarket.com\/fr\/wp-json\/wp\/v2\/product_brand?post=15413"},{"taxonomy":"product_cat","embeddable":true,"href":"https:\/\/myroyalmarket.com\/fr\/wp-json\/wp\/v2\/product_cat?post=15413"},{"taxonomy":"product_tag","embeddable":true,"href":"https:\/\/myroyalmarket.com\/fr\/wp-json\/wp\/v2\/product_tag?post=15413"}],"curies":[{"name":"wp","href":"https:\/\/api.w.org\/{rel}","templated":true}]}}