{"id":15429,"date":"2020-10-28T08:28:54","date_gmt":"2021-09-11T13:09:17","guid":{"rendered":"https:\/\/www.my-damas.com\/product\/health-care-roselle-flower-tea\/"},"modified":"2025-10-12T18:42:25","modified_gmt":"2025-10-12T10:42:25","slug":"health-care-roselle-flower-tea","status":"publish","type":"product","link":"https:\/\/myroyalmarket.com\/fr\/produit\/health-care-roselle-flower-tea\/","title":{"rendered":"Th\u00e9 aux fleurs de Roselle (100g) avec image r\u00e9elle"},"content":{"rendered":"<div class=\"wpb-content-wrapper\"><p>[vc_row][vc_column width=\u00a0\u00bb1\/6&Prime;][\/vc_column][vc_column width=\u00a0\u00bb2\/3&Prime;][vc_column_text]<\/p>\n<h2>Le th\u00e9 d&rsquo;hibiscus est pr\u00e9par\u00e9 en faisant bouillir des parties de la plante d&rsquo;hibiscus, connue sous son nom scientifique Hibiscus sabdariffa, en particulier la fleur.<\/h2>\n<p>[\/vc_column_text][vc_single_image image=\u00a0\u00bb10850&Prime; img_size=\u00a0\u00bbfull\u00a0\u00bb][vc_column_text]<\/p>\n<h2><strong>Avantages du th\u00e9 \u00e0 l&rsquo;hibiscus<\/strong><\/h2>\n<ol>\n<li><strong>Pr\u00e9vient l&rsquo;hypertension <\/strong><\/li>\n<li><strong>Abaisse les niveaux de cholest\u00e9rol<\/strong><\/li>\n<li><strong>Fait baisser les niveaux de sucre dans le sang<\/strong><\/li>\n<li><strong>Maintient votre foie en bonne sant\u00e9<\/strong><\/li>\n<li><strong>Traite les crampes menstruelles<\/strong><\/li>\n<li><strong>Traite la d\u00e9pression<\/strong><\/li>\n<li><strong>Aide \u00e0 la digestion<\/strong><\/li>\n<li><strong>Liquide de refroidissement corporel<\/strong><\/li>\n<li><strong>Gestion du poids<\/strong><\/li>\n<li><strong>Anti-\u00e2ge<\/strong><\/li>\n<li><strong>Riche en vitamine C<\/strong><\/li>\n<li><strong>Une boisson pour toutes les saisons<\/strong><\/li>\n<li><strong>Avoir des effets laxatifs<\/strong><\/li>\n<li><strong>Effet chimio-pr\u00e9ventif<\/strong><\/li>\n<li><strong>Est Vermifuge\/Antibact\u00e9rien<\/strong><\/li>\n<li><strong>Autres b\u00e9n\u00e9fices<\/strong><\/li>\n<\/ol>\n<p>[\/vc_column_text][vc_single_image image=\u00a0\u00bb10846&Prime; img_size=\u00a0\u00bbfull\u00a0\u00bb][\/vc_column][vc_column width=\u00a0\u00bb1\/6&Prime;][\/vc_column][\/vc_row]<\/p>\n<\/div>","protected":false},"excerpt":{"rendered":"<ul>\n<li>Excellente gestion de la pression art\u00e9rielle.<\/li>\n<li>Abaisser le cholest\u00e9rol.<\/li>\n<li>Prot\u00e8ge le foie.<\/li>\n<li>Propri\u00e9t\u00e9s anti-cancer.<\/li>\n<li>Propri\u00e9t\u00e9s anti-inflammatoires et antibact\u00e9riennes.<\/li>\n<li>Soulagement des crampes et des douleurs menstruelles.<\/li>\n<li>Propri\u00e9t\u00e9s antid\u00e9pressives.<\/li>\n<li>Aide \u00e0 r\u00e9duire l&rsquo;absorption d&rsquo;amidon et de glucose et peut aider \u00e0 perdre du poids<\/li>\n<\/ul>\n","protected":false},"featured_media":10838,"comment_status":"open","ping_status":"closed","template":"","meta":[],"product_brand":[],"product_cat":[263],"product_tag":[],"class_list":{"0":"post-15429","1":"product","2":"type-product","3":"status-publish","4":"has-post-thumbnail","6":"product_cat-health-drinks-fr","7":"product_shipping_class-1-fr-2","9":"first","10":"outofstock","11":"sale","12":"shipping-taxable","13":"purchasable","14":"product-type-simple"},"supplier_id":null,"supplier_sku":"","barcode":null,"atum_controlled":true,"out_stock_date":"2025-10-12 18:42:27","out_stock_threshold":null,"inheritable":false,"inbound_stock":0,"stock_on_hold":1,"sold_today":0,"sales_last_days":0,"reserved_stock":0,"customer_returns":0,"warehouse_damage":0,"lost_in_post":0,"other_logs":0,"out_stock_days":204,"lost_sales":0,"has_location":false,"update_date":"2026-05-05T00:45:54","atum_locations":[],"atum_stock_status":"outofstock","restock_status":false,"low_stock_amount":"","sales_update_date":"2026-05-05T00:45:54","calc_backorders":null,"_links":{"self":[{"href":"https:\/\/myroyalmarket.com\/fr\/wp-json\/wp\/v2\/product\/15429","targetHints":{"allow":["GET"]}}],"collection":[{"href":"https:\/\/myroyalmarket.com\/fr\/wp-json\/wp\/v2\/product"}],"about":[{"href":"https:\/\/myroyalmarket.com\/fr\/wp-json\/wp\/v2\/types\/product"}],"replies":[{"embeddable":true,"href":"https:\/\/myroyalmarket.com\/fr\/wp-json\/wp\/v2\/comments?post=15429"}],"wp:featuredmedia":[{"embeddable":true,"href":"https:\/\/myroyalmarket.com\/fr\/wp-json\/wp\/v2\/media\/10838"}],"wp:attachment":[{"href":"https:\/\/myroyalmarket.com\/fr\/wp-json\/wp\/v2\/media?parent=15429"}],"wp:term":[{"taxonomy":"product_brand","embeddable":true,"href":"https:\/\/myroyalmarket.com\/fr\/wp-json\/wp\/v2\/product_brand?post=15429"},{"taxonomy":"product_cat","embeddable":true,"href":"https:\/\/myroyalmarket.com\/fr\/wp-json\/wp\/v2\/product_cat?post=15429"},{"taxonomy":"product_tag","embeddable":true,"href":"https:\/\/myroyalmarket.com\/fr\/wp-json\/wp\/v2\/product_tag?post=15429"}],"curies":[{"name":"wp","href":"https:\/\/api.w.org\/{rel}","templated":true}]}}