{"id":15434,"date":"2020-10-28T08:28:51","date_gmt":"2021-09-11T13:16:33","guid":{"rendered":"https:\/\/www.my-damas.com\/product\/chamomile-flower-tea-100g\/"},"modified":"2023-02-28T21:44:41","modified_gmt":"2023-02-28T21:44:41","slug":"chamomile-flower-tea-100g","status":"publish","type":"product","link":"https:\/\/myroyalmarket.com\/fr\/produit\/chamomile-flower-tea-100g\/","title":{"rendered":"Th\u00e9 \u00e0 la fleur de camomille (100g)"},"content":{"rendered":"<div class=\"wpb-content-wrapper\"><p>[vc_row][vc_column width=\u00a0\u00bb1\/6&Prime;][\/vc_column][vc_column width=\u00a0\u00bb2\/3&Prime;][vc_column_text]Une tasse de th\u00e9 \u00e0 la camomille contient deux calories, deux milligrammes de sodium et aucun cholest\u00e9rol. La camomille est couramment utilis\u00e9e pour am\u00e9liorer de nombreux probl\u00e8mes de sant\u00e9, notamment :<\/p>\n<ul>\n<li>Combattre l&rsquo;anxi\u00e9t\u00e9 et la d\u00e9pression<\/li>\n<li>Antiallergique naturel ou rhume des foins<\/li>\n<li>Anti-inflammatoire<\/li>\n<li>Traitement des spasmes musculaires<\/li>\n<li>Rem\u00e8de naturel du syndrome pr\u00e9menstruel et autres troubles menstruels<\/li>\n<li>Traitement de l&rsquo;insomnie<\/li>\n<li>Probl\u00e8mes dermatologiques<\/li>\n<li>Ulc\u00e8res<\/li>\n<li>Blessures<\/li>\n<li>Probl\u00e8mes gastro-intestinaux<\/li>\n<li>Rem\u00e8de naturel contre l&rsquo;arthrite et analg\u00e9sique rhumatismal<\/li>\n<li>Rem\u00e8de \u00e0 la maison contre les h\u00e9morro\u00efdes<\/li>\n<\/ul>\n<p>[\/vc_column_text][vc_single_image image=\u00a0\u00bb10854&Prime; img_size=\u00a0\u00bbfull\u00a0\u00bb][\/vc_column][vc_column width=\u00a0\u00bb1\/6&Prime;][\/vc_column][\/vc_row]<\/p>\n<\/div>","protected":false},"excerpt":{"rendered":"<ul>\n<li>Am\u00e9liorer la qualit\u00e9 du sommeil<\/li>\n<li>Promouvoir la sant\u00e9 digestive<\/li>\n<li>Prot\u00e9gez-vous contre certains types de cancer<\/li>\n<li>B\u00e9n\u00e9fice contr\u00f4le de la glyc\u00e9mie<\/li>\n<li>Am\u00e9liorer la sant\u00e9 cardiaque<\/li>\n<\/ul>\n","protected":false},"featured_media":10858,"comment_status":"open","ping_status":"closed","template":"","meta":[],"product_brand":[],"product_cat":[263],"product_tag":[],"class_list":{"0":"post-15434","1":"product","2":"type-product","3":"status-publish","4":"has-post-thumbnail","6":"product_cat-health-drinks-fr","7":"product_shipping_class-1-fr-2","9":"first","10":"outofstock","11":"sale","12":"shipping-taxable","13":"purchasable","14":"product-type-simple"},"supplier_id":null,"supplier_sku":"","barcode":null,"atum_controlled":true,"out_stock_date":"2024-05-15 05:12:44","out_stock_threshold":null,"inheritable":false,"inbound_stock":0,"stock_on_hold":0,"sold_today":0,"sales_last_days":0,"reserved_stock":0,"customer_returns":0,"warehouse_damage":0,"lost_in_post":0,"other_logs":0,"out_stock_days":719,"lost_sales":0,"has_location":false,"update_date":"2026-05-05T00:45:35","atum_locations":[],"atum_stock_status":"outofstock","restock_status":false,"low_stock_amount":"","sales_update_date":"2026-05-05T00:45:35","calc_backorders":null,"_links":{"self":[{"href":"https:\/\/myroyalmarket.com\/fr\/wp-json\/wp\/v2\/product\/15434","targetHints":{"allow":["GET"]}}],"collection":[{"href":"https:\/\/myroyalmarket.com\/fr\/wp-json\/wp\/v2\/product"}],"about":[{"href":"https:\/\/myroyalmarket.com\/fr\/wp-json\/wp\/v2\/types\/product"}],"replies":[{"embeddable":true,"href":"https:\/\/myroyalmarket.com\/fr\/wp-json\/wp\/v2\/comments?post=15434"}],"wp:featuredmedia":[{"embeddable":true,"href":"https:\/\/myroyalmarket.com\/fr\/wp-json\/wp\/v2\/media\/10858"}],"wp:attachment":[{"href":"https:\/\/myroyalmarket.com\/fr\/wp-json\/wp\/v2\/media?parent=15434"}],"wp:term":[{"taxonomy":"product_brand","embeddable":true,"href":"https:\/\/myroyalmarket.com\/fr\/wp-json\/wp\/v2\/product_brand?post=15434"},{"taxonomy":"product_cat","embeddable":true,"href":"https:\/\/myroyalmarket.com\/fr\/wp-json\/wp\/v2\/product_cat?post=15434"},{"taxonomy":"product_tag","embeddable":true,"href":"https:\/\/myroyalmarket.com\/fr\/wp-json\/wp\/v2\/product_tag?post=15434"}],"curies":[{"name":"wp","href":"https:\/\/api.w.org\/{rel}","templated":true}]}}