{"id":15440,"date":"2020-10-28T08:28:51","date_gmt":"2021-09-11T13:32:58","guid":{"rendered":"https:\/\/www.my-damas.com\/product\/safflower-flower-tea-100g\/"},"modified":"2025-08-22T11:25:15","modified_gmt":"2025-08-22T03:25:15","slug":"safflower-flower-tea-100g","status":"publish","type":"product","link":"https:\/\/myroyalmarket.com\/fr\/produit\/safflower-flower-tea-100g\/","title":{"rendered":"Th\u00e9 \u00e0 la Fleur de Carthame (100g)"},"content":{"rendered":"<div class=\"wpb-content-wrapper\"><p>[vc_row][vc_column width=\u00a0\u00bb1\/6&Prime;][\/vc_column][vc_column width=\u00a0\u00bb2\/3&Prime;][vc_column_text]<em><u><strong>Les avantages les plus importants du carthame:<\/strong><\/u><\/em><\/p>\n<ul>\n<li><strong>Maintient la sant\u00e9 du c\u0153ur et le prot\u00e8ge des accidents vasculaires c\u00e9r\u00e9braux et des maladies<\/strong> ; il dilate les art\u00e8res et contient des produits chimiques qui diluent le sang.<\/li>\n<li><strong>R\u00e9duit le mauvais cholest\u00e9rol dans le sang<\/strong> ; certaines recherches sugg\u00e8rent que l&rsquo;ajout d&rsquo;huile de carthame \u00e0 l&rsquo;alimentation ou sa consommation comme compl\u00e9ment alimentaire aide \u00e0 r\u00e9duire le cholest\u00e9rol, en particulier le cholest\u00e9rol des lipoprot\u00e9ines de basse densit\u00e9 (LDL), la proportion de triglyc\u00e9rides dans le sang et ne d\u00e9passe pas la proportion de cholest\u00e9rol de haute densit\u00e9 ( bon cholest\u00e9rol).<\/li>\n<li><strong>Utilis\u00e9 comme gargarisme pour traiter les maux de gorge et les amygdales<\/strong> et nettoyer la poitrine des expectorations r\u00e9sultant de l&rsquo;inflammation.<\/li>\n<li><strong>Traite les douleurs articulaires et osseuses, les rhumatismes et les probl\u00e8mes musculaires<\/strong> . L&rsquo;huile est utilis\u00e9e pour masser le corps, en particulier les positions douloureuses; il repose le corps et les muscles et calme les nerfs.<\/li>\n<li><strong>Active et renforce la fonction h\u00e9patique<\/strong> .<\/li>\n<li><strong>Il r\u00e9gule la digestion et agit comme un laxatif pour les intestins, r\u00e9duisant la constipation et l&rsquo;incontinence urinaire.<\/strong><\/li>\n<li><strong>L&rsquo;huile de safran a une temp\u00e9rature de combustion \u00e9lev\u00e9e par rapport \u00e0 l&rsquo;huile de ma\u00efs, l&rsquo;huile de canola<\/strong>, l&rsquo;huile d&rsquo;olive, l&rsquo;huile de s\u00e9same et de nombreuses huiles ; les huiles qui ont un faible degr\u00e9 de combustion produisent des radicaux libres Nocif et d\u00e9truisent les compos\u00e9s b\u00e9n\u00e9fiques dans les aliments, donc l&rsquo;huile de carthame est id\u00e9ale pour la cuisson \u00e0 haute temp\u00e9rature comme la friture, et elle a une saveur neutre, ce qui en fait un choix id\u00e9al pour de nombreuses recettes .<\/li>\n<li><strong>Lisse et hydrate la peau et les cheveux, les maintient en bonne sant\u00e9<\/strong> et prot\u00e8ge des rides du visage car il contient de la vitamine J.<\/li>\n<li><strong>peut-\u00eatre utile dans le traitement du vitiligo, du psoriasis et de l&rsquo;ecz\u00e9ma.<\/strong><\/li>\n<li><strong>Traite la gingivite et les dents, et les odeurs de bouche.<\/strong><\/li>\n<li><strong>Prot\u00e8ge contre les probl\u00e8mes de dysm\u00e9norrh\u00e9e et la douleur qui en r\u00e9sulte.<\/strong><\/li>\n<li><strong>Diminue la proportion de graisse dans l&rsquo;abdomen<\/strong> et augmente la proportion de muscle et apr\u00e8s avoir consomm\u00e9 son huile pendant 16 semaines.<\/li>\n<li><strong>Prot\u00e8ge contre le diab\u00e8te<\/strong> . Il r\u00e9duit la r\u00e9sistance du corps \u00e0 l&rsquo;insuline, principale cause du diab\u00e8te de type 2 et diminue les prot\u00e9ines qui sont un signe de diab\u00e8te. Il r\u00e9duit la glyc\u00e9mie, surtout chez les femmes.<\/li>\n<li><strong>Il prot\u00e8ge et traite de nombreux probl\u00e8mes physiques<\/strong> ; car il contient une forte proportion d&rsquo;acides gras qui prot\u00e8gent le syst\u00e8me immunitaire et les fonctions des poumons, des reins, du foie, du syst\u00e8me nerveux et des fonctions c\u00e9r\u00e9brales.<\/li>\n<li><strong>Prot\u00e8ge et traite l&rsquo;humain de nombreuses maladies<\/strong> et les troubles mentaux tels que l&rsquo;obsession et la d\u00e9pression. [7]<\/li>\n<\/ul>\n<p>[\/vc_column_text][vc_single_image image=\u00a0\u00bb10866&Prime; img_size=\u00a0\u00bbfull\u00a0\u00bb][\/vc_column][vc_column width=\u00a0\u00bb1\/6&Prime;][\/vc_column][\/vc_row]<\/p>\n<\/div>","protected":false},"excerpt":{"rendered":"<div class=\"col-md-6 form-group\">\n<div id=\"highlight_content\">\n<div class=\"highlight_preview\">\n<div id=\"product_highlight\" class=\"product_highlight\">\n<ul>\n<li>Le carthame peut \u00eatre ajout\u00e9 \u00e0 la nourriture et aux salades<\/li>\n<li>Il est \u00e9galement utilis\u00e9 dans la fabrication de margarine<\/li>\n<li>Il peut \u00eatre pris directement sous forme d&rsquo;extrait<\/li>\n<li>Th\u00e9<\/li>\n<\/ul>\n<\/div>\n<\/div>\n<\/div>\n<\/div>\n","protected":false},"featured_media":10870,"comment_status":"open","ping_status":"closed","template":"","meta":[],"product_brand":[],"product_cat":[263],"product_tag":[],"class_list":{"0":"post-15440","1":"product","2":"type-product","3":"status-publish","4":"has-post-thumbnail","6":"product_cat-health-drinks-fr","7":"product_shipping_class-1-fr-2","9":"first","10":"instock","11":"sale","12":"shipping-taxable","13":"purchasable","14":"product-type-simple"},"supplier_id":null,"supplier_sku":"","barcode":null,"atum_controlled":true,"out_stock_date":null,"out_stock_threshold":null,"inheritable":false,"inbound_stock":0,"stock_on_hold":0,"sold_today":0,"sales_last_days":0,"reserved_stock":0,"customer_returns":0,"warehouse_damage":0,"lost_in_post":0,"other_logs":0,"out_stock_days":0,"lost_sales":0,"has_location":false,"update_date":"2026-05-05T00:45:43","atum_locations":[],"atum_stock_status":"instock","restock_status":false,"low_stock_amount":"","sales_update_date":"2026-05-05T00:45:43","calc_backorders":null,"_links":{"self":[{"href":"https:\/\/myroyalmarket.com\/fr\/wp-json\/wp\/v2\/product\/15440","targetHints":{"allow":["GET"]}}],"collection":[{"href":"https:\/\/myroyalmarket.com\/fr\/wp-json\/wp\/v2\/product"}],"about":[{"href":"https:\/\/myroyalmarket.com\/fr\/wp-json\/wp\/v2\/types\/product"}],"replies":[{"embeddable":true,"href":"https:\/\/myroyalmarket.com\/fr\/wp-json\/wp\/v2\/comments?post=15440"}],"wp:featuredmedia":[{"embeddable":true,"href":"https:\/\/myroyalmarket.com\/fr\/wp-json\/wp\/v2\/media\/10870"}],"wp:attachment":[{"href":"https:\/\/myroyalmarket.com\/fr\/wp-json\/wp\/v2\/media?parent=15440"}],"wp:term":[{"taxonomy":"product_brand","embeddable":true,"href":"https:\/\/myroyalmarket.com\/fr\/wp-json\/wp\/v2\/product_brand?post=15440"},{"taxonomy":"product_cat","embeddable":true,"href":"https:\/\/myroyalmarket.com\/fr\/wp-json\/wp\/v2\/product_cat?post=15440"},{"taxonomy":"product_tag","embeddable":true,"href":"https:\/\/myroyalmarket.com\/fr\/wp-json\/wp\/v2\/product_tag?post=15440"}],"curies":[{"name":"wp","href":"https:\/\/api.w.org\/{rel}","templated":true}]}}