{"id":17042,"date":"2020-10-28T08:28:50","date_gmt":"2022-02-24T19:43:37","guid":{"rendered":"https:\/\/www.my-damas.com\/product\/daarej-perfume-oud-100ml-for-men\/"},"modified":"2022-02-24T19:43:50","modified_gmt":"2022-02-24T19:43:50","slug":"daarej-perfume-oud-100ml-for-men","status":"publish","type":"product","link":"https:\/\/myroyalmarket.com\/fr\/produit\/daarej-perfume-oud-100ml-for-men\/","title":{"rendered":"Rasasi, Daarej parfum 100ML Pour Homme"},"content":{"rendered":"<div class=\"wpb-content-wrapper\"><p>[vc_row][vc_column width=\u00a0\u00bb1\/6&Prime;][\/vc_column][vc_column width=\u00a0\u00bb2\/3&Prime;][vc_column_text]<\/p>\n<h1>Dareej Pour Femme<\/h1>\n<p>Rasasi Daarej est un parfum de luxe pour femme, plein de charme, d&rsquo;imagination et de promesses. D&rsquo;une mani\u00e8re parfaite, il c\u00e9l\u00e8bre la f\u00e9minit\u00e9 et la s\u00e9duction modernes. Convient aux femmes s\u00fbres d&rsquo;elles, curieuses et ouvertes sur le monde. Les femmes qui aiment porter du Daarej aiment la nouveaut\u00e9 et s&rsquo;entourent de luxe.<\/p>\n<p>Rasasi Daarej s&rsquo;ouvre sur un m\u00e9lange magique de bergamote unique, de p\u00eache douce, d&rsquo;orange espi\u00e8gle et de tons verts enivrants. Son c\u0153ur est plein d&rsquo;essences d&rsquo;h\u00e9liotrope en fleur, de jasmin soyeux, d&rsquo;orchid\u00e9e sensuelle et de tub\u00e9reuse excitante. Sa base est form\u00e9e d&rsquo;essences d&rsquo;ambre gris animal, de caramel d\u00e9licat et sucr\u00e9 et de patchouli exotique. Une combinaison de bois de santal chaud, de vanille et de v\u00e9tiver rafra\u00eechissant forme une fin tr\u00e8s excitante \u00e0 cet ar\u00f4me. Ce parfum exclusif pour femme de Rasasi peut \u00eatre port\u00e9 lors d&rsquo;une r\u00e9union d&rsquo;affaires ainsi que lors d&rsquo;un \u00e9v\u00e9nement social en soir\u00e9e.<\/p>\n<p>Enfilez un v\u00e9ritable voile de confiance en soi tiss\u00e9 par Rasasi Daarej ! Il exprime un \u00e9quilibre clair entre f\u00e9minit\u00e9 et forte personnalit\u00e9 tandis que son effet r\u00e9sultant est \u00e9tonnamment s\u00e9duisant. Compl\u00e9tez votre tenue avec le luxe et le sex-appeal de Rasasi Daarej et surprenez votre entourage ![\/vc_column_text][\/vc_column][vc_column width=\u00a0\u00bb1\/6&Prime;][\/vc_column][\/vc_row]<\/p>\n<\/div>","protected":false},"excerpt":{"rendered":"<ul>\n<li>Notes de t\u00eate : Orange, Bergamote, P\u00eache, Notes Vertes<\/li>\n<li>Notes de coeur : Tub\u00e9reuse, Orchid\u00e9e, H\u00e9liotrope, Jasmin<\/li>\n<li>Notes de fond : Patchouli, Vanille, Caramel, Musc, V\u00e9tiver, Santal, Ambre<\/li>\n<li>Durable<\/li>\n<li>Meilleur produit de vente<\/li>\n<li>Eau De Parfum (EDP)<\/li>\n<li>Capacit\u00e9: 100 ml<\/li>\n<li>Belle bouteille d\u00e9cor\u00e9e<\/li>\n<li>Produit original de l&rsquo;UEA<\/li>\n<\/ul>\n","protected":false},"featured_media":11050,"comment_status":"open","ping_status":"closed","template":"","meta":[],"product_brand":[],"product_cat":[235,278],"product_tag":[],"class_list":{"0":"post-17042","1":"product","2":"type-product","3":"status-publish","4":"has-post-thumbnail","6":"product_cat-oud-prfume-fr","7":"product_cat-oud-for-men-fr","8":"product_shipping_class-1-fr-2","10":"first","11":"outofstock","12":"sale","13":"shipping-taxable","14":"purchasable","15":"product-type-simple"},"supplier_id":null,"supplier_sku":"","barcode":null,"atum_controlled":true,"out_stock_date":null,"out_stock_threshold":null,"inheritable":false,"inbound_stock":0,"stock_on_hold":0,"sold_today":0,"sales_last_days":0,"reserved_stock":0,"customer_returns":0,"warehouse_damage":0,"lost_in_post":0,"other_logs":0,"out_stock_days":0,"lost_sales":0,"has_location":false,"update_date":"2026-05-05T00:45:53","atum_locations":[],"atum_stock_status":"outofstock","restock_status":false,"low_stock_amount":"","sales_update_date":"2026-05-05T00:45:53","calc_backorders":null,"_links":{"self":[{"href":"https:\/\/myroyalmarket.com\/fr\/wp-json\/wp\/v2\/product\/17042","targetHints":{"allow":["GET"]}}],"collection":[{"href":"https:\/\/myroyalmarket.com\/fr\/wp-json\/wp\/v2\/product"}],"about":[{"href":"https:\/\/myroyalmarket.com\/fr\/wp-json\/wp\/v2\/types\/product"}],"replies":[{"embeddable":true,"href":"https:\/\/myroyalmarket.com\/fr\/wp-json\/wp\/v2\/comments?post=17042"}],"wp:featuredmedia":[{"embeddable":true,"href":"https:\/\/myroyalmarket.com\/fr\/wp-json\/wp\/v2\/media\/11050"}],"wp:attachment":[{"href":"https:\/\/myroyalmarket.com\/fr\/wp-json\/wp\/v2\/media?parent=17042"}],"wp:term":[{"taxonomy":"product_brand","embeddable":true,"href":"https:\/\/myroyalmarket.com\/fr\/wp-json\/wp\/v2\/product_brand?post=17042"},{"taxonomy":"product_cat","embeddable":true,"href":"https:\/\/myroyalmarket.com\/fr\/wp-json\/wp\/v2\/product_cat?post=17042"},{"taxonomy":"product_tag","embeddable":true,"href":"https:\/\/myroyalmarket.com\/fr\/wp-json\/wp\/v2\/product_tag?post=17042"}],"curies":[{"name":"wp","href":"https:\/\/api.w.org\/{rel}","templated":true}]}}