{"id":17047,"date":"2020-10-28T08:28:50","date_gmt":"2022-02-24T19:44:05","guid":{"rendered":"https:\/\/www.my-damas.com\/product\/oud-sharqia-oud-100ml-for-women\/"},"modified":"2022-03-28T19:37:54","modified_gmt":"2022-03-28T19:37:54","slug":"oud-sharqia-oud-100ml-for-women","status":"publish","type":"product","link":"https:\/\/myroyalmarket.com\/fr\/produit\/oud-sharqia-oud-100ml-for-women\/","title":{"rendered":"Parfums Ard Al Zaafaran, Oud Sharqia (Oud) 100ML Pour Femme et Homme"},"content":{"rendered":"<div class=\"wpb-content-wrapper\"><p>[vc_row][vc_column width=\u00a0\u00bb1\/6&Prime;][\/vc_column][vc_column width=\u00a0\u00bb2\/3&Prime;][vc_column_text]<\/p>\n<h2>Oud Sharqia par Ard Al Zaafaran Eau de Parfum<\/h2>\n<p>Oud Sharqia de Ard Al Zaafaran Eau de Parfum est un parfum oriental aux notes bois\u00e9es qui convient aux femmes et aux hommes.<\/p>\n<p>Le parfum commence par un m\u00e9lange d&rsquo;oudh, de bois de santal, de fruits secs et d&rsquo;encens.<\/p>\n<p>Les roses, les notes florales, la vanille et les agrumes forment les notes de coeur et de fond.<\/p>\n<p>Un parfum profond, sombre et oriental, dont le d\u00e9but est plut\u00f4t doux, mais qui se transforme lentement en une composition plus sombre et l\u00e9g\u00e8rement fum\u00e9e. Les senteurs de rose conf\u00e8rent au parfum un caract\u00e8re noble et s&rsquo;int\u00e8grent \u00e0 merveille dans l&rsquo;ensemble.<\/p>\n<p>Id\u00e9al pour les amateurs de parfums orientaux typiques !<\/p>\n<p>Accords principaux : Oudh, chaud, bois\u00e9, balsamique, doux[\/vc_column_text][vc_single_image image=\u00a0\u00bb11026&Prime; img_size=\u00a0\u00bbfull\u00a0\u00bb][vc_column_text]\u2022 Pour les femmes et les hommes<\/p>\n<p>\u2022 Contient de l&rsquo;alcool d\u00e9natur\u00e9 (halal)<\/p>\n<p>\u2022 Quantit\u00e9&nbsp;: 80&nbsp;ml d&rsquo;eau de parfum<\/p>\n<div>\u2022 Flacon avec buse de pulv\u00e9risation<\/div>\n<p>[\/vc_column_text][\/vc_column][vc_column width=\u00a0\u00bb1\/6&Prime;][\/vc_column][\/vc_row]<\/p>\n<\/div>","protected":false},"excerpt":{"rendered":"<ul>\n<li>Notes de t\u00eate : Oudh, bois de santal, fruits secs, encens<\/li>\n<li>Notes de coeur&nbsp;: roses, fleurs, agrumes, vanille<\/li>\n<li>Notes de fond : roses, fleurs, agrumes, vanille<\/li>\n<li>Durable<\/li>\n<li>Meilleur produit de vente<\/li>\n<li>Eau De Parfum (EDP)<\/li>\n<li>Capacit\u00e9: 100 ml<\/li>\n<li>Belle bouteille d\u00e9cor\u00e9e<\/li>\n<li>Produit original de l&rsquo;UEA<\/li>\n<\/ul>\n","protected":false},"featured_media":11022,"comment_status":"open","ping_status":"closed","template":"","meta":[],"product_brand":[],"product_cat":[237,235,278,273],"product_tag":[],"class_list":{"0":"post-17047","1":"product","2":"type-product","3":"status-publish","4":"has-post-thumbnail","6":"product_cat-oud-for-women-fr","7":"product_cat-oud-prfume-fr","8":"product_cat-oud-for-men-fr","9":"product_cat-oud-unisex-fr","10":"product_shipping_class-1-fr-2","12":"first","13":"instock","14":"sale","15":"shipping-taxable","16":"purchasable","17":"product-type-simple"},"supplier_id":null,"supplier_sku":"","barcode":null,"atum_controlled":true,"out_stock_date":null,"out_stock_threshold":null,"inheritable":false,"inbound_stock":0,"stock_on_hold":0,"sold_today":0,"sales_last_days":0,"reserved_stock":0,"customer_returns":0,"warehouse_damage":0,"lost_in_post":0,"other_logs":0,"out_stock_days":0,"lost_sales":0,"has_location":false,"update_date":"2026-05-05T00:45:19","atum_locations":[],"atum_stock_status":"instock","restock_status":false,"low_stock_amount":"","sales_update_date":"2026-05-05T00:45:19","calc_backorders":null,"_links":{"self":[{"href":"https:\/\/myroyalmarket.com\/fr\/wp-json\/wp\/v2\/product\/17047","targetHints":{"allow":["GET"]}}],"collection":[{"href":"https:\/\/myroyalmarket.com\/fr\/wp-json\/wp\/v2\/product"}],"about":[{"href":"https:\/\/myroyalmarket.com\/fr\/wp-json\/wp\/v2\/types\/product"}],"replies":[{"embeddable":true,"href":"https:\/\/myroyalmarket.com\/fr\/wp-json\/wp\/v2\/comments?post=17047"}],"wp:featuredmedia":[{"embeddable":true,"href":"https:\/\/myroyalmarket.com\/fr\/wp-json\/wp\/v2\/media\/11022"}],"wp:attachment":[{"href":"https:\/\/myroyalmarket.com\/fr\/wp-json\/wp\/v2\/media?parent=17047"}],"wp:term":[{"taxonomy":"product_brand","embeddable":true,"href":"https:\/\/myroyalmarket.com\/fr\/wp-json\/wp\/v2\/product_brand?post=17047"},{"taxonomy":"product_cat","embeddable":true,"href":"https:\/\/myroyalmarket.com\/fr\/wp-json\/wp\/v2\/product_cat?post=17047"},{"taxonomy":"product_tag","embeddable":true,"href":"https:\/\/myroyalmarket.com\/fr\/wp-json\/wp\/v2\/product_tag?post=17047"}],"curies":[{"name":"wp","href":"https:\/\/api.w.org\/{rel}","templated":true}]}}