{"id":17051,"date":"2020-10-28T08:28:51","date_gmt":"2022-02-24T19:44:30","guid":{"rendered":"https:\/\/www.my-damas.com\/product\/oud-mood-gold-perfumes-100ml-edp-for-men-and-women\/"},"modified":"2022-03-28T19:36:21","modified_gmt":"2022-03-28T19:36:21","slug":"oud-mood-gold-perfumes-100ml-edp-for-men-and-women","status":"publish","type":"product","link":"https:\/\/myroyalmarket.com\/fr\/produit\/oud-mood-gold-perfumes-100ml-edp-for-men-and-women\/","title":{"rendered":"Oud Mood Gold Perfumes 100 ml EDP pour homme et femme par Lattafa Perfumes"},"content":{"rendered":"<div class=\"wpb-content-wrapper\"><p>[vc_row][vc_column width=\u00a0\u00bb1\/6&Prime;][\/vc_column][vc_column width=\u00a0\u00bb2\/3&Prime;][vc_column_text]<\/p>\n<h2>Parfum Oud Mood Eau de Parfum de Lattafa Parfums<\/h2>\n<p>Parfum Oud Mood Eau de Parfum de Lattafa Perfumes est un parfum oriental chaleureux aux notes florales, bois\u00e9es et \u00e9pic\u00e9es et dot\u00e9 d&rsquo;une agr\u00e9able douceur.<\/p>\n<p>La note de t\u00eate est douce-\u00e9pic\u00e9e avec des notes florales et de safran.<\/p>\n<p>L&rsquo;ambre et les r\u00e9sines suivent en note de c\u0153ur et sont remplac\u00e9s par de la vanille, de l\u00e9g\u00e8res notes fum\u00e9es et du bois de santal en fond.<\/p>\n<p>Un excellent parfum oriental agr\u00e9able et flatteur plein de chaleur.<\/p>\n<p>Accords principaux : bois\u00e9, ambr\u00e9, chaud, floral, doux, musqu\u00e9, balsamique[\/vc_column_text][vc_single_image image=\u00a0\u00bb10882&Prime; img_size=\u00a0\u00bbfull\u00a0\u00bb][\/vc_column][vc_column width=\u00a0\u00bb1\/6&Prime;][\/vc_column][\/vc_row]<\/p>\n<\/div>","protected":false},"excerpt":{"rendered":"<ul>\n<li>Notes de t\u00eate : safran, notes florales<\/li>\n<li>Notes de coeur : ambre, r\u00e9sines<\/li>\n<li>Notes de fond : fum\u00e9e, vanille, bois de santal<\/li>\n<li>Recommandation pour: femmes et hommes<\/li>\n<li>Contient de l&rsquo;alcool d\u00e9natur\u00e9 (halal)<\/li>\n<li>Quantit\u00e9 : 100ml Eau de parfum<\/li>\n<li>Flacon avec embout vaporisateur<\/li>\n<\/ul>\n","protected":false},"featured_media":11682,"comment_status":"open","ping_status":"closed","template":"","meta":[],"product_brand":[],"product_cat":[237,235,278,273],"product_tag":[],"class_list":{"0":"post-17051","1":"product","2":"type-product","3":"status-publish","4":"has-post-thumbnail","6":"product_cat-oud-for-women-fr","7":"product_cat-oud-prfume-fr","8":"product_cat-oud-for-men-fr","9":"product_cat-oud-unisex-fr","10":"product_shipping_class-1-fr-2","12":"first","13":"instock","14":"sale","15":"shipping-taxable","16":"purchasable","17":"product-type-simple"},"supplier_id":null,"supplier_sku":"","barcode":null,"atum_controlled":true,"out_stock_date":null,"out_stock_threshold":null,"inheritable":false,"inbound_stock":0,"stock_on_hold":0,"sold_today":0,"sales_last_days":0,"reserved_stock":0,"customer_returns":0,"warehouse_damage":0,"lost_in_post":0,"other_logs":0,"out_stock_days":0,"lost_sales":0,"has_location":false,"update_date":"2026-05-05T00:45:14","atum_locations":[],"atum_stock_status":"instock","restock_status":false,"low_stock_amount":"","sales_update_date":"2026-05-05T00:45:14","calc_backorders":null,"_links":{"self":[{"href":"https:\/\/myroyalmarket.com\/fr\/wp-json\/wp\/v2\/product\/17051","targetHints":{"allow":["GET"]}}],"collection":[{"href":"https:\/\/myroyalmarket.com\/fr\/wp-json\/wp\/v2\/product"}],"about":[{"href":"https:\/\/myroyalmarket.com\/fr\/wp-json\/wp\/v2\/types\/product"}],"replies":[{"embeddable":true,"href":"https:\/\/myroyalmarket.com\/fr\/wp-json\/wp\/v2\/comments?post=17051"}],"wp:featuredmedia":[{"embeddable":true,"href":"https:\/\/myroyalmarket.com\/fr\/wp-json\/wp\/v2\/media\/11682"}],"wp:attachment":[{"href":"https:\/\/myroyalmarket.com\/fr\/wp-json\/wp\/v2\/media?parent=17051"}],"wp:term":[{"taxonomy":"product_brand","embeddable":true,"href":"https:\/\/myroyalmarket.com\/fr\/wp-json\/wp\/v2\/product_brand?post=17051"},{"taxonomy":"product_cat","embeddable":true,"href":"https:\/\/myroyalmarket.com\/fr\/wp-json\/wp\/v2\/product_cat?post=17051"},{"taxonomy":"product_tag","embeddable":true,"href":"https:\/\/myroyalmarket.com\/fr\/wp-json\/wp\/v2\/product_tag?post=17051"}],"curies":[{"name":"wp","href":"https:\/\/api.w.org\/{rel}","templated":true}]}}