{"id":17114,"date":"2020-10-28T08:28:50","date_gmt":"2022-03-08T16:29:31","guid":{"rendered":"https:\/\/www.my-damas.com\/product\/ahlam-al-arab-perfume-oud-80ml-deodorant-for-men-and-women\/"},"modified":"2022-03-28T19:36:18","modified_gmt":"2022-03-28T19:36:18","slug":"ahlam-al-arab-perfume-oud-80ml-deodorant-for-men-and-women","status":"publish","type":"product","link":"https:\/\/myroyalmarket.com\/fr\/produit\/ahlam-al-arab-perfume-oud-80ml-deodorant-for-men-and-women\/","title":{"rendered":"Parfums Ard Al Zaafaran, parfum Ahlam al Arab (Oud) 80ML + D\u00e9odorant Homme et Femme"},"content":{"rendered":"<div class=\"wpb-content-wrapper\"><p>[vc_row][vc_column width=\u00a0\u00bb1\/6&Prime;][\/vc_column][vc_column width=\u00a0\u00bb2\/3&Prime;][vc_column_text]<\/p>\n<h2>Parfum Ahlam Al Arab Eau de Parfum par Ard Al Zaafaran + D\u00e9odorant 50 ml<\/h2>\n<div>Parfum Eau de Parfum Ahlam Al Arab Eau de Parfum par Ard Al Zaafaran pr\u00e9sente une belle combinaison de notes d&rsquo;agrumes et de notes bois\u00e9es orientales !<\/div>\n<div><\/div>\n<div>Les notes d&rsquo;agrumes, les notes fruit\u00e9es en lettre du haut se tournent rapidement vers la cannelle, la muscade, les notes bois\u00e9es et le c\u00e8dre.<\/div>\n<div><\/div>\n<div>La base est d&rsquo;une douceur flatteuse avec de l&rsquo;ambre et de la vanille, tandis que le musc donne au parfum une touche suppl\u00e9mentaire.<\/div>\n<div><\/div>\n<div>Parfum Ahlam Al Arab &#8211; Un parfum oriental merveilleusement doux, frais et parfait pour un usage quotidien.<\/div>\n<div><\/div>\n<div>Accords principaux : frais, doux, agrumes, bois\u00e9, \u00e9pic\u00e9, ambr\u00e9<\/div>\n<p>[\/vc_column_text][vc_single_image image=\u00a0\u00bb11014&Prime; img_size=\u00a0\u00bbfull\u00a0\u00bb][vc_column_text]<\/p>\n<div>\u2022 Recommandation pour&nbsp;: les hommes et les femmes<\/div>\n<div><\/div>\n<div>\u2022 Contient de l&rsquo;alcool d\u00e9natur\u00e9 (halal)<\/div>\n<div><\/div>\n<div>\u2022 Quantit\u00e9&nbsp;: 80&nbsp;ml + 50&nbsp;ml de d\u00e9odorant<\/div>\n<div><\/div>\n<div>\u2022 Flacon avec embout pulv\u00e9risateur<\/div>\n<div><\/div>\n<div>\u2022&nbsp;Fabricant&nbsp;: Ard&nbsp;Al&nbsp;Zaafaran<\/div>\n<p>[\/vc_column_text][\/vc_column][vc_column width=\u00a0\u00bb1\/6&Prime;][\/vc_column][\/vc_row]<\/p>\n<\/div>","protected":false},"excerpt":{"rendered":"<ul>\n<li>Notes de t\u00eate : notes fruit\u00e9es, agrumes<\/li>\n<li>Notes de coeur&nbsp;: notes bois\u00e9es, cannelle, noix de muscade, c\u00e8dre<\/li>\n<li>Notes de fond : musc, vanille, ambre<\/li>\n<li>Durable<\/li>\n<li>Meilleur produit de vente<\/li>\n<li>Eau De Parfum (EDP)<\/li>\n<li>Contenance : 80 ml<\/li>\n<li>Belle bouteille d\u00e9cor\u00e9e<\/li>\n<li>Produit original de l&rsquo;UEA<\/li>\n<\/ul>\n","protected":false},"featured_media":11010,"comment_status":"open","ping_status":"closed","template":"","meta":[],"product_brand":[],"product_cat":[237,235,278,273],"product_tag":[],"class_list":{"0":"post-17114","1":"product","2":"type-product","3":"status-publish","4":"has-post-thumbnail","6":"product_cat-oud-for-women-fr","7":"product_cat-oud-prfume-fr","8":"product_cat-oud-for-men-fr","9":"product_cat-oud-unisex-fr","10":"product_shipping_class-1-fr-2","12":"first","13":"instock","14":"sale","15":"shipping-taxable","16":"purchasable","17":"product-type-simple"},"supplier_id":null,"supplier_sku":"","barcode":null,"atum_controlled":true,"out_stock_date":null,"out_stock_threshold":null,"inheritable":false,"inbound_stock":0,"stock_on_hold":0,"sold_today":0,"sales_last_days":0,"reserved_stock":0,"customer_returns":0,"warehouse_damage":0,"lost_in_post":0,"other_logs":0,"out_stock_days":0,"lost_sales":0,"has_location":false,"update_date":"2026-05-05T00:45:19","atum_locations":[],"atum_stock_status":"instock","restock_status":false,"low_stock_amount":"","sales_update_date":"2026-05-05T00:45:19","calc_backorders":null,"_links":{"self":[{"href":"https:\/\/myroyalmarket.com\/fr\/wp-json\/wp\/v2\/product\/17114","targetHints":{"allow":["GET"]}}],"collection":[{"href":"https:\/\/myroyalmarket.com\/fr\/wp-json\/wp\/v2\/product"}],"about":[{"href":"https:\/\/myroyalmarket.com\/fr\/wp-json\/wp\/v2\/types\/product"}],"replies":[{"embeddable":true,"href":"https:\/\/myroyalmarket.com\/fr\/wp-json\/wp\/v2\/comments?post=17114"}],"wp:featuredmedia":[{"embeddable":true,"href":"https:\/\/myroyalmarket.com\/fr\/wp-json\/wp\/v2\/media\/11010"}],"wp:attachment":[{"href":"https:\/\/myroyalmarket.com\/fr\/wp-json\/wp\/v2\/media?parent=17114"}],"wp:term":[{"taxonomy":"product_brand","embeddable":true,"href":"https:\/\/myroyalmarket.com\/fr\/wp-json\/wp\/v2\/product_brand?post=17114"},{"taxonomy":"product_cat","embeddable":true,"href":"https:\/\/myroyalmarket.com\/fr\/wp-json\/wp\/v2\/product_cat?post=17114"},{"taxonomy":"product_tag","embeddable":true,"href":"https:\/\/myroyalmarket.com\/fr\/wp-json\/wp\/v2\/product_tag?post=17114"}],"curies":[{"name":"wp","href":"https:\/\/api.w.org\/{rel}","templated":true}]}}