{"id":17120,"date":"2020-10-28T08:28:50","date_gmt":"2022-03-08T16:35:27","guid":{"rendered":"https:\/\/www.my-damas.com\/product\/dirham-silver-perfume-oud-100ml-for-men\/"},"modified":"2022-03-28T19:36:17","modified_gmt":"2022-03-28T19:36:17","slug":"dirham-silver-perfume-oud-100ml-for-men","status":"publish","type":"product","link":"https:\/\/myroyalmarket.com\/fr\/produit\/dirham-silver-perfume-oud-100ml-for-men\/","title":{"rendered":"Parfum Dirham Silver (Oud) 100ML Pour Homme par Ard Al Zaafaran Perfumes"},"content":{"rendered":"<div class=\"wpb-content-wrapper\"><p>[vc_row][vc_column width=\u00a0\u00bb1\/6&Prime;][\/vc_column][vc_column width=\u00a0\u00bb2\/3&Prime;][vc_column_text]<\/p>\n<h2>Parfum Dirham Eau de Parfum par Ard Al Zaafaran<\/h2>\n<p>Parfum Dirham Eau de Parfum par Ard Al Zaafaran est un <span class=\"hps\">parfum<\/span> <span class=\"hps\">frais<\/span> et <span class=\"hps\">vital<\/span> <span class=\"hps\">avec<\/span> <span class=\"hps\">des notes florales<\/span> <span class=\"hps\">et<\/span> <span class=\"hps\">une<\/span> base <span class=\"hps\">l\u00e9g\u00e8rement<\/span> <span class=\"hps\">bois\u00e9e<\/span> .<\/p>\n<p>La <span class=\"hps\">note de t\u00eate<\/span> <span class=\"hps\">d&rsquo;ouverture<\/span> <span class=\"hps\">est fra\u00eeche<\/span> <span class=\"hps\">avec<\/span> des <span class=\"hps\">parfums<\/span> d&rsquo; <span class=\"hps\">agrumes<\/span> et s\u00e8che <span class=\"hps\">pour<\/span> <span class=\"hps\">refroidir<\/span> <span class=\"hps\">la bergamote et la<\/span> <span class=\"hps\">cardamome<\/span> <span class=\"hps\">\u00e9pic\u00e9e<\/span> .<\/p>\n<p>La note de c\u0153ur est chaleureuse et lumineuse avec des roses, du jasmin et de la lavande.<\/p>\n<p>Le bois de santal est m\u00e9lang\u00e9 avec du c\u00e8dre et du v\u00e9tiver dans la base, donnant au dirham profondeur et \u00e9l\u00e9gance.<\/p>\n<p><span class=\"hps\">Dirham<\/span> <span class=\"hps\">est un agr\u00e9able<\/span> <span class=\"hps\">parfum<\/span> de <span class=\"hps\">tous<\/span> les jours , r\u00e9pandant <span class=\"hps\">fra\u00eecheur<\/span> <span class=\"hps\">et<\/span> <span class=\"hps\">\u00e9nergie<\/span> <span class=\"hps\">positive<\/span> .<\/p>\n<div><strong>Accords principaux :<\/strong> frais, floral, vibrant, l\u00e9g\u00e8rement bois\u00e9<\/div>\n<div><\/div>\n<div>\n<div>\n<div>\n<div>\u2022 Recommandation pour&nbsp;: les hommes<\/div>\n<\/div>\n<\/div>\n<div><\/div>\n<div>\u2022 Contient de l&rsquo;alcool d\u00e9natur\u00e9 (halal)<\/div>\n<div>\n<div><\/div>\n<div>\u2022 Quantit\u00e9&nbsp;: 100&nbsp;ml d&rsquo;eau de parfum<\/div>\n<div><\/div>\n<div>\u2022 Flacon avec embout pulv\u00e9risateur<\/div>\n<div><\/div>\n<div>\u2022&nbsp;Fabricant&nbsp;: Ard&nbsp;Al&nbsp;Zaafaran<\/div>\n<\/div>\n<\/div>\n<p>[\/vc_column_text][\/vc_column][vc_column width=\u00a0\u00bb1\/6&Prime;][\/vc_column][\/vc_row]<\/p>\n<\/div>","protected":false},"excerpt":{"rendered":"<ul>\n<li>Notes : Citron, Bergamote, Lavande, Cardamome, Jasmin, Rose, V\u00e9tiver, C\u00e8dre<\/li>\n<li>Durable<\/li>\n<li>Meilleur produit de vente<\/li>\n<li>Eau De Parfum (EDP)<\/li>\n<li>Capacit\u00e9: 100 ml<\/li>\n<li>Belle bouteille d\u00e9cor\u00e9e<\/li>\n<li>Produit original de l&rsquo;UEA<\/li>\n<\/ul>\n","protected":false},"featured_media":10986,"comment_status":"open","ping_status":"closed","template":"","meta":[],"product_brand":[],"product_cat":[235,278],"product_tag":[],"class_list":{"0":"post-17120","1":"product","2":"type-product","3":"status-publish","4":"has-post-thumbnail","6":"product_cat-oud-prfume-fr","7":"product_cat-oud-for-men-fr","8":"product_shipping_class-1-fr-2","10":"first","11":"instock","12":"sale","13":"shipping-taxable","14":"purchasable","15":"product-type-simple"},"supplier_id":null,"supplier_sku":"","barcode":null,"atum_controlled":true,"out_stock_date":null,"out_stock_threshold":null,"inheritable":false,"inbound_stock":0,"stock_on_hold":0,"sold_today":0,"sales_last_days":0,"reserved_stock":0,"customer_returns":0,"warehouse_damage":0,"lost_in_post":0,"other_logs":0,"out_stock_days":0,"lost_sales":0,"has_location":false,"update_date":"2026-05-05T00:45:36","atum_locations":[],"atum_stock_status":"instock","restock_status":false,"low_stock_amount":"","sales_update_date":"2026-05-05T00:45:36","calc_backorders":null,"_links":{"self":[{"href":"https:\/\/myroyalmarket.com\/fr\/wp-json\/wp\/v2\/product\/17120","targetHints":{"allow":["GET"]}}],"collection":[{"href":"https:\/\/myroyalmarket.com\/fr\/wp-json\/wp\/v2\/product"}],"about":[{"href":"https:\/\/myroyalmarket.com\/fr\/wp-json\/wp\/v2\/types\/product"}],"replies":[{"embeddable":true,"href":"https:\/\/myroyalmarket.com\/fr\/wp-json\/wp\/v2\/comments?post=17120"}],"wp:featuredmedia":[{"embeddable":true,"href":"https:\/\/myroyalmarket.com\/fr\/wp-json\/wp\/v2\/media\/10986"}],"wp:attachment":[{"href":"https:\/\/myroyalmarket.com\/fr\/wp-json\/wp\/v2\/media?parent=17120"}],"wp:term":[{"taxonomy":"product_brand","embeddable":true,"href":"https:\/\/myroyalmarket.com\/fr\/wp-json\/wp\/v2\/product_brand?post=17120"},{"taxonomy":"product_cat","embeddable":true,"href":"https:\/\/myroyalmarket.com\/fr\/wp-json\/wp\/v2\/product_cat?post=17120"},{"taxonomy":"product_tag","embeddable":true,"href":"https:\/\/myroyalmarket.com\/fr\/wp-json\/wp\/v2\/product_tag?post=17120"}],"curies":[{"name":"wp","href":"https:\/\/api.w.org\/{rel}","templated":true}]}}