{"id":17126,"date":"2020-10-28T08:28:50","date_gmt":"2022-03-08T17:42:00","guid":{"rendered":"https:\/\/www.my-damas.com\/product\/shams-al-emarat-perfume-oud-100ml-for-men-and-women\/"},"modified":"2022-03-28T19:36:17","modified_gmt":"2022-03-28T19:36:17","slug":"shams-al-emarat-perfume-oud-100ml-for-men-and-women","status":"publish","type":"product","link":"https:\/\/myroyalmarket.com\/fr\/produit\/shams-al-emarat-perfume-oud-100ml-for-men-and-women\/","title":{"rendered":"Parfum Shams Al Emarat (Oud) 100ML Pour Homme et Femme par Ard Al Zaafaran Perfumes"},"content":{"rendered":"<div class=\"wpb-content-wrapper\"><p>[vc_row][vc_column][vc_column_text]<\/p>\n<h4 class=\"block-title \">Description du produit<\/h4>\n<div class=\"content block-content active\">\n<div class=\"divproductlongtext\">\n<h2>Parfum Shams Al Emarat Eau de Parfum par Ard Al Zaafaran<\/h2>\n<div>Parfum Shams Al Emarat Eau de Parfum par Ard Al Zaafaran &#8211; Senteurs orientales chaudes entrem\u00eal\u00e9es de notes florales.<\/div>\n<div><\/div>\n<div>Shams Al Emarat commence par un m\u00e9lange de vanille et de pommes vertes.<\/div>\n<div><\/div>\n<div>Les roses, les \u00e9pices et le bois de santal forment la note de c\u0153ur.<\/div>\n<div><\/div>\n<div>Le musc blanc, les bois, l&rsquo;ambre et l&rsquo;ambre gris en fond offrent une conclusion pleine et chaleureuse.<\/div>\n<div><\/div>\n<div>\n<div>\n<div>Parfum agr\u00e9ablement sucr\u00e9 avec tout l&rsquo;ar\u00f4me de l&rsquo;Orient !<\/div>\n<div><\/div>\n<div>\n<div>\n<div>Accords principaux : bois\u00e9, chaud, musqu\u00e9, ambr\u00e9, floral<\/div>\n<\/div>\n<\/div>\n<\/div>\n<\/div>\n<\/div>\n<\/div>\n<div><\/div>\n<div><\/div>\n<div>\n<div>\u2022 Pour les femmes et les hommes<\/div>\n<div>\u2022 Contient de l&rsquo;alcool d\u00e9natur\u00e9 (halal)<\/div>\n<div>\u2022 Quantit\u00e9&nbsp;: 100&nbsp;ml d&rsquo;eau de parfum + cadeau offert<\/div>\n<div>\u2022 Flacon avec buse de pulv\u00e9risation<\/div>\n<\/div>\n<p>[\/vc_column_text][\/vc_column][\/vc_row]<\/p>\n<\/div>","protected":false},"excerpt":{"rendered":"<ul>\n<li>Notes de t\u00eate : vanille, pomme verte<\/li>\n<li>Notes de coeur : rose, \u00e9pices, bois de santal<\/li>\n<li>Notes de fond : musc blanc, ambre, ambre gris, bois<\/li>\n<li>Durable<\/li>\n<li>Meilleur produit de vente<\/li>\n<li>Eau De Parfum (EDP)<\/li>\n<li>Capacit\u00e9: 100 ml<\/li>\n<li>Belle bouteille d\u00e9cor\u00e9e<\/li>\n<li>Produit original de l&rsquo;UEA<\/li>\n<\/ul>\n","protected":false},"featured_media":10982,"comment_status":"open","ping_status":"closed","template":"","meta":[],"product_brand":[],"product_cat":[237,235,278,273],"product_tag":[],"class_list":{"0":"post-17126","1":"product","2":"type-product","3":"status-publish","4":"has-post-thumbnail","6":"product_cat-oud-for-women-fr","7":"product_cat-oud-prfume-fr","8":"product_cat-oud-for-men-fr","9":"product_cat-oud-unisex-fr","10":"product_shipping_class-1-fr-2","12":"first","13":"instock","14":"sale","15":"shipping-taxable","16":"purchasable","17":"product-type-simple"},"supplier_id":null,"supplier_sku":"","barcode":null,"atum_controlled":true,"out_stock_date":null,"out_stock_threshold":null,"inheritable":false,"inbound_stock":0,"stock_on_hold":0,"sold_today":0,"sales_last_days":0,"reserved_stock":0,"customer_returns":0,"warehouse_damage":0,"lost_in_post":0,"other_logs":0,"out_stock_days":0,"lost_sales":0,"has_location":false,"update_date":"2026-05-04T16:42:53","atum_locations":[],"atum_stock_status":"instock","restock_status":false,"low_stock_amount":"","sales_update_date":"2026-05-04T16:42:53","calc_backorders":null,"_links":{"self":[{"href":"https:\/\/myroyalmarket.com\/fr\/wp-json\/wp\/v2\/product\/17126","targetHints":{"allow":["GET"]}}],"collection":[{"href":"https:\/\/myroyalmarket.com\/fr\/wp-json\/wp\/v2\/product"}],"about":[{"href":"https:\/\/myroyalmarket.com\/fr\/wp-json\/wp\/v2\/types\/product"}],"replies":[{"embeddable":true,"href":"https:\/\/myroyalmarket.com\/fr\/wp-json\/wp\/v2\/comments?post=17126"}],"wp:featuredmedia":[{"embeddable":true,"href":"https:\/\/myroyalmarket.com\/fr\/wp-json\/wp\/v2\/media\/10982"}],"wp:attachment":[{"href":"https:\/\/myroyalmarket.com\/fr\/wp-json\/wp\/v2\/media?parent=17126"}],"wp:term":[{"taxonomy":"product_brand","embeddable":true,"href":"https:\/\/myroyalmarket.com\/fr\/wp-json\/wp\/v2\/product_brand?post=17126"},{"taxonomy":"product_cat","embeddable":true,"href":"https:\/\/myroyalmarket.com\/fr\/wp-json\/wp\/v2\/product_cat?post=17126"},{"taxonomy":"product_tag","embeddable":true,"href":"https:\/\/myroyalmarket.com\/fr\/wp-json\/wp\/v2\/product_tag?post=17126"}],"curies":[{"name":"wp","href":"https:\/\/api.w.org\/{rel}","templated":true}]}}