{"id":17138,"date":"2020-10-28T08:28:50","date_gmt":"2022-03-08T18:34:29","guid":{"rendered":"https:\/\/www.my-damas.com\/product\/risalat-al-muadah-perfume-oud-100ml-for-men-and-women\/"},"modified":"2025-04-27T11:20:43","modified_gmt":"2025-04-27T03:20:43","slug":"risalat-al-muadah-perfume-oud-100ml-for-men-and-women","status":"publish","type":"product","link":"https:\/\/myroyalmarket.com\/fr\/produit\/risalat-al-muadah-perfume-oud-100ml-for-men-and-women\/","title":{"rendered":"Parfums Ard Al Zaafaran, Risalat Al Muadah Or\/Argent (Oud) 100ML Pour Femme et Homme"},"content":{"rendered":"<div class=\"wpb-content-wrapper\"><p>[vc_row][vc_column width=\u00a0\u00bb1\/6&Prime;][\/vc_column][vc_column width=\u00a0\u00bb2\/3&Prime;][vc_column_text]<\/p>\n<h2>Parfum Risalat Al Muadah par Ard Al Zaafaran Eau de Parfum<\/h2>\n<div>Parfum Risalat Al Muadah Eau de Parfum par Ard Al Zaafaran &#8211; Un parfum excitant et fleuri aux notes fra\u00eeches et lumineuses, tr\u00e8s sophistiqu\u00e9 et sensuel.<\/div>\n<div><\/div>\n<div>La note de t\u00eate s&rsquo;ouvre fortement et est fleurie avec du magnolia et de la tub\u00e9reuse. Les pommes rouges, les bois blancs et le bois de santal compl\u00e8tent parfaitement les parfums floraux et conf\u00e8rent profondeur et caract\u00e8re.<\/div>\n<div><\/div>\n<div>Le c\u0153ur apporte de la fra\u00eecheur au parfum avec des concombres et du citron. La violette, le muguet et l&rsquo;ambre adoucissent magnifiquement les notes fra\u00eeches et diffusent une chaleur fleurie.<\/div>\n<div><\/div>\n<div>En fond, des roses rouges cl\u00f4turent le parfum.<\/div>\n<div><\/div>\n<div>Risalat Al Muadah est un parfum lumineux, positif, plein de vie, id\u00e9al pour les amateurs de parfums floraux.<\/div>\n<div><\/div>\n<div>Accords principaux : fleuri, fruit\u00e9, frais, bois\u00e9, lumineux<\/div>\n<div><\/div>\n<div>\n<p>\u2022 Recommandation&nbsp;: Pour les femmes et les hommes<\/p>\n<p>\u2022 Contient de l&rsquo;alcool d\u00e9natur\u00e9 (halal)<\/p>\n<p>\u2022 Quantit\u00e9&nbsp;: 100&nbsp;ml d&rsquo;eau de parfum<\/p>\n<p>\u2022 Flacon avec embout pulv\u00e9risateur<\/p>\n<p>\u2022&nbsp;Fabricant&nbsp;: Ard&nbsp;Al&nbsp;Zaafaran<\/p>\n<\/div>\n<p>[\/vc_column_text][\/vc_column][vc_column width=\u00a0\u00bb1\/6&Prime;][\/vc_column][\/vc_row]<\/p>\n<\/div>","protected":false},"excerpt":{"rendered":"<p>Or : pour les femmes<br \/>\nArgent : pour les hommes<\/p>\n<ul>\n<li>Notes de t\u00eate : magnolia, tub\u00e9reuse, pomme rouge, bois blancs, bois de santal<\/li>\n<li>Notes de coeur : concombre, citron, violette, muguet, ambre<\/li>\n<li>Notes de fond : roses<\/li>\n<li>Durable<\/li>\n<li>Meilleur produit de vente<\/li>\n<li>Eau De Parfum (EDP)<\/li>\n<li>Capacit\u00e9: 100 ml<\/li>\n<li>Belle bouteille d\u00e9cor\u00e9e<\/li>\n<li>Produit original de l&rsquo;UEA<\/li>\n<\/ul>\n","protected":false},"featured_media":10974,"comment_status":"open","ping_status":"closed","template":"","meta":[],"product_brand":[],"product_cat":[237,235,278,273],"product_tag":[],"class_list":{"0":"post-17138","1":"product","2":"type-product","3":"status-publish","4":"has-post-thumbnail","6":"product_cat-oud-for-women-fr","7":"product_cat-oud-prfume-fr","8":"product_cat-oud-for-men-fr","9":"product_cat-oud-unisex-fr","10":"product_shipping_class-1-fr-2","12":"first","13":"outofstock","14":"sale","15":"shipping-taxable","16":"purchasable","17":"product-type-variable","18":"has-default-attributes"},"supplier_id":null,"supplier_sku":"","barcode":null,"atum_controlled":true,"out_stock_date":"2025-06-21 18:47:53","out_stock_threshold":null,"inheritable":true,"inbound_stock":0,"stock_on_hold":0,"sold_today":0,"sales_last_days":0,"reserved_stock":0,"customer_returns":0,"warehouse_damage":0,"lost_in_post":0,"other_logs":0,"out_stock_days":317,"lost_sales":0,"has_location":false,"update_date":"2026-05-05T00:45:36","atum_locations":[],"atum_stock_status":"outofstock","restock_status":false,"low_stock_amount":"","sales_update_date":"2026-05-05T00:45:36","calc_backorders":null,"_links":{"self":[{"href":"https:\/\/myroyalmarket.com\/fr\/wp-json\/wp\/v2\/product\/17138","targetHints":{"allow":["GET"]}}],"collection":[{"href":"https:\/\/myroyalmarket.com\/fr\/wp-json\/wp\/v2\/product"}],"about":[{"href":"https:\/\/myroyalmarket.com\/fr\/wp-json\/wp\/v2\/types\/product"}],"replies":[{"embeddable":true,"href":"https:\/\/myroyalmarket.com\/fr\/wp-json\/wp\/v2\/comments?post=17138"}],"wp:featuredmedia":[{"embeddable":true,"href":"https:\/\/myroyalmarket.com\/fr\/wp-json\/wp\/v2\/media\/10974"}],"wp:attachment":[{"href":"https:\/\/myroyalmarket.com\/fr\/wp-json\/wp\/v2\/media?parent=17138"}],"wp:term":[{"taxonomy":"product_brand","embeddable":true,"href":"https:\/\/myroyalmarket.com\/fr\/wp-json\/wp\/v2\/product_brand?post=17138"},{"taxonomy":"product_cat","embeddable":true,"href":"https:\/\/myroyalmarket.com\/fr\/wp-json\/wp\/v2\/product_cat?post=17138"},{"taxonomy":"product_tag","embeddable":true,"href":"https:\/\/myroyalmarket.com\/fr\/wp-json\/wp\/v2\/product_tag?post=17138"}],"curies":[{"name":"wp","href":"https:\/\/api.w.org\/{rel}","templated":true}]}}