{"id":17159,"date":"2020-10-28T08:28:50","date_gmt":"2022-03-08T18:55:21","guid":{"rendered":"https:\/\/www.my-damas.com\/product\/oud-abyad-perfume-oud-100ml-for-men-and-women\/"},"modified":"2022-09-16T17:02:53","modified_gmt":"2022-09-16T17:02:53","slug":"oud-abyad-perfume-oud-100ml-for-men-and-women","status":"publish","type":"product","link":"https:\/\/myroyalmarket.com\/fr\/produit\/oud-abyad-perfume-oud-100ml-for-men-and-women\/","title":{"rendered":"Parfum Oud Abyad (Oud) 100ML Pour Homme et Femme par Ard Al Zaafaran"},"content":{"rendered":"<div class=\"wpb-content-wrapper\"><p>[vc_row][vc_column width=\u00a0\u00bb1\/6&Prime;][\/vc_column][vc_column width=\u00a0\u00bb2\/3&Prime;][vc_column_text]<\/p>\n<h2>Huile de parfum Oud Abiyedh <span class=\"hps\">par<\/span> Ard Al Zaafaran<\/h2>\n<p>Parfum Oud Abyad <span class=\"hps\">par<\/span> Ard Al Zaafaran <span class=\"hps\">est<\/span> <span class=\"hps\">douce<\/span> <span class=\"hps\">puret\u00e9<\/span> <span class=\"hps\">fra\u00eeche<\/span> . <span class=\"hps\">Musc blanc<\/span> , <span class=\"hps\">poudre<\/span> , des notes <span class=\"hps\">d\u00e9licates<\/span> d&rsquo; <span class=\"hps\">oudh<\/span> <span class=\"hps\">m\u00e9lang\u00e9es \u00e0 du<\/span> <span class=\"hps\">coton<\/span> <span class=\"hps\">et<\/span> <span class=\"hps\">de l\u00e9g\u00e8res notes florales<\/span> <span class=\"hps\">se combinent pour cr\u00e9er<\/span> une <span class=\"hps\">combinaison<\/span> <span class=\"hps\">irr\u00e9sistible<\/span> .<\/p>\n<p><span class=\"hps\">Oud<\/span> <span class=\"hps\">Abyad<\/span> <span class=\"hps\">&#8211;<\/span> <span class=\"hps\">Un<\/span> <span class=\"hps\">parfum<\/span> <span class=\"hps\">subtil<\/span> qui <span class=\"hps\">allie<\/span> une <span class=\"hps\">fra\u00eecheur<\/span> <span class=\"hps\">agr\u00e9able<\/span> et <span class=\"hps\">douce<\/span> <span class=\"hps\">\u00e0 des notes orientales d&rsquo;<\/span> <span class=\"hps\">Oudh<\/span> .<\/p>\n<p>Recommandation : Pour les femmes et les hommes[\/vc_column_text][\/vc_column][vc_column width=\u00a0\u00bb1\/6&Prime;][\/vc_column][\/vc_row]<\/p>\n<\/div>","protected":false},"excerpt":{"rendered":"<ul>\n<li>Durable<\/li>\n<li>Meilleur produit de vente<\/li>\n<li>Eau De Parfum (EDP)<\/li>\n<li>Contenance : 50\/100ml<\/li>\n<li>Belle bouteille d\u00e9cor\u00e9e<\/li>\n<li>Produit original de l&rsquo;UEA<\/li>\n<\/ul>\n","protected":false},"featured_media":10942,"comment_status":"open","ping_status":"closed","template":"","meta":[],"product_brand":[],"product_cat":[237,235,278,273],"product_tag":[],"class_list":{"0":"post-17159","1":"product","2":"type-product","3":"status-publish","4":"has-post-thumbnail","6":"product_cat-oud-for-women-fr","7":"product_cat-oud-prfume-fr","8":"product_cat-oud-for-men-fr","9":"product_cat-oud-unisex-fr","10":"product_shipping_class-1-fr-2","12":"first","13":"instock","14":"sale","15":"shipping-taxable","16":"purchasable","17":"product-type-variable"},"supplier_id":null,"supplier_sku":"","barcode":null,"atum_controlled":true,"out_stock_date":null,"out_stock_threshold":null,"inheritable":true,"inbound_stock":0,"stock_on_hold":1,"sold_today":0,"sales_last_days":0,"reserved_stock":0,"customer_returns":0,"warehouse_damage":0,"lost_in_post":0,"other_logs":0,"out_stock_days":0,"lost_sales":0,"has_location":false,"update_date":"2026-05-05T00:45:39","atum_locations":[],"atum_stock_status":"instock","restock_status":false,"low_stock_amount":"","sales_update_date":"2026-05-05T00:45:39","calc_backorders":null,"_links":{"self":[{"href":"https:\/\/myroyalmarket.com\/fr\/wp-json\/wp\/v2\/product\/17159","targetHints":{"allow":["GET"]}}],"collection":[{"href":"https:\/\/myroyalmarket.com\/fr\/wp-json\/wp\/v2\/product"}],"about":[{"href":"https:\/\/myroyalmarket.com\/fr\/wp-json\/wp\/v2\/types\/product"}],"replies":[{"embeddable":true,"href":"https:\/\/myroyalmarket.com\/fr\/wp-json\/wp\/v2\/comments?post=17159"}],"wp:featuredmedia":[{"embeddable":true,"href":"https:\/\/myroyalmarket.com\/fr\/wp-json\/wp\/v2\/media\/10942"}],"wp:attachment":[{"href":"https:\/\/myroyalmarket.com\/fr\/wp-json\/wp\/v2\/media?parent=17159"}],"wp:term":[{"taxonomy":"product_brand","embeddable":true,"href":"https:\/\/myroyalmarket.com\/fr\/wp-json\/wp\/v2\/product_brand?post=17159"},{"taxonomy":"product_cat","embeddable":true,"href":"https:\/\/myroyalmarket.com\/fr\/wp-json\/wp\/v2\/product_cat?post=17159"},{"taxonomy":"product_tag","embeddable":true,"href":"https:\/\/myroyalmarket.com\/fr\/wp-json\/wp\/v2\/product_tag?post=17159"}],"curies":[{"name":"wp","href":"https:\/\/api.w.org\/{rel}","templated":true}]}}