{"id":17169,"date":"2020-10-28T08:28:50","date_gmt":"2022-03-08T19:02:47","guid":{"rendered":"https:\/\/www.my-damas.com\/product\/risalath-al-ishaq-parfum-perfume-oud-100ml-for-women\/"},"modified":"2025-04-27T11:20:37","modified_gmt":"2025-04-27T03:20:37","slug":"risalath-al-ishaq-parfum-perfume-oud-100ml-for-women","status":"publish","type":"product","link":"https:\/\/myroyalmarket.com\/fr\/produit\/risalath-al-ishaq-parfum-perfume-oud-100ml-for-women\/","title":{"rendered":"Parfum Risalath Al Ishaq (Oud) 100ML pour femme par Ard Al Zafraan"},"content":{"rendered":"<div class=\"wpb-content-wrapper\"><p>[vc_row][vc_column width=\u00a0\u00bb1\/6&Prime;][\/vc_column][vc_column width=\u00a0\u00bb2\/3&Prime;][vc_column_text]Risalat Al Ishaq<em><strong> <\/strong><\/em>Eau de Parfum d&rsquo;Ard Al Zaafaran &#8211; Un parfum fleuri excitant aux notes fra\u00eeches et lumineuses, tr\u00e8s sophistiqu\u00e9 et sensuel.<\/p>\n<p>La note de t\u00eate s&rsquo;ouvre fortement et est fleurie avec du magnolia et de la tub\u00e9reuse. Les pommes rouges, les bois blancs et le bois de santal compl\u00e8tent parfaitement les parfums floraux et donnent de la profondeur et du caract\u00e8re.<\/p>\n<p>Le c\u0153ur apporte de la fra\u00eecheur au parfum avec des concombres et du citron. La violette, le muguet et l&rsquo;ambre adoucissent magnifiquement les notes fra\u00eeches et diffusent une chaleur fleurie.<\/p>\n<p>Dans la base les roses rouges cl\u00f4turent le parfum.<\/p>\n<p>Risalat Al Muadah est un parfum lumineux, positif, plein de vie, id\u00e9al pour les amateurs de parfums floraux.<\/p>\n<p>Accords principaux : fleuri, fruit\u00e9, frais, bois\u00e9, lumineux[\/vc_column_text][vc_single_image image=\u00a0\u00bb11678&Prime; img_size=\u00a0\u00bbfull\u00a0\u00bb][\/vc_column][vc_column width=\u00a0\u00bb1\/6&Prime;][\/vc_column][\/vc_row]<\/p>\n<\/div>","protected":false},"excerpt":{"rendered":"<ul>\n<li>Notes de t\u00eate : magnolia, tub\u00e9reuse, pomme rouge, bois blancs, bois de santal<\/li>\n<li>Notes de coeur : concombre, citron, violette, muguet, ambre<\/li>\n<li>Notes de fond : Roses<\/li>\n<li>Durable<\/li>\n<li>Meilleur produit de vente<\/li>\n<li>Eau De Parfum (EDP)<\/li>\n<li>Capacit\u00e9: 100 ml<\/li>\n<li>Belle bouteille d\u00e9cor\u00e9e<\/li>\n<li>Produit original de l&rsquo;UEA<\/li>\n<\/ul>\n","protected":false},"featured_media":11674,"comment_status":"open","ping_status":"closed","template":"","meta":[],"product_brand":[],"product_cat":[237,235],"product_tag":[],"class_list":{"0":"post-17169","1":"product","2":"type-product","3":"status-publish","4":"has-post-thumbnail","6":"product_cat-oud-for-women-fr","7":"product_cat-oud-prfume-fr","8":"product_shipping_class-1-fr-2","10":"first","11":"outofstock","12":"sale","13":"shipping-taxable","14":"purchasable","15":"product-type-simple"},"supplier_id":null,"supplier_sku":"","barcode":null,"atum_controlled":true,"out_stock_date":"2025-04-27 11:20:39","out_stock_threshold":null,"inheritable":false,"inbound_stock":0,"stock_on_hold":1,"sold_today":0,"sales_last_days":0,"reserved_stock":0,"customer_returns":0,"warehouse_damage":0,"lost_in_post":0,"other_logs":0,"out_stock_days":372,"lost_sales":0,"has_location":false,"update_date":"2026-05-05T00:45:41","atum_locations":[],"atum_stock_status":"outofstock","restock_status":false,"low_stock_amount":"","sales_update_date":"2026-05-05T00:45:41","calc_backorders":null,"_links":{"self":[{"href":"https:\/\/myroyalmarket.com\/fr\/wp-json\/wp\/v2\/product\/17169","targetHints":{"allow":["GET"]}}],"collection":[{"href":"https:\/\/myroyalmarket.com\/fr\/wp-json\/wp\/v2\/product"}],"about":[{"href":"https:\/\/myroyalmarket.com\/fr\/wp-json\/wp\/v2\/types\/product"}],"replies":[{"embeddable":true,"href":"https:\/\/myroyalmarket.com\/fr\/wp-json\/wp\/v2\/comments?post=17169"}],"wp:featuredmedia":[{"embeddable":true,"href":"https:\/\/myroyalmarket.com\/fr\/wp-json\/wp\/v2\/media\/11674"}],"wp:attachment":[{"href":"https:\/\/myroyalmarket.com\/fr\/wp-json\/wp\/v2\/media?parent=17169"}],"wp:term":[{"taxonomy":"product_brand","embeddable":true,"href":"https:\/\/myroyalmarket.com\/fr\/wp-json\/wp\/v2\/product_brand?post=17169"},{"taxonomy":"product_cat","embeddable":true,"href":"https:\/\/myroyalmarket.com\/fr\/wp-json\/wp\/v2\/product_cat?post=17169"},{"taxonomy":"product_tag","embeddable":true,"href":"https:\/\/myroyalmarket.com\/fr\/wp-json\/wp\/v2\/product_tag?post=17169"}],"curies":[{"name":"wp","href":"https:\/\/api.w.org\/{rel}","templated":true}]}}