{"id":17174,"date":"2020-10-28T08:28:50","date_gmt":"2022-03-08T19:11:07","guid":{"rendered":"https:\/\/www.my-damas.com\/product\/blue-for-men-perfume-100ml-for-men\/"},"modified":"2022-08-08T07:26:09","modified_gmt":"2022-08-08T07:26:09","slug":"blue-for-men-perfume-100ml-for-men","status":"publish","type":"product","link":"https:\/\/myroyalmarket.com\/fr\/produit\/blue-for-men-perfume-100ml-for-men\/","title":{"rendered":"Parfum Blue For Men 100ML pour homme de Rasasi"},"content":{"rendered":"<div class=\"wpb-content-wrapper\"><p>[vc_row][vc_column width=\u00a0\u00bb1\/6&Prime;][\/vc_column][vc_column width=\u00a0\u00bb2\/3&Prime;][vc_column_text]<\/p>\n<h1>Le parfum Rasasi Blue for Man 100ml<\/h1>\n<p>Maintenant, il sait qu&rsquo;en regardant l&rsquo;air autour de lui, la vrille de pr\u00e9hension parfum\u00e9e comme un sentiment ne le quitterait pas \u00e0 travers la torsion cassante de la vie d&rsquo;un homme macho&nbsp;; r\u00e9ticent \u00e0 se s\u00e9parer de l&rsquo;odeur fra\u00eeche du melon cahotant, de la mandarine, du concombre, adoucie par le parfum du g\u00e9ranium, du basilic.<\/p>\n<p>L&rsquo;absolu de sauge et enfin l&rsquo;ar\u00f4me d\u00e9licat des bois sensuels musqu\u00e9s qui persiste.[\/vc_column_text][vc_single_image image=\u00a0\u00bb11610&Prime; img_size=\u00a0\u00bbfull\u00a0\u00bb][vc_column_text]<\/p>\n<ul>\n<li>Fabricant: Rasasi<\/li>\n<li>Genre: Homme (Hommes)<\/li>\n<li>Type de parfum : eau de toilette<\/li>\n<\/ul>\n<p>[\/vc_column_text][\/vc_column][vc_column width=\u00a0\u00bb1\/6&Prime;][\/vc_column][\/vc_row]<\/p>\n<\/div>","protected":false},"excerpt":{"rendered":"<ul>\n<li>Notes de t\u00eate : melon cavilling, mandarine, concombre<\/li>\n<li>Notes de coeur : G\u00e9ranium, Basilic<\/li>\n<li>Durable<\/li>\n<li>Meilleur produit de vente<\/li>\n<li>Eau De Parfum (EDP)<\/li>\n<li>Capacit\u00e9: 100 ml<\/li>\n<li>Belle bouteille d\u00e9cor\u00e9e<\/li>\n<li>Produit original de l&rsquo;UEA<\/li>\n<\/ul>\n","protected":false},"featured_media":11602,"comment_status":"open","ping_status":"closed","template":"","meta":[],"product_brand":[],"product_cat":[235,278],"product_tag":[],"class_list":{"0":"post-17174","1":"product","2":"type-product","3":"status-publish","4":"has-post-thumbnail","6":"product_cat-oud-prfume-fr","7":"product_cat-oud-for-men-fr","8":"product_shipping_class-1-fr-2","10":"first","11":"instock","12":"sale","13":"shipping-taxable","14":"purchasable","15":"product-type-simple"},"supplier_id":null,"supplier_sku":"","barcode":null,"atum_controlled":true,"out_stock_date":null,"out_stock_threshold":null,"inheritable":false,"inbound_stock":0,"stock_on_hold":0,"sold_today":0,"sales_last_days":0,"reserved_stock":0,"customer_returns":0,"warehouse_damage":0,"lost_in_post":0,"other_logs":0,"out_stock_days":0,"lost_sales":0,"has_location":false,"update_date":"2026-05-05T00:45:45","atum_locations":[],"atum_stock_status":"instock","restock_status":false,"low_stock_amount":"","sales_update_date":"2026-05-05T00:45:45","calc_backorders":null,"_links":{"self":[{"href":"https:\/\/myroyalmarket.com\/fr\/wp-json\/wp\/v2\/product\/17174","targetHints":{"allow":["GET"]}}],"collection":[{"href":"https:\/\/myroyalmarket.com\/fr\/wp-json\/wp\/v2\/product"}],"about":[{"href":"https:\/\/myroyalmarket.com\/fr\/wp-json\/wp\/v2\/types\/product"}],"replies":[{"embeddable":true,"href":"https:\/\/myroyalmarket.com\/fr\/wp-json\/wp\/v2\/comments?post=17174"}],"wp:featuredmedia":[{"embeddable":true,"href":"https:\/\/myroyalmarket.com\/fr\/wp-json\/wp\/v2\/media\/11602"}],"wp:attachment":[{"href":"https:\/\/myroyalmarket.com\/fr\/wp-json\/wp\/v2\/media?parent=17174"}],"wp:term":[{"taxonomy":"product_brand","embeddable":true,"href":"https:\/\/myroyalmarket.com\/fr\/wp-json\/wp\/v2\/product_brand?post=17174"},{"taxonomy":"product_cat","embeddable":true,"href":"https:\/\/myroyalmarket.com\/fr\/wp-json\/wp\/v2\/product_cat?post=17174"},{"taxonomy":"product_tag","embeddable":true,"href":"https:\/\/myroyalmarket.com\/fr\/wp-json\/wp\/v2\/product_tag?post=17174"}],"curies":[{"name":"wp","href":"https:\/\/api.w.org\/{rel}","templated":true}]}}